{"id":7663,"date":"2020-01-21T18:08:29","date_gmt":"2020-01-21T16:08:29","guid":{"rendered":"https:\/\/beartsy.org\/?page_id=7663"},"modified":"2024-04-09T12:38:20","modified_gmt":"2024-04-09T10:38:20","slug":"edufem","status":"publish","type":"page","link":"https:\/\/beartsy.org\/es\/edufem\/","title":{"rendered":"Edufem &#8211; Educaci\u00f3n superior para prevenir el matrimonio infantil en Achham"},"content":{"rendered":"<p>Este proyecto se basa en la premisa que <strong>por cada a\u00f1o de educaci\u00f3n podemos retrasar 2 a\u00f1os la edad de casamiento de las ni\u00f1as<\/strong> en las zonas rurales del Nepal donde trabajamos. Es un proyecto paralelo al <a href=\"https:\/\/beartsy.org\/es\/rato-baltin-project-chhaupadi-proyecto-cubo-rojo\/\" target=\"_blank\" rel=\"noopener\">Proyecto Rato Baltin<\/a>.<\/p>\n<p>En las zonas donde trabaja <em>be artsy<\/em> con el proyecto Rato Baltin, nos encontramos con muchas ni\u00f1as casadas y con ni\u00f1os a la edad de 13 \/17 a\u00f1os. Hay muchas ni\u00f1as que son casadas antes de terminar la primaria (clases 10) y si no las casan antes, las casan en este momento. Muchas realizan el examen de clase 10 e inmediatamente se casan, muchas, no llegan ni a realizarlo, porque saben que su futuro pasa por casarse e irse a trabajar a casa de los suegros. Algunas de ellas repiten curso muchas veces por qu\u00e9 no pueden ir a la escuela, tienen que trabajar en las tierras de los padres.<\/p>\n<p>&nbsp;<\/p>\n<figure id=\"attachment_7728\" aria-describedby=\"caption-attachment-7728\" style=\"width: 1000px\" class=\"wp-caption alignnone\"><img loading=\"lazy\" decoding=\"async\" class=\"wp-image-7728 size-full\" style=\"font-weight: bold; color: #000000;\" src=\"https:\/\/beartsy.org\/wp-content\/uploads\/2020\/01\/Sunita-Manisha-Nath-Tejana.jpeg\" alt=\"Sunita, Manisha Nath, i Tejana\" width=\"1000\" height=\"563\" srcset=\"https:\/\/beartsy.org\/wp-content\/uploads\/2020\/01\/Sunita-Manisha-Nath-Tejana.jpeg 1000w, https:\/\/beartsy.org\/wp-content\/uploads\/2020\/01\/Sunita-Manisha-Nath-Tejana-300x169.jpeg 300w, https:\/\/beartsy.org\/wp-content\/uploads\/2020\/01\/Sunita-Manisha-Nath-Tejana-768x432.jpeg 768w\" sizes=\"auto, (max-width: 1000px) 100vw, 1000px\" \/><figcaption id=\"caption-attachment-7728\" class=\"wp-caption-text\">Sunita, Manisha Nath, y Tejana.<\/figcaption><\/figure>\n<p>&nbsp;<\/p>\n<p>Ha sido una experiencia muy positiva y esas ni\u00f1as, con padres con problemas de alcoholismo, enfermedad mental, pobreza extrema, que nunca se hab\u00edan planteado poder estudiar, se han apoderado y se est\u00e1n convirtiendo en unas mujeres con mucha energ\u00eda y ganas de hacer cosas, est\u00e1n ganando en autoseguridad y empiezan a querer cambiar el mundo, para hacerlo un lugar un poco m\u00e1s justo para las chicas.<\/p>\n<p>&nbsp;<\/p>\n<div id='gallery-1' class='gallery galleryid-7663 gallery-columns-2 gallery-size-medium'><figure class='gallery-item'>\n\t\t\t<div class='gallery-icon portrait'>\n\t\t\t\t<a href='https:\/\/beartsy.org\/wp-content\/uploads\/2020\/01\/Sangita..jpeg' title=\"\" data-rl_title=\"\" class=\"rl-gallery-link\" data-rl_caption=\"\" data-rel=\"lightbox-gallery-1\"><img loading=\"lazy\" decoding=\"async\" width=\"225\" height=\"300\" src=\"https:\/\/beartsy.org\/wp-content\/uploads\/2020\/01\/Sangita.-225x300.jpeg\" class=\"attachment-medium size-medium\" alt=\"Sangita\" aria-describedby=\"gallery-1-7911\" srcset=\"https:\/\/beartsy.org\/wp-content\/uploads\/2020\/01\/Sangita.-225x300.jpeg 225w, https:\/\/beartsy.org\/wp-content\/uploads\/2020\/01\/Sangita..jpeg 768w\" sizes=\"auto, (max-width: 225px) 100vw, 225px\" \/><\/a>\n\t\t\t<\/div>\n\t\t\t\t<figcaption class='wp-caption-text gallery-caption' id='gallery-1-7911'>\n\t\t\t\tSangita.\n\t\t\t\t<\/figcaption><\/figure><figure class='gallery-item'>\n\t\t\t<div class='gallery-icon landscape'>\n\t\t\t\t<a href='https:\/\/beartsy.org\/wp-content\/uploads\/2020\/01\/Manisha-B.-Tulasi-i-Kamala.jpeg' title=\"\" data-rl_title=\"\" class=\"rl-gallery-link\" data-rl_caption=\"\" data-rel=\"lightbox-gallery-1\"><img loading=\"lazy\" decoding=\"async\" width=\"300\" height=\"225\" src=\"https:\/\/beartsy.org\/wp-content\/uploads\/2020\/01\/Manisha-B.-Tulasi-i-Kamala-300x225.jpeg\" class=\"attachment-medium size-medium\" alt=\"Manisha B. Tulasi i Kamala.\" aria-describedby=\"gallery-1-7908\" srcset=\"https:\/\/beartsy.org\/wp-content\/uploads\/2020\/01\/Manisha-B.-Tulasi-i-Kamala-300x225.jpeg 300w, https:\/\/beartsy.org\/wp-content\/uploads\/2020\/01\/Manisha-B.-Tulasi-i-Kamala-768x576.jpeg 768w, https:\/\/beartsy.org\/wp-content\/uploads\/2020\/01\/Manisha-B.-Tulasi-i-Kamala.jpeg 1024w\" sizes=\"auto, (max-width: 300px) 100vw, 300px\" \/><\/a>\n\t\t\t<\/div>\n\t\t\t\t<figcaption class='wp-caption-text gallery-caption' id='gallery-1-7908'>\n\t\t\t\tManisha B. Tulasi i Kamala.\n\t\t\t\t<\/figcaption><\/figure>\n\t\t<\/div>\n\n<p>No son ni\u00f1as, son adolescentes muy j\u00f3venes y han de aprender la responsabilidad de tener a alguien que les ayude. Su ingl\u00e9s es muy b\u00e1sico y nos cuesta mucho encontrar un profesor de ingl\u00e9s en la zona. Pero estamos intentando que ellas escriban a los padrinos para implicarlas.<\/p>\n<p>&nbsp;<\/p>\n<table cellspacing=\"0\" cellpadding=\"0\">\n<tbody>\n<tr>\n<td colspan=\"6\" valign=\"middle\">\n<p align=\"center\"><span style=\"color: #000000; font-family: Helvetica Neue; font-size: medium;\">Dinero necesario para<span class=\"Apple-converted-space\">\u00a0 <\/span>que cada ni\u00f1a adolescente, pueda hacer clase 11 o 12 en Mangalsen<\/span><\/p>\n<\/td>\n<\/tr>\n<tr>\n<td valign=\"top\"><\/td>\n<td valign=\"top\"><span style=\"color: #000000; font-family: Helvetica Neue; font-size: medium;\">Medida<\/span><\/td>\n<td valign=\"top\"><span style=\"color: #000000; font-family: Helvetica Neue; font-size: medium;\">Cantidad<\/span><\/td>\n<td valign=\"top\"><span style=\"color: #000000; font-family: Helvetica Neue; font-size: medium;\">Precio unidad<\/span><\/td>\n<td valign=\"top\"><span style=\"color: #000000; font-family: Helvetica Neue; font-size: medium;\">Total Anual por ni\u00f1a en Rupees<\/span><\/td>\n<td valign=\"top\"><span style=\"color: #000000; font-family: Helvetica Neue; font-size: medium;\">Total Anual por ni\u00f1a en euros<\/span><\/td>\n<\/tr>\n<tr>\n<td valign=\"top\"><span style=\"color: #000000; font-family: Helvetica Neue; font-size: medium;\">Escuela p\u00fablic<\/span><\/td>\n<td valign=\"top\"><span style=\"color: #000000; font-family: Helvetica Neue; font-size: medium;\">pagos<\/span><\/td>\n<td valign=\"top\">\n<p align=\"right\"><span style=\"color: #000000; font-family: Helvetica Neue; font-size: medium;\">1<\/span><\/p>\n<\/td>\n<td valign=\"top\">\n<p align=\"right\"><span style=\"color: #000000; font-family: Helvetica Neue; font-size: medium;\">8000<\/span><\/p>\n<\/td>\n<td valign=\"top\">\n<p align=\"right\"><span style=\"color: #000000; font-family: Helvetica Neue; font-size: medium;\">8.000,00\u00a0NPR<\/span><\/p>\n<\/td>\n<td valign=\"top\">\n<p align=\"right\"><span style=\"color: #000000; font-family: Helvetica Neue; font-size: medium;\">66,67\u00a0\u20ac<\/span><\/p>\n<\/td>\n<\/tr>\n<tr>\n<td valign=\"top\"><span style=\"color: #000000; font-family: Helvetica Neue; font-size: medium;\">Materiales para la escuela<\/span><\/td>\n<td valign=\"top\"><span style=\"color: #000000; font-family: Helvetica Neue; font-size: medium;\">en total<\/span><\/td>\n<td valign=\"top\">\n<p align=\"right\"><span style=\"color: #000000; font-family: Helvetica Neue; font-size: medium;\">1<\/span><\/p>\n<\/td>\n<td valign=\"top\">\n<p align=\"right\"><span style=\"color: #000000; font-family: Helvetica Neue; font-size: medium;\">2000<\/span><\/p>\n<\/td>\n<td valign=\"top\">\n<p align=\"right\"><span style=\"color: #000000; font-family: Helvetica Neue; font-size: medium;\">2.000,00\u00a0NPR<\/span><\/p>\n<\/td>\n<td valign=\"top\">\n<p align=\"right\"><span style=\"color: #000000; font-family: Helvetica Neue; font-size: medium;\">16,67\u00a0\u20ac<\/span><\/p>\n<\/td>\n<\/tr>\n<tr>\n<td valign=\"top\"><span style=\"color: #000000; font-family: Helvetica Neue; font-size: medium;\">Habitaci\u00f3n compartida con otra chica en Mangalsen <\/span><\/td>\n<td valign=\"top\"><span style=\"color: #000000; font-family: Helvetica Neue; font-size: medium;\">por meses<\/span><\/td>\n<td valign=\"top\">\n<p align=\"right\"><span style=\"color: #000000; font-family: Helvetica Neue; font-size: medium;\">12<\/span><\/p>\n<\/td>\n<td valign=\"top\">\n<p align=\"right\"><span style=\"color: #000000; font-family: Helvetica Neue; font-size: medium;\">1000<\/span><\/p>\n<\/td>\n<td valign=\"top\">\n<p align=\"right\"><span style=\"color: #000000; font-family: Helvetica Neue; font-size: medium;\">12.000,00\u00a0NPR<\/span><\/p>\n<\/td>\n<td valign=\"top\">\n<p align=\"right\"><span style=\"color: #000000; font-family: Helvetica Neue; font-size: medium;\">100,00\u00a0\u20ac<\/span><\/p>\n<\/td>\n<\/tr>\n<tr>\n<td valign=\"top\"><span style=\"color: #000000; font-family: Helvetica Neue; font-size: medium;\">Uniforme<\/span><\/td>\n<td valign=\"top\"><span style=\"color: #000000; font-family: Helvetica Neue; font-size: medium;\">una vez<\/span><\/td>\n<td valign=\"top\">\n<p align=\"right\"><span style=\"color: #000000; font-family: Helvetica Neue; font-size: medium;\">1<\/span><\/p>\n<\/td>\n<td valign=\"top\">\n<p align=\"right\"><span style=\"color: #000000; font-family: Helvetica Neue; font-size: medium;\">2000<\/span><\/p>\n<\/td>\n<td valign=\"top\">\n<p align=\"right\"><span style=\"color: #000000; font-family: Helvetica Neue; font-size: medium;\">2.000,00\u00a0NPR<\/span><\/p>\n<\/td>\n<td valign=\"top\">\n<p align=\"right\"><span style=\"color: #000000; font-family: Helvetica Neue; font-size: medium;\">16,67\u00a0\u20ac<\/span><\/p>\n<\/td>\n<\/tr>\n<tr>\n<td valign=\"top\"><span style=\"color: #000000; font-family: Helvetica Neue; font-size: medium;\">Lentejas<\/span><\/td>\n<td valign=\"top\"><span style=\"color: #000000; font-family: Helvetica Neue; font-size: medium;\">por kilos<\/span><\/td>\n<td valign=\"top\">\n<p align=\"right\"><span style=\"color: #000000; font-family: Helvetica Neue; font-size: medium;\">6<\/span><\/p>\n<\/td>\n<td valign=\"top\">\n<p align=\"right\"><span style=\"color: #000000; font-family: Helvetica Neue; font-size: medium;\">150<\/span><\/p>\n<\/td>\n<td valign=\"top\">\n<p align=\"right\"><span style=\"color: #000000; font-family: Helvetica Neue; font-size: medium;\">900,00\u00a0NPR<\/span><\/p>\n<\/td>\n<td valign=\"top\">\n<p align=\"right\"><span style=\"color: #000000; font-family: Helvetica Neue; font-size: medium;\">7,50\u00a0\u20ac<\/span><\/p>\n<\/td>\n<\/tr>\n<tr>\n<td valign=\"top\"><span style=\"color: #000000; font-family: Helvetica Neue; font-size: medium;\">Arroz<\/span><\/td>\n<td valign=\"top\"><span style=\"color: #000000; font-family: Helvetica Neue; font-size: medium;\">saco de 25 kg<\/span><\/td>\n<td valign=\"top\">\n<p align=\"right\"><span style=\"color: #000000; font-family: Helvetica Neue; font-size: medium;\">2<\/span><\/p>\n<\/td>\n<td valign=\"top\">\n<p align=\"right\"><span style=\"color: #000000; font-family: Helvetica Neue; font-size: medium;\">1650<\/span><\/p>\n<\/td>\n<td valign=\"top\">\n<p align=\"right\"><span style=\"color: #000000; font-family: Helvetica Neue; font-size: medium;\">3.300,00\u00a0NPR<\/span><\/p>\n<\/td>\n<td valign=\"top\">\n<p align=\"right\"><span style=\"color: #000000; font-family: Helvetica Neue; font-size: medium;\">27,50\u00a0\u20ac<\/span><\/p>\n<\/td>\n<\/tr>\n<tr>\n<td valign=\"top\"><span style=\"color: #000000; font-family: Helvetica Neue; font-size: medium;\">Aceite<\/span><\/td>\n<td valign=\"top\"><span style=\"color: #000000; font-family: Helvetica Neue; font-size: medium;\">5 liter oil<\/span><\/td>\n<td valign=\"top\">\n<p align=\"right\"><span style=\"color: #000000; font-family: Helvetica Neue; font-size: medium;\">2<\/span><\/p>\n<\/td>\n<td valign=\"top\">\n<p align=\"right\"><span style=\"color: #000000; font-family: Helvetica Neue; font-size: medium;\">500<\/span><\/p>\n<\/td>\n<td valign=\"top\">\n<p align=\"right\"><span style=\"color: #000000; font-family: Helvetica Neue; font-size: medium;\">1.000,00\u00a0NPR<\/span><\/p>\n<\/td>\n<td valign=\"top\">\n<p align=\"right\"><span style=\"color: #000000; font-family: Helvetica Neue; font-size: medium;\">8,33\u00a0\u20ac<\/span><\/p>\n<\/td>\n<\/tr>\n<tr>\n<td valign=\"top\"><span style=\"color: #000000; font-family: Helvetica Neue; font-size: medium;\">Electricidad<\/span><\/td>\n<td valign=\"top\"><span style=\"color: #000000; font-family: Helvetica Neue; font-size: medium;\">mensual<\/span><\/td>\n<td valign=\"top\">\n<p align=\"right\"><span style=\"color: #000000; font-family: Helvetica Neue; font-size: medium;\">12<\/span><\/p>\n<\/td>\n<td valign=\"top\">\n<p align=\"right\"><span style=\"color: #000000; font-family: Helvetica Neue; font-size: medium;\">250<\/span><\/p>\n<\/td>\n<td valign=\"top\">\n<p align=\"right\"><span style=\"color: #000000; font-family: Helvetica Neue; font-size: medium;\">3.000,00\u00a0NPR<\/span><\/p>\n<\/td>\n<td valign=\"top\">\n<p align=\"right\"><span style=\"color: #000000; font-family: Helvetica Neue; font-size: medium;\">25,00\u00a0\u20ac<\/span><\/p>\n<\/td>\n<\/tr>\n<tr>\n<td valign=\"top\"><span style=\"color: #000000; font-family: Helvetica Neue; font-size: medium;\">Huevos<\/span><\/td>\n<td valign=\"top\"><span style=\"color: #000000; font-family: Helvetica Neue; font-size: medium;\">anuales<\/span><\/td>\n<td valign=\"top\">\n<p align=\"right\"><span style=\"color: #000000; font-family: Helvetica Neue; font-size: medium;\">288<\/span><\/p>\n<\/td>\n<td valign=\"top\">\n<p align=\"right\"><span style=\"color: #000000; font-family: Helvetica Neue; font-size: medium;\">20<\/span><\/p>\n<\/td>\n<td valign=\"top\">\n<p align=\"right\"><span style=\"color: #000000; font-family: Helvetica Neue; font-size: medium;\">5760.00 NPR<br \/>\n<\/span><\/p>\n<\/td>\n<td valign=\"top\">\n<p align=\"right\"><span style=\"color: #000000; font-family: Helvetica Neue; font-size: medium;\">50.00 \u20ac<br \/>\n<\/span><\/p>\n<\/td>\n<\/tr>\n<tr>\n<td valign=\"top\"><span style=\"color: #000000; font-family: Helvetica Neue; font-size: medium;\">Gas<\/span><\/td>\n<td valign=\"top\"><span style=\"color: #000000; font-family: Helvetica Neue; font-size: medium;\">bombonas<\/span><\/td>\n<td valign=\"top\">\n<p align=\"right\"><span style=\"color: #000000; font-family: Helvetica Neue; font-size: medium;\">1<\/span><\/p>\n<\/td>\n<td valign=\"top\">\n<p align=\"right\"><span style=\"color: #000000; font-family: Helvetica Neue; font-size: medium;\">1600<\/span><\/p>\n<\/td>\n<td valign=\"top\">\n<p align=\"right\"><span style=\"color: #000000; font-family: Helvetica Neue; font-size: medium;\">1.600,00\u00a0NPR<\/span><\/p>\n<\/td>\n<td valign=\"top\">\n<p align=\"right\"><span style=\"color: #000000; font-family: Helvetica Neue; font-size: medium;\">13,33\u00a0\u20ac<\/span><\/p>\n<\/td>\n<\/tr>\n<tr>\n<td valign=\"top\"><span style=\"color: #000000; font-family: Helvetica Neue; font-size: medium;\">Asignaci\u00f3n mensual para tel\u00e9fono, productos de higiene y limpieza: <\/span><\/td>\n<td valign=\"top\"><span style=\"color: #000000; font-family: Helvetica Neue; font-size: medium;\">mensual<\/span><\/td>\n<td valign=\"top\">\n<p align=\"right\"><span style=\"color: #000000; font-family: Helvetica Neue; font-size: medium;\">12<\/span><\/p>\n<\/td>\n<td valign=\"top\">\n<p align=\"right\"><span style=\"color: #000000; font-family: Helvetica Neue; font-size: medium;\">3000<\/span><\/p>\n<\/td>\n<td valign=\"top\">\n<p align=\"right\"><span style=\"color: #000000; font-family: Helvetica Neue; font-size: medium;\">36.000,00\u00a0NPR<\/span><\/p>\n<\/td>\n<td valign=\"top\">\n<p align=\"right\"><span style=\"color: #000000; font-family: Helvetica Neue; font-size: medium;\">300,00\u00a0\u20ac<\/span><\/p>\n<\/td>\n<\/tr>\n<tr>\n<td valign=\"top\"><span style=\"color: #000000; font-family: Helvetica Neue; font-size: medium;\">Clases de ingl\u00e9s<\/span><\/td>\n<td valign=\"top\"><span style=\"color: #000000; font-family: Helvetica Neue; font-size: medium;\">trimestral<\/span><\/td>\n<td valign=\"top\">\n<p align=\"right\"><span style=\"color: #000000; font-family: Helvetica Neue; font-size: medium;\">2<\/span><\/p>\n<\/td>\n<td valign=\"top\">\n<p align=\"right\"><span style=\"color: #000000; font-family: Helvetica Neue; font-size: medium;\">5000<\/span><\/p>\n<\/td>\n<td valign=\"top\">\n<p align=\"right\"><span style=\"color: #000000; font-family: Helvetica Neue; font-size: medium;\">10.000,00\u00a0NPR<\/span><\/p>\n<\/td>\n<td valign=\"top\">\n<p align=\"right\"><span style=\"color: #000000; font-family: Helvetica Neue; font-size: medium;\">83,33\u00a0\u20ac<\/span><\/p>\n<\/td>\n<\/tr>\n<tr>\n<td valign=\"top\"><\/td>\n<td valign=\"top\"><\/td>\n<td valign=\"top\"><\/td>\n<td valign=\"top\"><\/td>\n<td valign=\"top\"><\/td>\n<td valign=\"top\"><\/td>\n<\/tr>\n<tr>\n<td valign=\"top\"><\/td>\n<td valign=\"top\"><\/td>\n<td valign=\"top\"><\/td>\n<td valign=\"top\"><\/td>\n<td valign=\"top\">\n<p align=\"right\"><span style=\"color: #000000; font-family: Helvetica Neue; font-size: medium;\">85,560.00 NPR<br \/>\n<\/span><\/p>\n<\/td>\n<td valign=\"top\">\n<p align=\"right\"><span style=\"color: #000000; font-family: Helvetica Neue; font-size: medium;\">715.00 \u20ac<br \/>\n<\/span><\/p>\n<\/td>\n<\/tr>\n<tr>\n<td valign=\"top\"><\/td>\n<td valign=\"top\"><\/td>\n<td valign=\"top\"><\/td>\n<td valign=\"top\"><\/td>\n<td valign=\"top\"><span style=\"color: #000000; font-family: Helvetica Neue; font-size: medium;\">Rupias Nepal\u00edes<\/span><\/td>\n<td valign=\"top\"><span style=\"color: #000000; font-family: Helvetica Neue; font-size: medium;\">Euros<\/span><\/td>\n<\/tr>\n<\/tbody>\n<\/table>\n<table width=\"0\">\n<tbody>\n<tr>\n<td colspan=\"4\"><strong>Budget for University &#8211; 1 girl<\/strong><\/td>\n<td><\/td>\n<td><strong>Rs125.00<\/strong><\/td>\n<\/tr>\n<tr>\n<td><strong>Item<\/strong><\/td>\n<td><strong>Quantity<\/strong><\/td>\n<td><strong>Unit<\/strong><\/td>\n<td><strong>Price per unit price<\/strong><\/td>\n<td><strong>Total annual cost per girl in NRP<\/strong><\/td>\n<td><strong>Price in Euro<\/strong><\/td>\n<\/tr>\n<tr>\n<td>Public school fees<\/td>\n<td>Yearly<\/td>\n<td>1<\/td>\n<td>14,500<\/td>\n<td>Rs14,500.00<\/td>\n<td>\u20ac116.00<\/td>\n<\/tr>\n<tr>\n<td>School materials<\/td>\n<td>Yearly<\/td>\n<td>1<\/td>\n<td>13,100<\/td>\n<td>Rs13,100.00<\/td>\n<td>\u20ac104.80<\/td>\n<\/tr>\n<tr>\n<td>Flatt Shared with other girls in Mangalsen (15,000 monthly)<\/td>\n<td>montly<\/td>\n<td>12<\/td>\n<td>4,000<\/td>\n<td>Rs48,000.00<\/td>\n<td>\u20ac384.00<\/td>\n<\/tr>\n<tr>\n<td>Lentils<\/td>\n<td>kg<\/td>\n<td>30<\/td>\n<td>250<\/td>\n<td>Rs7,500.00<\/td>\n<td>\u20ac60.00<\/td>\n<\/tr>\n<tr>\n<td>Rice<\/td>\n<td>25kg<\/td>\n<td>4<\/td>\n<td>2,000<\/td>\n<td>Rs8,000.00<\/td>\n<td>\u20ac64.00<\/td>\n<\/tr>\n<tr>\n<td>Vegetables<\/td>\n<td>Montly<\/td>\n<td>11<\/td>\n<td>3000<\/td>\n<td>Rs33,000.00<\/td>\n<td>\u20ac264.00<\/td>\n<\/tr>\n<tr>\n<td>Oil<\/td>\n<td>Litres<\/td>\n<td>10<\/td>\n<td>300<\/td>\n<td>Rs3,000.00<\/td>\n<td>\u20ac24.00<\/td>\n<\/tr>\n<tr>\n<td>Electricity<\/td>\n<td>Monthly<\/td>\n<td>12<\/td>\n<td>250<\/td>\n<td>Rs3,000.00<\/td>\n<td>\u20ac24.00<\/td>\n<\/tr>\n<tr>\n<td>Eggs<\/td>\n<td>per piece<\/td>\n<td>288<\/td>\n<td>25<\/td>\n<td>Rs7,200.00<\/td>\n<td>\u20ac57.60<\/td>\n<\/tr>\n<tr>\n<td>Gas<\/td>\n<td>Cylinder<\/td>\n<td>2<\/td>\n<td>2,150<\/td>\n<td>Rs4,300.00<\/td>\n<td>\u20ac34.40<\/td>\n<\/tr>\n<tr>\n<td>English classes<\/td>\n<td>Monthly<\/td>\n<td>10<\/td>\n<td>3000<\/td>\n<td>Rs30,000.00<\/td>\n<td>\u20ac240.00<\/td>\n<\/tr>\n<tr>\n<td><\/td>\n<td><\/td>\n<td><\/td>\n<td><strong>Total<\/strong><\/td>\n<td><strong>Rs171,600.00<\/strong><\/td>\n<td><strong>1,372.80\u20ac<\/strong><\/td>\n<\/tr>\n<\/tbody>\n<\/table>\n<p>&nbsp;<\/p>\n<p><strong>Por un <span style=\"color: #ff0000;\">2 \u20ac al d\u00eda<\/span>, \u00a1cambias el futuro de una ni\u00f1a y evitas que la casen con 16 a\u00f1os!<br \/>\nHay diferentes maneras para ayudarlas:<br \/>\n<a href=\"https:\/\/www.teaming.net\/edufem\" target=\"_blank\" rel=\"noopener\">Grupo de Teaming<\/a>: <span style=\"color: #ff0000;\">1 euro al mes<\/span> &#8211; hazte del grupo y consigue amigos que te ayuden a apadrinarla!<br \/>\nDonaci\u00f3n regular a\u00a0<a href=\"https:\/\/donorbox.org\/edufem\" target=\"_blank\" rel=\"noopener\">https:\/\/donorbox.org\/edufem<\/a><br \/>\nAs\u00f3ciate:\u00a0<a href=\"https:\/\/beartsy.org\/associate\/\" target=\"_blank\" rel=\"noopener\">https:\/\/beartsy.org\/associate\/<\/a><\/strong><\/p>\n<p>&#x1f642; Gracias!<\/p>\n<p>&nbsp;<\/p>\n<blockquote>\n<h3 class=\"entry-title\">Forma parte del cambio:<br \/>\nPEQUE\u00d1AS ACCIONES PUEDEN PRODUCIR GRANDES\u00a0CAMBIOS<\/h3>\n<\/blockquote>\n<p>&nbsp;<\/p>\n<p><strong>\u00a0<\/strong><\/p>\n","protected":false},"excerpt":{"rendered":"<p>Este proyecto se basa en la premisa que por cada a\u00f1o de educaci\u00f3n podemos retrasar 2 a\u00f1os la edad de casamiento de las ni\u00f1as en las zonas rurales del Nepal donde trabajamos. Es un proyecto paralelo al Proyecto Rato Baltin. En las zonas donde trabaja be artsy con el proyecto Rato Baltin, nos encontramos con [&hellip;]<\/p>\n","protected":false},"author":7,"featured_media":7728,"parent":0,"menu_order":0,"comment_status":"closed","ping_status":"closed","template":"","meta":{"footnotes":""},"class_list":["post-7663","page","type-page","status-publish","has-post-thumbnail","hentry"],"_links":{"self":[{"href":"https:\/\/beartsy.org\/es\/wp-json\/wp\/v2\/pages\/7663","targetHints":{"allow":["GET"]}}],"collection":[{"href":"https:\/\/beartsy.org\/es\/wp-json\/wp\/v2\/pages"}],"about":[{"href":"https:\/\/beartsy.org\/es\/wp-json\/wp\/v2\/types\/page"}],"author":[{"embeddable":true,"href":"https:\/\/beartsy.org\/es\/wp-json\/wp\/v2\/users\/7"}],"replies":[{"embeddable":true,"href":"https:\/\/beartsy.org\/es\/wp-json\/wp\/v2\/comments?post=7663"}],"version-history":[{"count":0,"href":"https:\/\/beartsy.org\/es\/wp-json\/wp\/v2\/pages\/7663\/revisions"}],"wp:featuredmedia":[{"embeddable":true,"href":"https:\/\/beartsy.org\/es\/wp-json\/wp\/v2\/media\/7728"}],"wp:attachment":[{"href":"https:\/\/beartsy.org\/es\/wp-json\/wp\/v2\/media?parent=7663"}],"curies":[{"name":"wp","href":"https:\/\/api.w.org\/{rel}","templated":true}]}}