{"id":7137,"date":"2019-10-09T11:35:45","date_gmt":"2019-10-09T09:35:45","guid":{"rendered":"https:\/\/beartsy.org\/?page_id=7137"},"modified":"2025-01-20T18:15:38","modified_gmt":"2025-01-20T16:15:38","slug":"asociate","status":"publish","type":"page","link":"https:\/\/beartsy.org\/es\/asociate\/","title":{"rendered":"\u00a1As\u00f3ciate ahora!"},"content":{"rendered":"<p><img loading=\"lazy\" decoding=\"async\" class=\"alignright wp-image-7414 size-medium\" src=\"https:\/\/beartsy.org\/wp-content\/uploads\/2019\/12\/Be_artsy_es-300x300.jpg\" alt=\"as\u00f3ciate ahora - te necesitamos\" width=\"300\" height=\"300\" align=\"top\" srcset=\"https:\/\/beartsy.org\/wp-content\/uploads\/2019\/12\/Be_artsy_es-300x300.jpg 300w, https:\/\/beartsy.org\/wp-content\/uploads\/2019\/12\/Be_artsy_es-150x150.jpg 150w, https:\/\/beartsy.org\/wp-content\/uploads\/2019\/12\/Be_artsy_es-768x768.jpg 768w, https:\/\/beartsy.org\/wp-content\/uploads\/2019\/12\/Be_artsy_es-1024x1024.jpg 1024w, https:\/\/beartsy.org\/wp-content\/uploads\/2019\/12\/Be_artsy_es-75x75.jpg 75w, https:\/\/beartsy.org\/wp-content\/uploads\/2019\/12\/Be_artsy_es.jpg 1200w\" sizes=\"auto, (max-width: 300px) 100vw, 300px\" \/><\/p>\n<p><strong> be artsy es una ONGD y est\u00e1 declarada de utilidad p\u00fablica<\/strong>, las aportaciones de las personas asociadas <strong> se podr\u00e1n desgravar de la declaraci\u00f3n de la renta.<\/strong>\u00a0<br \/><strong>\u00a1Hasta el 80% de los primeros 250 euros!<\/strong><br \/>Nosotros nos encargaremos de presentar el modelo 182 para que as\u00ed sea, pero es muy importante que tengamos bien tus datos. Utilizamos un sofware llamado <strong>GoCardless <\/strong>\u00a0para enviar los pagos a tu Banco (SEPA)<\/p>\n<p>Cuando apoyas con tu dinero, <strong>contribuyes a mejorar la vida de muchas personas<\/strong> y por ello tambi\u00e9n tiene un valor para ti.<\/p>\n<p>La solidaridad te hace crecer como ser humano, ampl\u00eda tu inteligencia emocional, mejora tu estado de \u00e1nimo e incluso la salud. &#x1f49b;<\/p>\n\n<style id=\"wpforms-css-vars-38142-block-8487a9bd-885f-4239-9ae9-35f2c49fe9f9\">\n\t\t\t\t#wpforms-38142.wpforms-block-8487a9bd-885f-4239-9ae9-35f2c49fe9f9 {\n\t\t\t\t--wpforms-label-color: #262626;\n--wpforms-label-sublabel-color: #7f7f7f;\n--wpforms-label-error-color: #ff0000;\n--wpforms-page-break-color: #dddddd;\n--wpforms-field-border-radius: 0px;\n--wpforms-field-border-color: #cccccc;\n--wpforms-field-border-color-spare: #cccccc;\n--wpforms-field-text-color: #444444;\n--wpforms-button-border-style: solid;\n--wpforms-button-border-radius: 0px;\n--wpforms-button-background-color: #dddddd;\n--wpforms-button-text-color: #666666;\n--wpforms-button-border-color: #cccccc;\n--wpforms-field-size-input-height: 43px;\n--wpforms-field-size-input-spacing: 15px;\n--wpforms-field-size-font-size: 16px;\n--wpforms-field-size-line-height: 19px;\n--wpforms-field-size-padding-h: 14px;\n--wpforms-field-size-checkbox-size: 16px;\n--wpforms-field-size-sublabel-spacing: 5px;\n--wpforms-field-size-icon-size: 1;\n--wpforms-label-size-font-size: 14px;\n--wpforms-label-size-line-height: 17px;\n--wpforms-label-size-sublabel-font-size: 13px;\n--wpforms-label-size-sublabel-line-height: 16px;\n--wpforms-button-size-font-size: 17px;\n--wpforms-button-size-height: 41px;\n--wpforms-button-size-padding-h: 15px;\n--wpforms-button-size-margin-top: 10px;\n\t\t\t}\n\t\t\t<\/style><div class=\"wpforms-container wpforms-container-full wpforms-block wpforms-block-8487a9bd-885f-4239-9ae9-35f2c49fe9f9 wpforms-render-modern\" id=\"wpforms-38142\"><form id=\"wpforms-form-38142\" class=\"wpforms-validate wpforms-form\" data-formid=\"38142\" method=\"post\" enctype=\"multipart\/form-data\" action=\"\/es\/wp-json\/wp\/v2\/pages\/7137\" data-token=\"6723134a4563324511dd2bbad82d2aa8\" data-token-time=\"1777437150\"><noscript class=\"wpforms-error-noscript\">Por favor, activa JavaScript en tu navegador para completar este formulario.<\/noscript><div id=\"wpforms-error-noscript\" style=\"display: none;\">Por favor, activa JavaScript en tu navegador para completar este formulario.<\/div><div class=\"wpforms-field-container\"><div id=\"wpforms-38142-field_0-container\" class=\"wpforms-field wpforms-field-name\" data-field-id=\"0\"><fieldset><legend class=\"wpforms-field-label\">Nombre <span class=\"wpforms-required-label\" aria-hidden=\"true\">*<\/span><\/legend><div class=\"wpforms-field-row wpforms-field-medium\"><div class=\"wpforms-field-row-block wpforms-first wpforms-one-half\"><input type=\"text\" id=\"wpforms-38142-field_0\" class=\"wpforms-field-name-first wpforms-field-required\" name=\"wpforms[fields][0][first]\" aria-errormessage=\"wpforms-38142-field_0-error\" required><label for=\"wpforms-38142-field_0\" class=\"wpforms-field-sublabel after\">Nombre<\/label><\/div><div class=\"wpforms-field-row-block wpforms-one-half\"><input type=\"text\" id=\"wpforms-38142-field_0-last\" class=\"wpforms-field-name-last wpforms-field-required\" name=\"wpforms[fields][0][last]\" aria-errormessage=\"wpforms-38142-field_0-last-error\" required><label for=\"wpforms-38142-field_0-last\" class=\"wpforms-field-sublabel after\">Apellidos<\/label><\/div><\/div><\/fieldset><\/div><div id=\"wpforms-38142-field_1-container\" class=\"wpforms-field wpforms-field-email\" data-field-id=\"1\"><label class=\"wpforms-field-label\" for=\"wpforms-38142-field_1\">Email <span class=\"wpforms-required-label\" aria-hidden=\"true\">*<\/span><\/label><input type=\"email\" id=\"wpforms-38142-field_1\" class=\"wpforms-field-medium wpforms-field-required\" name=\"wpforms[fields][1]\" spellcheck=\"false\" aria-errormessage=\"wpforms-38142-field_1-error\" required><\/div><div id=\"wpforms-38142-field_6-container\" class=\"wpforms-field wpforms-field-text\" data-field-id=\"6\"><label class=\"wpforms-field-label\" for=\"wpforms-38142-field_6\">DNI o NIE (obligatorio) <span class=\"wpforms-required-label\" aria-hidden=\"true\">*<\/span><\/label><input type=\"text\" id=\"wpforms-38142-field_6\" class=\"wpforms-field-medium wpforms-field-required\" name=\"wpforms[fields][6]\" aria-errormessage=\"wpforms-38142-field_6-error\" required><\/div><div id=\"wpforms-38142-field_7-container\" class=\"wpforms-field wpforms-field-text\" data-field-id=\"7\"><label class=\"wpforms-field-label\" for=\"wpforms-38142-field_7\">IBAN (obligatorio) <span class=\"wpforms-required-label\" aria-hidden=\"true\">*<\/span><\/label><input type=\"text\" id=\"wpforms-38142-field_7\" class=\"wpforms-field-medium wpforms-field-required\" name=\"wpforms[fields][7]\" aria-errormessage=\"wpforms-38142-field_7-error\" required><\/div><div id=\"wpforms-38142-field_19-container\" class=\"wpforms-field wpforms-field-text\" data-field-id=\"19\"><label class=\"wpforms-field-label\" for=\"wpforms-38142-field_19\"> BIC (necesario si no eres del estado espa\u00f1ol)<\/label><input type=\"text\" id=\"wpforms-38142-field_19\" class=\"wpforms-field-medium\" name=\"wpforms[fields][19]\" aria-errormessage=\"wpforms-38142-field_19-error\" ><\/div><div id=\"wpforms-38142-field_15-container\" class=\"wpforms-field wpforms-field-checkbox wpforms-list-2-columns\" data-field-id=\"15\"><fieldset><legend class=\"wpforms-field-label\">Donaci\u00f3n mensual en EUROS (si prefieres pagar en tu moneda, utilizaremos el conversor de divisas de Google).<\/legend><ul id=\"wpforms-38142-field_15\"><li class=\"choice-1 depth-1\"><input type=\"checkbox\" id=\"wpforms-38142-field_15_1\" name=\"wpforms[fields][15][]\" value=\"10\" aria-errormessage=\"wpforms-38142-field_15_1-error\"  ><label class=\"wpforms-field-label-inline\" for=\"wpforms-38142-field_15_1\">10<\/label><\/li><li class=\"choice-3 depth-1\"><input type=\"checkbox\" id=\"wpforms-38142-field_15_3\" name=\"wpforms[fields][15][]\" value=\"30\" aria-errormessage=\"wpforms-38142-field_15_3-error\"  ><label class=\"wpforms-field-label-inline\" for=\"wpforms-38142-field_15_3\">30<\/label><\/li><li class=\"choice-4 depth-1\"><input type=\"checkbox\" id=\"wpforms-38142-field_15_4\" name=\"wpforms[fields][15][]\" value=\"50\" aria-errormessage=\"wpforms-38142-field_15_4-error\"  ><label class=\"wpforms-field-label-inline\" for=\"wpforms-38142-field_15_4\">50<\/label><\/li><li class=\"choice-5 depth-1\"><input type=\"checkbox\" id=\"wpforms-38142-field_15_5\" name=\"wpforms[fields][15][]\" value=\"100\" aria-errormessage=\"wpforms-38142-field_15_5-error\"  ><label class=\"wpforms-field-label-inline\" for=\"wpforms-38142-field_15_5\">100<\/label><\/li><li class=\"choice-6 depth-1\"><input type=\"checkbox\" id=\"wpforms-38142-field_15_6\" name=\"wpforms[fields][15][]\" value=\"200\" aria-errormessage=\"wpforms-38142-field_15_6-error\"  ><label class=\"wpforms-field-label-inline\" for=\"wpforms-38142-field_15_6\">200<\/label><\/li><li class=\"choice-2 depth-1\"><input type=\"checkbox\" id=\"wpforms-38142-field_15_2\" name=\"wpforms[fields][15][]\" value=\"500\" aria-errormessage=\"wpforms-38142-field_15_2-error\"  ><label class=\"wpforms-field-label-inline\" for=\"wpforms-38142-field_15_2\">500<\/label><\/li><\/ul><\/fieldset><\/div><div id=\"wpforms-38142-field_8-container\" class=\"wpforms-field wpforms-field-checkbox wpforms-list-2-columns\" data-field-id=\"8\"><fieldset><legend class=\"wpforms-field-label\">Donaci\u00f3n anual en EUROS (si prefieres pagar en tu moneda, utilizaremos el conversor de divisas de Google).<\/legend><ul id=\"wpforms-38142-field_8\"><li class=\"choice-1 depth-1\"><input type=\"checkbox\" id=\"wpforms-38142-field_8_1\" name=\"wpforms[fields][8][]\" value=\"70\" aria-errormessage=\"wpforms-38142-field_8_1-error\"  ><label class=\"wpforms-field-label-inline\" for=\"wpforms-38142-field_8_1\">70<\/label><\/li><li class=\"choice-2 depth-1\"><input type=\"checkbox\" id=\"wpforms-38142-field_8_2\" name=\"wpforms[fields][8][]\" value=\"120\" aria-errormessage=\"wpforms-38142-field_8_2-error\"  ><label class=\"wpforms-field-label-inline\" for=\"wpforms-38142-field_8_2\">120<\/label><\/li><li class=\"choice-3 depth-1\"><input type=\"checkbox\" id=\"wpforms-38142-field_8_3\" name=\"wpforms[fields][8][]\" value=\"250\" aria-errormessage=\"wpforms-38142-field_8_3-error\"  ><label class=\"wpforms-field-label-inline\" for=\"wpforms-38142-field_8_3\">250<\/label><\/li><li class=\"choice-4 depth-1\"><input type=\"checkbox\" id=\"wpforms-38142-field_8_4\" name=\"wpforms[fields][8][]\" value=\"500\" aria-errormessage=\"wpforms-38142-field_8_4-error\"  ><label class=\"wpforms-field-label-inline\" for=\"wpforms-38142-field_8_4\">500<\/label><\/li><li class=\"choice-5 depth-1\"><input type=\"checkbox\" id=\"wpforms-38142-field_8_5\" name=\"wpforms[fields][8][]\" value=\"1000\" aria-errormessage=\"wpforms-38142-field_8_5-error\"  ><label class=\"wpforms-field-label-inline\" for=\"wpforms-38142-field_8_5\">1000<\/label><\/li><li class=\"choice-6 depth-1\"><input type=\"checkbox\" id=\"wpforms-38142-field_8_6\" name=\"wpforms[fields][8][]\" value=\"2000\" aria-errormessage=\"wpforms-38142-field_8_6-error\"  ><label class=\"wpforms-field-label-inline\" for=\"wpforms-38142-field_8_6\">2000<\/label><\/li><\/ul><\/fieldset><\/div><div id=\"wpforms-38142-field_17-container\" class=\"wpforms-field wpforms-field-checkbox wpforms-list-3-columns\" data-field-id=\"17\"><fieldset><legend class=\"wpforms-field-label\">Si no es en euros, \u00bfqu\u00e9 moneda deseas utilizar?<\/legend><ul id=\"wpforms-38142-field_17\"><li class=\"choice-1 depth-1\"><input type=\"checkbox\" id=\"wpforms-38142-field_17_1\" name=\"wpforms[fields][17][]\" value=\"AUD\" aria-errormessage=\"wpforms-38142-field_17_1-error\"  ><label class=\"wpforms-field-label-inline\" for=\"wpforms-38142-field_17_1\">AUD<\/label><\/li><li class=\"choice-2 depth-1\"><input type=\"checkbox\" id=\"wpforms-38142-field_17_2\" name=\"wpforms[fields][17][]\" value=\"GBP\" aria-errormessage=\"wpforms-38142-field_17_2-error\"  ><label class=\"wpforms-field-label-inline\" for=\"wpforms-38142-field_17_2\">GBP<\/label><\/li><li class=\"choice-3 depth-1\"><input type=\"checkbox\" id=\"wpforms-38142-field_17_3\" name=\"wpforms[fields][17][]\" value=\"CAD\" aria-errormessage=\"wpforms-38142-field_17_3-error\"  ><label class=\"wpforms-field-label-inline\" for=\"wpforms-38142-field_17_3\">CAD<\/label><\/li><li class=\"choice-4 depth-1\"><input type=\"checkbox\" id=\"wpforms-38142-field_17_4\" name=\"wpforms[fields][17][]\" value=\"HKD\" aria-errormessage=\"wpforms-38142-field_17_4-error\"  ><label class=\"wpforms-field-label-inline\" for=\"wpforms-38142-field_17_4\">HKD<\/label><\/li><li class=\"choice-5 depth-1\"><input type=\"checkbox\" id=\"wpforms-38142-field_17_5\" name=\"wpforms[fields][17][]\" value=\"JPY\" aria-errormessage=\"wpforms-38142-field_17_5-error\"  ><label class=\"wpforms-field-label-inline\" for=\"wpforms-38142-field_17_5\">JPY<\/label><\/li><li class=\"choice-6 depth-1\"><input type=\"checkbox\" id=\"wpforms-38142-field_17_6\" name=\"wpforms[fields][17][]\" value=\"NZD\" aria-errormessage=\"wpforms-38142-field_17_6-error\"  ><label class=\"wpforms-field-label-inline\" for=\"wpforms-38142-field_17_6\">NZD<\/label><\/li><li class=\"choice-7 depth-1\"><input type=\"checkbox\" id=\"wpforms-38142-field_17_7\" name=\"wpforms[fields][17][]\" value=\"NOK\" aria-errormessage=\"wpforms-38142-field_17_7-error\"  ><label class=\"wpforms-field-label-inline\" for=\"wpforms-38142-field_17_7\">NOK<\/label><\/li><li class=\"choice-8 depth-1\"><input type=\"checkbox\" id=\"wpforms-38142-field_17_8\" name=\"wpforms[fields][17][]\" value=\"SGD\" aria-errormessage=\"wpforms-38142-field_17_8-error\"  ><label class=\"wpforms-field-label-inline\" for=\"wpforms-38142-field_17_8\">SGD<\/label><\/li><li class=\"choice-9 depth-1\"><input type=\"checkbox\" id=\"wpforms-38142-field_17_9\" name=\"wpforms[fields][17][]\" value=\"CHF\" aria-errormessage=\"wpforms-38142-field_17_9-error\"  ><label class=\"wpforms-field-label-inline\" for=\"wpforms-38142-field_17_9\">CHF<\/label><\/li><li class=\"choice-10 depth-1\"><input type=\"checkbox\" id=\"wpforms-38142-field_17_10\" name=\"wpforms[fields][17][]\" value=\"USD\" aria-errormessage=\"wpforms-38142-field_17_10-error\"  ><label class=\"wpforms-field-label-inline\" for=\"wpforms-38142-field_17_10\">USD<\/label><\/li><li class=\"choice-11 depth-1\"><input type=\"checkbox\" id=\"wpforms-38142-field_17_11\" name=\"wpforms[fields][17][]\" value=\"Other (please explain below)\" aria-errormessage=\"wpforms-38142-field_17_11-error\"  ><label class=\"wpforms-field-label-inline\" for=\"wpforms-38142-field_17_11\">Other (please explain below)<\/label><\/li><\/ul><\/fieldset><\/div><div id=\"wpforms-38142-field_4-container\" class=\"wpforms-field wpforms-field-textarea\" data-field-id=\"4\"><label class=\"wpforms-field-label\" for=\"wpforms-38142-field_4\">Direcci\u00f3n postal completa (obligatoria, es posible que te enviemos un regalo). <span class=\"wpforms-required-label\" aria-hidden=\"true\">*<\/span><\/label><textarea id=\"wpforms-38142-field_4\" class=\"wpforms-field-medium wpforms-field-required\" name=\"wpforms[fields][4]\" aria-errormessage=\"wpforms-38142-field_4-error\" required><\/textarea><\/div><div id=\"wpforms-38142-field_11-container\" class=\"wpforms-field wpforms-field-text\" data-field-id=\"11\"><label class=\"wpforms-field-label\" for=\"wpforms-38142-field_11\">C\u00f3digo postal (obligatorio) <span class=\"wpforms-required-label\" aria-hidden=\"true\">*<\/span><\/label><input type=\"text\" id=\"wpforms-38142-field_11\" class=\"wpforms-field-medium wpforms-field-required\" name=\"wpforms[fields][11]\" aria-errormessage=\"wpforms-38142-field_11-error\" required><\/div><div id=\"wpforms-38142-field_18-container\" class=\"wpforms-field wpforms-field-text\" data-field-id=\"18\"><label class=\"wpforms-field-label\" for=\"wpforms-38142-field_18\">algo que necesitemos saber?<\/label><input type=\"text\" id=\"wpforms-38142-field_18\" class=\"wpforms-field-medium\" name=\"wpforms[fields][18]\" aria-errormessage=\"wpforms-38142-field_18-error\" ><\/div>\t\t<div id=\"wpforms-38142-field_2-container\"\n\t\t\tclass=\"wpforms-field wpforms-field-text\"\n\t\t\tdata-field-type=\"text\"\n\t\t\tdata-field-id=\"2\"\n\t\t\t>\n\t\t\t<label class=\"wpforms-field-label\" for=\"wpforms-38142-field_2\" >telefono conversor Google).<\/label>\n\t\t\t<input type=\"text\" id=\"wpforms-38142-field_2\" class=\"wpforms-field-medium\" name=\"wpforms[fields][2]\" >\n\t\t<\/div>\n\t\t<div id=\"wpforms-38142-field_12-container\" class=\"wpforms-field wpforms-field-text\" data-field-id=\"12\"><label class=\"wpforms-field-label\" for=\"wpforms-38142-field_12\">Pa\u00eds (obligatorio) <span class=\"wpforms-required-label\" aria-hidden=\"true\">*<\/span><\/label><input type=\"text\" id=\"wpforms-38142-field_12\" class=\"wpforms-field-medium wpforms-field-required\" name=\"wpforms[fields][12]\" aria-errormessage=\"wpforms-38142-field_12-error\" required><\/div><div id=\"wpforms-38142-field_16-container\" class=\"wpforms-field wpforms-field-text\" data-field-id=\"16\"><label class=\"wpforms-field-label\" for=\"wpforms-38142-field_16\">N\u00famero de telefono (Incluye el prefijo internacional)<\/label><input type=\"text\" id=\"wpforms-38142-field_16\" class=\"wpforms-field-medium\" name=\"wpforms[fields][16]\" aria-errormessage=\"wpforms-38142-field_16-error\" ><\/div><script>\n\t\t\t\t( function() {\n\t\t\t\t\tconst style = document.createElement( 'style' );\n\t\t\t\t\tstyle.appendChild( document.createTextNode( '#wpforms-38142-field_2-container { position: absolute !important; overflow: hidden !important; display: inline !important; height: 1px !important; width: 1px !important; z-index: -1000 !important; padding: 0 !important; } #wpforms-38142-field_2-container input { visibility: hidden; } #wpforms-conversational-form-page #wpforms-38142-field_2-container label { counter-increment: none; }' ) );\n\t\t\t\t\tdocument.head.appendChild( style );\n\t\t\t\t\tdocument.currentScript?.remove();\n\t\t\t\t} )();\n\t\t\t<\/script><\/div><!-- .wpforms-field-container --><div class=\"wpforms-submit-container\" ><input type=\"hidden\" name=\"wpforms[id]\" value=\"38142\"><input type=\"hidden\" name=\"page_title\" value=\"\"><input type=\"hidden\" name=\"page_url\" value=\"https:\/\/beartsy.org\/es\/wp-json\/wp\/v2\/pages\/7137\"><input type=\"hidden\" name=\"url_referer\" value=\"\"><button type=\"submit\" name=\"wpforms[submit]\" id=\"wpforms-submit-38142\" class=\"wpforms-submit\" data-alt-text=\"Enviando...\" data-submit-text=\"Enviar\" aria-live=\"assertive\" value=\"wpforms-submit\">Enviar<\/button><\/div><\/form><\/div>  <!-- .wpforms-container -->\n\n<\/p>\n<p><strong>Convertirse en asociado te da el derecho de participar en la asamblea anual, si quieres, y a tener un papel activo en la ONGD, si as\u00ed lo deseas.\u00a0<br \/><\/strong><\/p>\n<p>\u00a1Gracias!<\/p>\n<h5 class=\"entry-title single-title\"><a title=\"Protecci\u00f3n de Datos\" href=\"https:\/\/beartsy.org\/es\/proteccion-de-datos\/\">PROTECCI\u00d3N DE DATOS<\/a><\/h5>","protected":false},"excerpt":{"rendered":"<p>be artsy es una ONGD y est\u00e1 declarada de utilidad p\u00fablica, las aportaciones de las personas asociadas se podr\u00e1n desgravar de la declaraci\u00f3n de la renta.\u00a0\u00a1Hasta el 80% de los primeros 250 euros!Nosotros nos encargaremos de presentar el modelo 182 para que as\u00ed sea, pero es muy importante que tengamos bien tus datos. Utilizamos un [&hellip;]<\/p>\n","protected":false},"author":7,"featured_media":7414,"parent":0,"menu_order":0,"comment_status":"closed","ping_status":"closed","template":"template-fullwidth.php","meta":{"footnotes":""},"class_list":["post-7137","page","type-page","status-publish","has-post-thumbnail","hentry"],"_links":{"self":[{"href":"https:\/\/beartsy.org\/es\/wp-json\/wp\/v2\/pages\/7137","targetHints":{"allow":["GET"]}}],"collection":[{"href":"https:\/\/beartsy.org\/es\/wp-json\/wp\/v2\/pages"}],"about":[{"href":"https:\/\/beartsy.org\/es\/wp-json\/wp\/v2\/types\/page"}],"author":[{"embeddable":true,"href":"https:\/\/beartsy.org\/es\/wp-json\/wp\/v2\/users\/7"}],"replies":[{"embeddable":true,"href":"https:\/\/beartsy.org\/es\/wp-json\/wp\/v2\/comments?post=7137"}],"version-history":[{"count":4,"href":"https:\/\/beartsy.org\/es\/wp-json\/wp\/v2\/pages\/7137\/revisions"}],"predecessor-version":[{"id":38160,"href":"https:\/\/beartsy.org\/es\/wp-json\/wp\/v2\/pages\/7137\/revisions\/38160"}],"wp:featuredmedia":[{"embeddable":true,"href":"https:\/\/beartsy.org\/es\/wp-json\/wp\/v2\/media\/7414"}],"wp:attachment":[{"href":"https:\/\/beartsy.org\/es\/wp-json\/wp\/v2\/media?parent=7137"}],"curies":[{"name":"wp","href":"https:\/\/api.w.org\/{rel}","templated":true}]}}