{"id":465,"date":"2016-11-10T02:44:00","date_gmt":"2016-11-10T00:44:00","guid":{"rendered":"http:\/\/beartsy.org\/es\/volunteer\/"},"modified":"2025-01-20T17:10:05","modified_gmt":"2025-01-20T15:10:05","slug":"voluntariado","status":"publish","type":"page","link":"https:\/\/beartsy.org\/es\/voluntariado\/","title":{"rendered":"Voluntariado y pol\u00edtica de Protecci\u00f3n"},"content":{"rendered":"<p>\u00a1Hola! Pedimos a las personas que quieren hacer voluntariado en <em>be artsy<\/em>, que lean tanto el <a href=\"https:\/\/beartsy.org\/wp-content\/uploads\/2020\/12\/Plan_de_Voluntariado_-_Asociacion_be_artsy.pdf\" target=\"_blank\" rel=\"noopener noreferrer\"><strong>Plan de voluntariado<\/strong><\/a> como las <a href=\"https:\/\/beartsy.org\/wp-content\/uploads\/2020\/12\/Politica_de_Proteccion_de_be_artsy_ES.pdf\" target=\"_blank\" rel=\"noopener\"><strong>Pol\u00edticas de Protecci\u00f3n<\/strong><\/a>. En los enlaces anteriores encontrar\u00e1s los documentos en formato pdf.<br \/>\u00a1Y tambi\u00e9n pedimos compartir nuestros valores y objetivos, y manera de hacer!<\/p>\n<p>Si quieres hacer voluntariado con nosotros, ponte en contacto. Cu\u00e9ntanos qu\u00e9 tipo de compromiso te interesa, tus habilidades y experiencia, y las tareas que te gustar\u00eda realizar.<\/p>\n<p>Buscamos voluntarios en l\u00ednea para diversas tareas, como editar y mejorar nuestra web en WordPress, ayudar en la gesti\u00f3n econ\u00f3mica, profesionales de la salud, colaborar en el montaje de exposiciones, facilitar talleres, apoyar en <em>fundraising<\/em>, buscar socios y organizar eventos o mercados para recaudar fondos.<\/p>\n<p>Si quieres venir a Nepal, solo aceptamos voluntarios capacitados con una estancia m\u00ednima de tres meses.<\/p>\n<p>\u00a1Expl\u00edcanos qu\u00e9 te gustar\u00eda hacer y c\u00f3mo puedes contribuir al proyecto!<\/p>\n<style id=\"wpforms-css-vars-38126-block-4c22bf52-a68d-4a23-8b12-85665044e34a\">\n\t\t\t\t#wpforms-38126.wpforms-block-4c22bf52-a68d-4a23-8b12-85665044e34a {\n\t\t\t\t--wpforms-label-color: #262626;\n--wpforms-label-sublabel-color: #7f7f7f;\n--wpforms-label-error-color: #ff0000;\n--wpforms-page-break-color: #dddddd;\n--wpforms-field-border-radius: 0px;\n--wpforms-field-border-color: #cccccc;\n--wpforms-field-border-color-spare: #cccccc;\n--wpforms-field-text-color: #444444;\n--wpforms-button-border-style: solid;\n--wpforms-button-border-radius: 0px;\n--wpforms-button-background-color: #dddddd;\n--wpforms-button-text-color: #666666;\n--wpforms-button-border-color: #cccccc;\n--wpforms-field-size-input-height: 43px;\n--wpforms-field-size-input-spacing: 15px;\n--wpforms-field-size-font-size: 16px;\n--wpforms-field-size-line-height: 19px;\n--wpforms-field-size-padding-h: 14px;\n--wpforms-field-size-checkbox-size: 16px;\n--wpforms-field-size-sublabel-spacing: 5px;\n--wpforms-field-size-icon-size: 1;\n--wpforms-label-size-font-size: 14px;\n--wpforms-label-size-line-height: 17px;\n--wpforms-label-size-sublabel-font-size: 13px;\n--wpforms-label-size-sublabel-line-height: 16px;\n--wpforms-button-size-font-size: 17px;\n--wpforms-button-size-height: 41px;\n--wpforms-button-size-padding-h: 15px;\n--wpforms-button-size-margin-top: 10px;\n\t\t\t}\n\t\t\t<\/style><div class=\"wpforms-container wpforms-container-full wpforms-block wpforms-block-4c22bf52-a68d-4a23-8b12-85665044e34a wpforms-render-modern\" id=\"wpforms-38126\"><form id=\"wpforms-form-38126\" class=\"wpforms-validate wpforms-form\" data-formid=\"38126\" method=\"post\" enctype=\"multipart\/form-data\" action=\"\/es\/wp-json\/wp\/v2\/pages\/465\" data-token=\"39f07313d34115fe80a2f32a34237bbc\" data-token-time=\"1776962478\"><noscript class=\"wpforms-error-noscript\">Por favor, activa JavaScript en tu navegador para completar este formulario.<\/noscript><div id=\"wpforms-error-noscript\" style=\"display: none;\">Por favor, activa JavaScript en tu navegador para completar este formulario.<\/div><div class=\"wpforms-field-container\"><div id=\"wpforms-38126-field_0-container\" class=\"wpforms-field wpforms-field-name\" data-field-id=\"0\"><fieldset><legend class=\"wpforms-field-label\">Name <span class=\"wpforms-required-label\" aria-hidden=\"true\">*<\/span><\/legend><div class=\"wpforms-field-row wpforms-field-medium\"><div class=\"wpforms-field-row-block wpforms-first wpforms-one-half\"><input type=\"text\" id=\"wpforms-38126-field_0\" class=\"wpforms-field-name-first wpforms-field-required\" name=\"wpforms[fields][0][first]\" aria-errormessage=\"wpforms-38126-field_0-error\" required><label for=\"wpforms-38126-field_0\" class=\"wpforms-field-sublabel after\">Nombre<\/label><\/div><div class=\"wpforms-field-row-block wpforms-one-half\"><input type=\"text\" id=\"wpforms-38126-field_0-last\" class=\"wpforms-field-name-last wpforms-field-required\" name=\"wpforms[fields][0][last]\" aria-errormessage=\"wpforms-38126-field_0-last-error\" required><label for=\"wpforms-38126-field_0-last\" class=\"wpforms-field-sublabel after\">Apellidos<\/label><\/div><\/div><\/fieldset><\/div><div id=\"wpforms-38126-field_1-container\" class=\"wpforms-field wpforms-field-email\" data-field-id=\"1\"><label class=\"wpforms-field-label\" for=\"wpforms-38126-field_1\">Email <span class=\"wpforms-required-label\" aria-hidden=\"true\">*<\/span><\/label><input type=\"email\" id=\"wpforms-38126-field_1\" class=\"wpforms-field-medium wpforms-field-required\" name=\"wpforms[fields][1]\" spellcheck=\"false\" aria-errormessage=\"wpforms-38126-field_1-error\" required><\/div>\t\t<div id=\"wpforms-38126-field_3-container\"\n\t\t\tclass=\"wpforms-field wpforms-field-text\"\n\t\t\tdata-field-type=\"text\"\n\t\t\tdata-field-id=\"3\"\n\t\t\t>\n\t\t\t<label class=\"wpforms-field-label\" for=\"wpforms-38126-field_3\" >Comment Message Email<\/label>\n\t\t\t<input type=\"text\" id=\"wpforms-38126-field_3\" class=\"wpforms-field-medium\" name=\"wpforms[fields][3]\" >\n\t\t<\/div>\n\t\t<div id=\"wpforms-38126-field_2-container\" class=\"wpforms-field wpforms-field-textarea\" data-field-id=\"2\"><label class=\"wpforms-field-label\" for=\"wpforms-38126-field_2\">Comment or Message <span class=\"wpforms-required-label\" aria-hidden=\"true\">*<\/span><\/label><textarea id=\"wpforms-38126-field_2\" class=\"wpforms-field-medium wpforms-field-required\" name=\"wpforms[fields][2]\" aria-errormessage=\"wpforms-38126-field_2-error\" required><\/textarea><\/div><script>\n\t\t\t\t( function() {\n\t\t\t\t\tconst style = document.createElement( 'style' );\n\t\t\t\t\tstyle.appendChild( document.createTextNode( '#wpforms-38126-field_3-container { position: absolute !important; overflow: hidden !important; display: inline !important; height: 1px !important; width: 1px !important; z-index: -1000 !important; padding: 0 !important; } #wpforms-38126-field_3-container input { visibility: hidden; } #wpforms-conversational-form-page #wpforms-38126-field_3-container label { counter-increment: none; }' ) );\n\t\t\t\t\tdocument.head.appendChild( style );\n\t\t\t\t\tdocument.currentScript?.remove();\n\t\t\t\t} )();\n\t\t\t<\/script><\/div><!-- .wpforms-field-container --><div class=\"wpforms-submit-container\" ><input type=\"hidden\" name=\"wpforms[id]\" value=\"38126\"><input type=\"hidden\" name=\"page_title\" value=\"\"><input type=\"hidden\" name=\"page_url\" value=\"https:\/\/beartsy.org\/es\/wp-json\/wp\/v2\/pages\/465\"><input type=\"hidden\" name=\"url_referer\" value=\"\"><button type=\"submit\" name=\"wpforms[submit]\" id=\"wpforms-submit-38126\" class=\"wpforms-submit\" data-alt-text=\"Enviando...\" data-submit-text=\"Enviar\" aria-live=\"assertive\" value=\"wpforms-submit\">Enviar<\/button><\/div><\/form><\/div>  <!-- .wpforms-container -->\n<h5 class=\"entry-title single-title\"><a title=\"Protecci\u00f3n de Datos\" href=\"https:\/\/beartsy.org\/es\/proteccion-de-datos\/\">PROTECCI\u00d3N DE DATOS<\/a><\/h5>\n<div id=\"mc_embed_signup\"><form id=\"mc-embedded-subscribe-form\" class=\"validate\" action=\"https:\/\/beartsy.us14.list-manage.com\/subscribe\/post?u=7d2ef566628d2aa90138a0fbd&amp;id=fb3168b115\" method=\"post\" name=\"mc-embedded-subscribe-form\" novalidate=\"\" target=\"_blank\">\n<div id=\"mc_embed_signup_scroll\">\n<h2>Subscribe to our newsletter list<\/h2>\n<div class=\"indicates-required\"><span class=\"asterisk\">*<\/span> indicates required<\/div>\n<div class=\"mc-field-group\"><label for=\"mce-FNAME\">First Name <span class=\"asterisk\">*<\/span><br \/><\/label><br \/><input id=\"mce-FNAME\" class=\"required\" name=\"FNAME\" type=\"text\" value=\"\" \/><\/div>\n<div class=\"mc-field-group\"><label for=\"mce-LNAME\">Last Name <span class=\"asterisk\">*<\/span><br \/><\/label><br \/><input id=\"mce-LNAME\" class=\"required\" name=\"LNAME\" type=\"text\" value=\"\" \/><\/div>\n<div class=\"mc-field-group\"><label for=\"mce-EMAIL\">Email Address <span class=\"asterisk\">*<\/span><br \/><\/label><br \/><input id=\"mce-EMAIL\" class=\"required email\" name=\"EMAIL\" type=\"email\" value=\"\" \/><\/div>\n<div class=\"mc-field-group input-group\"><strong>Language &#8211; Idioma <span class=\"asterisk\">*<\/span><br \/><\/strong><\/div>\n<\/div>\n<\/form><\/div>\n<ul>\n<li><input id=\"mce-MMERGE8-0\" name=\"MMERGE8\" type=\"radio\" value=\"English\" \/><label for=\"mce-MMERGE8-0\">English<\/label><\/li>\n<li><input id=\"mce-MMERGE8-1\" name=\"MMERGE8\" type=\"radio\" value=\"Castellano\" \/><label for=\"mce-MMERGE8-1\">Castellano<\/label><\/li>\n<li><input id=\"mce-MMERGE8-2\" name=\"MMERGE8\" type=\"radio\" value=\"Catal\u00e0\" \/><label for=\"mce-MMERGE8-2\">Catal\u00e0<\/label><\/li>\n<\/ul>\n<div class=\"mc-field-group input-group\">\n<p><strong>Do you wanna be an Associate \/ Quieres asociarte? <\/strong><\/p>\n<ul>\n<li><input id=\"mce-group[5177]-5177-0\" name=\"group[5177][1]\" type=\"checkbox\" value=\"1\" \/><label for=\"mce-group[5177]-5177-0\">Si \/ Yes<\/label><\/li>\n<li><input id=\"mce-group[5177]-5177-1\" name=\"group[5177][2]\" type=\"checkbox\" value=\"2\" \/><label for=\"mce-group[5177]-5177-1\">No<\/label><\/li>\n<\/ul>\n<\/div>\n<p><a title=\"View previous campaigns\" href=\"https:\/\/us14.campaign-archive.com\/home\/?u=7d2ef566628d2aa90138a0fbd&amp;id=fb3168b115\">View previous campaigns.<\/a><\/p>\n<div id=\"mergeRow-gdpr\" class=\"mergeRow gdpr-mergeRow content__gdprBlock mc-field-group\">\n<div class=\"content__gdpr\">\n<p><label>Marketing Permissions<\/label>Please select all the ways you would like to hear from be artsy NGO:<\/p>\n<fieldset class=\"mc_fieldset gdprRequired mc-field-group\" name=\"interestgroup_field\"><label class=\"checkbox subfield\" for=\"gdpr_11409\"><input id=\"gdpr_11409\" class=\"av-checkbox \" name=\"gdpr[11409]\" type=\"checkbox\" value=\"Y\" \/>Email <\/label><label class=\"checkbox subfield\" for=\"gdpr_11413\"><input id=\"gdpr_11413\" class=\"av-checkbox \" name=\"gdpr[11413]\" type=\"checkbox\" value=\"Y\" \/>Direct Mail <\/label><\/fieldset>\n<p>You can unsubscribe at any time by clicking the link in the footer of our emails. For information about our privacy practices, please visit our website.<\/p>\n<\/div>\n<div class=\"content__gdprLegal\">\n<p>We use Mailchimp as our marketing platform. By clicking below to subscribe, you acknowledge that your information will be transferred to Mailchimp for processing. Learn more about Mailchimp&#8217;s privacy practices <a href=\"https:\/\/mailchimp.com\/legal\/\" target=\"_blank\" rel=\"noopener noreferrer\">here<\/a>.<\/p>\n<\/div>\n<\/div>\n<div id=\"mce-responses\" class=\"clear\">\n<div id=\"mce-error-response\" class=\"response\" style=\"display: none;\">\u00a0<\/div>\n<div id=\"mce-success-response\" class=\"response\" style=\"display: none;\">\u00a0<\/div>\n<\/div>\n<p><!-- real people should not fill this in and expect good things - do not remove this or risk form bot signups--><\/p>\n<div style=\"position: absolute; left: -5000px;\" aria-hidden=\"true\"><input tabindex=\"-1\" name=\"b_7d2ef566628d2aa90138a0fbd_fb3168b115\" type=\"text\" value=\"\" \/><\/div>\n<div class=\"clear\"><input id=\"mc-embedded-subscribe\" class=\"button\" name=\"subscribe\" type=\"submit\" value=\"Subscribe\" \/><\/div>\n<p><script type='text\/javascript' src='\/\/s3.amazonaws.com\/downloads.mailchimp.com\/js\/mc-validate.js'><\/script><script type='text\/javascript'>(function($) {window.fnames = new Array(); window.ftypes = new Array();fnames[1]='FNAME';ftypes[1]='text';fnames[2]='LNAME';ftypes[2]='text';fnames[0]='EMAIL';ftypes[0]='email';fnames[8]='MMERGE8';ftypes[8]='radio';fnames[3]='MMERGE3';ftypes[3]='text';fnames[4]='MMERGE4';ftypes[4]='text';fnames[5]='MMERGE5';ftypes[5]='text';fnames[6]='MMERGE6';ftypes[6]='text';fnames[7]='MMERGE7';ftypes[7]='text';}(jQuery));var $mcj = jQuery.noConflict(true);<\/script><br \/><!--End mc_embed_signup--><\/p>\n\n","protected":false},"excerpt":{"rendered":"<p>\u00a1Hola! Pedimos a las personas que quieren hacer voluntariado en be artsy, que lean tanto el Plan de voluntariado como las Pol\u00edticas de Protecci\u00f3n. En los enlaces anteriores encontrar\u00e1s los documentos en formato pdf.\u00a1Y tambi\u00e9n pedimos compartir nuestros valores y objetivos, y manera de hacer! Si quieres hacer voluntariado con nosotros, ponte en contacto. Cu\u00e9ntanos [&hellip;]<\/p>\n","protected":false},"author":1,"featured_media":584,"parent":0,"menu_order":0,"comment_status":"closed","ping_status":"closed","template":"","meta":{"footnotes":""},"class_list":["post-465","page","type-page","status-publish","has-post-thumbnail","hentry"],"_links":{"self":[{"href":"https:\/\/beartsy.org\/es\/wp-json\/wp\/v2\/pages\/465","targetHints":{"allow":["GET"]}}],"collection":[{"href":"https:\/\/beartsy.org\/es\/wp-json\/wp\/v2\/pages"}],"about":[{"href":"https:\/\/beartsy.org\/es\/wp-json\/wp\/v2\/types\/page"}],"author":[{"embeddable":true,"href":"https:\/\/beartsy.org\/es\/wp-json\/wp\/v2\/users\/1"}],"replies":[{"embeddable":true,"href":"https:\/\/beartsy.org\/es\/wp-json\/wp\/v2\/comments?post=465"}],"version-history":[{"count":2,"href":"https:\/\/beartsy.org\/es\/wp-json\/wp\/v2\/pages\/465\/revisions"}],"predecessor-version":[{"id":38135,"href":"https:\/\/beartsy.org\/es\/wp-json\/wp\/v2\/pages\/465\/revisions\/38135"}],"wp:featuredmedia":[{"embeddable":true,"href":"https:\/\/beartsy.org\/es\/wp-json\/wp\/v2\/media\/584"}],"wp:attachment":[{"href":"https:\/\/beartsy.org\/es\/wp-json\/wp\/v2\/media?parent=465"}],"curies":[{"name":"wp","href":"https:\/\/api.w.org\/{rel}","templated":true}]}}