{"id":460,"date":"2016-11-15T14:18:54","date_gmt":"2016-11-15T12:18:54","guid":{"rendered":"http:\/\/beartsy.org\/es\/transparency\/"},"modified":"2026-04-19T19:27:17","modified_gmt":"2026-04-19T17:27:17","slug":"transparencia","status":"publish","type":"page","link":"https:\/\/beartsy.org\/es\/transparencia\/","title":{"rendered":"Te ofrecemos transparencia y confianza"},"content":{"rendered":"<p class=\"p1\"><span class=\"s1\">Creemos firmemente que la <strong>informaci\u00f3n y la transparencia<\/strong> son claves para generar la confianza que cualquier persona necesita para decidirse a colaborar y por eso os la ofrecemos.<\/span><\/p>\n<p><em>Associaci\u00f3 be artsy<\/em> est\u00e1 registrada en el Departamento de Justicia de la Generalitat de Catalu\u00f1a con el c\u00f3digo 25908\/2016 (CME).<\/p>\n<p class=\"p1\"><a href=\"http:\/\/beartsy.org\/wp-content\/uploads\/2016\/11\/Estatuts-Associacio\u0301-be-artsy.pdf\" target=\"_blank\" rel=\"noopener noreferrer\"><span class=\"s1\">Aqu\u00ed pod\u00e9is consultar los Estatutos de la Asociaci\u00f3n.<\/span><\/a><\/p>\n<p><strong>El proyecto Rato Baltin<\/strong> ha estado funcionando desde 2016, pero fuimos por primera vez sobre el terreno en febrero de 2017.<\/p>\n<p><a href=\"https:\/\/beartsy.org\/wp-content\/uploads\/2021\/07\/Resolucio\u0301-inscripcio\u0301-ONGD.pdf\" target=\"_blank\" rel=\"noopener\">El d\u00eda 10 de junio de 2021 fuimos reconocidas como ONGD peor la AECID<\/a>,\u00a0 asimismo <a href=\"https:\/\/beartsy.org\/wp-content\/uploads\/2021\/07\/Notif-Resolucio\u0301-UTILITAT-PU\u0301BLICA.pdf\" target=\"_blank\" rel=\"nofollow noopener\">el 1 de julio fuimos declaradas de Utilidad p\u00fablica<\/a><\/p>\n<p>Aqu\u00ed puedes leer nuestros informes anuales.<\/p>\n<h2>Evaluaciones de los Proyectos debajo de la umbrella Rato Baltin (Cubo Rojo, Happy Women y EduFem)<\/h2>\n<p><a title=\"pdf\" href=\"https:\/\/beartsy.org\/wp-content\/uploads\/2021\/07\/2017-project-evaluation_CAS.pdf\" target=\"_blank\" rel=\"noopener\">Evaluaci\u00f3n de los Proyectos 2017<\/a><\/p>\n<p><a title=\"pdf\" href=\"https:\/\/beartsy.org\/wp-content\/uploads\/2019\/01\/2018-project-evaluation-ES.pdf\" target=\"_blank\" rel=\"noopener\">Evaluaci\u00f3n de los Proyectos 2018<\/a><\/p>\n<p><a title=\"pdf\" href=\"https:\/\/beartsy.org\/wp-content\/uploads\/2020\/03\/2019_-Project-evaluation-ES.pdf\" target=\"_blank\" rel=\"noopener\">Evaluaci\u00f3n de los Proyectos 2019<\/a><\/p>\n<p><a title=\"pdf\" href=\"https:\/\/beartsy.org\/wp-content\/uploads\/2021\/04\/ES-2020-Project-evaluation-Rato-Baltin-1.pdf\">Evaluaci\u00f3n de los Proyectos 2020<\/a><\/p>\n<p><a href=\"https:\/\/beartsy.org\/wp-content\/uploads\/2022\/08\/ES-_2021_-Project-evaluation-Rato_Baltin-ES_compress.pdf\" target=\"_blank\" rel=\"noopener\">Evaluaci\u00f3n de los Proyectos 2021<\/a><\/p>\n<p><a href=\"https:\/\/beartsy.org\/wp-content\/uploads\/2023\/05\/ES-2022-Project-evaluation-Rato-Baltin_compressed.pdf\" target=\"_blank\" rel=\"nofollow noopener\">Evaluaci\u00f3n de los proyectos 2022<\/a><\/p>\n<p><a href=\"https:\/\/beartsy.org\/wp-content\/uploads\/2024\/05\/ES-2023-Project-evaluation-Rato-Baltin_compressed.pdf\" target=\"_blank\" rel=\"noopener\">Evaluaci\u00f3n de los proyectos 2023<\/a><\/p>\n<p><a href=\"https:\/\/beartsy.org\/wp-content\/uploads\/2026\/04\/CAST-2024-Project-evaluation-Rato-Baltin.pdf\" target=\"_blank\" rel=\"noopener\">Evaluaci\u00f3n de los proyectos 2024<\/a><\/p>\n<p><a href=\"https:\/\/beartsy.org\/wp-content\/uploads\/2026\/04\/EN-2025-Project-evaluation-Rato-Baltin_compressed.pdf\" target=\"_blank\" rel=\"noopener\">Evaluaci\u00f3n de los proyectos 2025<\/a><\/p>\n<h2>Evaluaciones de otros Proyectos<\/h2>\n<p><a href=\"https:\/\/beartsy.org\/wp-content\/uploads\/2021\/05\/ES-PROJECT-IMPACT-EVALUATION-2019-_-2020-EDUFEM-project.pdf\" target=\"_blank\" rel=\"noopener\">Evaluaci\u00f3n del proyecto piloto EDUFEM curso 2019\/2020 (2076)<\/a><\/p>\n<p><a href=\"https:\/\/beartsy.org\/wp-content\/uploads\/2021\/03\/2020-Project-evaluation-Covid19-Response-ES.pdf\" target=\"_blank\" rel=\"noopener\">Evaluaci\u00f3n de la respuesta a la Pandemia al 2020<\/a><\/p>\n<p><a href=\"https:\/\/beartsy.org\/wp-content\/uploads\/2023\/05\/Be_Artsy_Final_Report_ES_compressed.pdf\" target=\"_blank\" rel=\"nofollow noopener\">Ox\u00edgeno para Nepal<\/a><\/p>\n<h2>Memorias visuales de las actividades de la ONG<\/h2>\n<p><a href=\"https:\/\/beartsy.org\/wp-content\/uploads\/2021\/07\/EN-2018-annual-activity-report.pdf\">Memorias de actividades 2018<\/a><\/p>\n<p><a href=\"https:\/\/beartsy.org\/wp-content\/uploads\/2020\/12\/ES_-_Memoria_anual_de_actividades_20191.pdf\" target=\"_blank\" rel=\"noopener\">Memorias de actividades 2019<\/a><\/p>\n<p><a href=\"https:\/\/beartsy.org\/wp-content\/uploads\/2021\/02\/ES_-_Memoria_anual_de_actividades_2020_compressed.pdf\" target=\"_blank\" rel=\"noopener\">Memorias de actividades 2020<\/a><\/p>\n<p><a href=\"https:\/\/beartsy.org\/wp-content\/uploads\/2023\/05\/2021_annual_activity_report__CAST_compressed.pdf\" target=\"_blank\" rel=\"nofollow noopener\">Memorias de actividades 2021<\/a><\/p>\n<p><a href=\"https:\/\/beartsy.org\/wp-content\/uploads\/2024\/05\/ES-2022-annual-activity-report-_compressed.pdf\" target=\"_blank\" rel=\"noopener\">Memorias de actividades 2022<\/a><\/p>\n<p><a href=\"https:\/\/beartsy.org\/wp-content\/uploads\/2024\/09\/ES-2023-activity-report-V1_compressed.pdf\" target=\"_blank\" rel=\"noopener\">Memorias de actividades 2023<\/a><\/p>\n<p><a href=\"https:\/\/beartsy.org\/wp-content\/uploads\/2025\/05\/ES-Memoria-dactivitats-2024-_compressed.pdf\" target=\"_blank\" rel=\"noopener\">Memoria de actividades 2024<\/a><\/p>\n<p>Memoria de actividades 2025<\/p>\n<h2>Memorias contables de la ONG<\/h2>\n<p><a href=\"https:\/\/beartsy.org\/wp-content\/uploads\/2021\/07\/B.SITUACIO\u0301N-2016.pdf\" target=\"_blank\" rel=\"noopener\">Balances anuales 2016<\/a><\/p>\n<p><a href=\"https:\/\/beartsy.org\/wp-content\/uploads\/2021\/07\/B.SITUACIO\u0301N-2017.pdf\" target=\"_blank\" rel=\"noopener\">Balances anuales 2017<\/a><\/p>\n<p><a href=\"https:\/\/beartsy.org\/wp-content\/uploads\/2021\/07\/B.SITUACION-2018.pdf\" target=\"_blank\" rel=\"noopener\">Balances anuales 2018<\/a><\/p>\n<p><a href=\"https:\/\/beartsy.org\/wp-content\/uploads\/2021\/07\/04-CCAA-2019-BE-ARTSY.pdf\" target=\"_blank\" rel=\"noopener\">Balances anuales 2019<\/a><\/p>\n<p><a href=\"https:\/\/beartsy.org\/wp-content\/uploads\/2021\/07\/2_CCAA_2020_BE_ARTSY.pdf\" target=\"_blank\" rel=\"noopener\">Balances anuales 2020<\/a><\/p>\n<p><a href=\"https:\/\/beartsy.org\/wp-content\/uploads\/2023\/05\/CCAA-2021-AS.-BE-ARTSY-def-1.pdf\" target=\"_blank\" rel=\"nofollow noopener\">Balances anuales 2021<\/a><\/p>\n<p><a href=\"https:\/\/beartsy.org\/wp-content\/uploads\/2023\/05\/CCAA-2022-AS.-BE-ARTSY-def-.pdf\" target=\"_blank\" rel=\"nofollow noopener\">Balances anuales 2022<\/a><\/p>\n<p><a href=\"https:\/\/beartsy.org\/wp-content\/uploads\/2024\/09\/Memoria-simplificada-Be-Artsy-2023_signed_signed.pdf\">Balances anuales 2023<\/a><\/p>\n<p><a href=\"https:\/\/beartsy.org\/wp-content\/uploads\/2025\/07\/Memoria-Be-Artsy-2024-v3_signed.pdf\" target=\"_blank\" rel=\"noopener\">Balances anuales 2024<\/a><\/p>\n<p><a href=\"https:\/\/beartsy.org\/wp-content\/uploads\/2026\/02\/CCAA-2025-Assoc.-Be-Artsy-v3.pdf\" target=\"_blank\" rel=\"noopener\">Balances anuales 2025<\/a><\/p>\n<p class=\"p1\"><span class=\"s1\">Por favor, no dud\u00e9is en contactar si ten\u00e9is cualquier pregunta.<\/span><\/p>\n<p class=\"p1\"><span class=\"s1\"><b>El <a href=\"https:\/\/beartsy.org\/es\/creativity-photo-project\/\" target=\"_blank\" rel=\"noopener noreferrer\">Creativity Photo project<\/a> viaj\u00f3 a 6 pa\u00edses, ofreci\u00f3 81 talleres en 32 espacios diferentes y trabaj\u00f3 con 2281 estudiantes hasta febrero del 2017!<\/b><\/span><\/p>\n","protected":false},"excerpt":{"rendered":"<p>Creemos firmemente que la informaci\u00f3n y la transparencia son claves para generar la confianza que cualquier persona necesita para decidirse a colaborar y por eso os la ofrecemos. Associaci\u00f3 be artsy est\u00e1 registrada en el Departamento de Justicia de la Generalitat de Catalu\u00f1a con el c\u00f3digo 25908\/2016 (CME). Aqu\u00ed pod\u00e9is consultar los Estatutos de la [&hellip;]<\/p>\n","protected":false},"author":1,"featured_media":0,"parent":0,"menu_order":0,"comment_status":"closed","ping_status":"closed","template":"","meta":{"footnotes":""},"class_list":["post-460","page","type-page","status-publish","hentry"],"_links":{"self":[{"href":"https:\/\/beartsy.org\/es\/wp-json\/wp\/v2\/pages\/460","targetHints":{"allow":["GET"]}}],"collection":[{"href":"https:\/\/beartsy.org\/es\/wp-json\/wp\/v2\/pages"}],"about":[{"href":"https:\/\/beartsy.org\/es\/wp-json\/wp\/v2\/types\/page"}],"author":[{"embeddable":true,"href":"https:\/\/beartsy.org\/es\/wp-json\/wp\/v2\/users\/1"}],"replies":[{"embeddable":true,"href":"https:\/\/beartsy.org\/es\/wp-json\/wp\/v2\/comments?post=460"}],"version-history":[{"count":5,"href":"https:\/\/beartsy.org\/es\/wp-json\/wp\/v2\/pages\/460\/revisions"}],"predecessor-version":[{"id":38779,"href":"https:\/\/beartsy.org\/es\/wp-json\/wp\/v2\/pages\/460\/revisions\/38779"}],"wp:attachment":[{"href":"https:\/\/beartsy.org\/es\/wp-json\/wp\/v2\/media?parent=460"}],"curies":[{"name":"wp","href":"https:\/\/api.w.org\/{rel}","templated":true}]}}