{"id":458,"date":"2016-11-10T02:23:24","date_gmt":"2016-11-10T00:23:24","guid":{"rendered":"http:\/\/beartsy.org\/es\/partners-and-collaborators\/"},"modified":"2025-10-13T09:38:45","modified_gmt":"2025-10-13T07:38:45","slug":"partners-y-colaboradores","status":"publish","type":"page","link":"https:\/\/beartsy.org\/es\/partners-y-colaboradores\/","title":{"rendered":"Socios, Empresas solidarias y colaboradores"},"content":{"rendered":"<h4>El importante apoyo de nuestros donantes nos ayuda a hacer posible nuestro trabajo:<\/h4>\n<p>Agradecemos las generosas donaciones tanto a la lista de organizaciones y empresas sociales nombradas aqu\u00ed, como a todos los donantes privados individuales que nos han hecho donaciones en repetidas donaciones.<br \/>Muchas gracias a todos. \u00a1Sin vosotros no podr\u00edamos hacer nuestra labor!<\/p>\n<p><strong>Socios:<br \/><\/strong><\/p>\n<p><b><a href=\"http:\/\/rubycup.com\/\" target=\"_blank\" rel=\"noopener\">Ruby Cup<\/a> <\/b><\/p>\n<p><strong>Empresas solidarias:<\/strong><\/p>\n<p><a href=\"https:\/\/planhimalaya.es\/\" target=\"_blank\" rel=\"noopener\"><strong>Plan Himalaya<\/strong><\/a><\/p>\n<p><strong><a href=\"https:\/\/www.instagram.com\/mila_torro\/\" target=\"_blank\" rel=\"noopener\">Mila Torr\u00f3<\/a><\/strong><\/p>\n<p><a href=\"https:\/\/www.mindmade.es\/\" target=\"_blank\" rel=\"noopener\"><strong>Mind Made<\/strong><\/a><\/p>\n<p><strong><a href=\"https:\/\/www.facebook.com\/himalayan.paradise\/\" target=\"_blank\" rel=\"noopener\">Himalayan Paradise\u00a0<\/a><\/strong><\/p>\n<p><strong>Colaboradores:<\/strong><\/p>\n<p><a href=\"https:\/\/www.fujifilm.eu\/es\/\" target=\"_blank\" rel=\"noopener\"><b>Fujifilm<\/b><\/a><\/p>\n<p><strong><a href=\"http:\/\/www.chiaragiacomini.com\" target=\"_blank\" rel=\"noopener\">Chiara Giacomini\u00a0<\/a><\/strong><\/p>\n<p><strong><a href=\"https:\/\/heymondo.es\/\" target=\"_blank\" rel=\"noopener\">Mondo, seguros de viajes<\/a><\/strong><\/p>\n<p><a href=\"https:\/\/www.instagram.com\/te.tela.la.cosa\/\" target=\"_blank\" rel=\"noopener\"><strong>te.tela.la.cosa<\/strong><\/a><\/p>\n<p><a href=\"http:\/\/www.rotarymillennium.org\/\" target=\"_blank\" rel=\"noopener\"><strong>Rotary Club Millennium<\/strong><\/a><\/p>\n<p><strong>Con el soporte de:<\/strong><\/p>\n<p>Fundaci\u00f3 Barber\u00e0 solid\u00e0ria<br \/>Ajuntament d&#8217;Abrera<br \/>TSCAT<br \/>Ajuntament de Castellbisbal<br \/>Ajuntament de Santa Coloma de Gramenet<br \/><a href=\"https:\/\/cooperaciocatalana.gencat.cat\/ca\/inici\/\" target=\"_blank\" rel=\"noopener\">ACCD<\/a><br \/><a href=\"https:\/\/www.dipsalut.cat\/\" target=\"_blank\" rel=\"noopener\">DipSalut<\/a><br \/>Ajuntament de Castell d&#8217;Aro, Platja d&#8217;Aro i S&#8217;Agar\u00f3<\/p>\n<p><strong>Formamos parte de:<\/strong><\/p>\n<p><a href=\"https:\/\/www.solidaries.org\/\" target=\"_blank\" rel=\"noopener\">Coordinadora de ONGs solid\u00e0ries<\/a><br \/><a href=\"https:\/\/www.lavidaenrojo.org\/\" target=\"_blank\" rel=\"noopener\">Asociaci\u00f3n la vida en Rojo<\/a><\/p>\n<p>Si tienes una empresa que est\u00e1 interesada en ser patrocinador, tu generosidad ser\u00e1 correspondida con actualizaciones peri\u00f3dicas y una menci\u00f3n de la compa\u00f1\u00eda (logotipo y enlace) en nuestra p\u00e1gina web. Por favor cont\u00e1ctanos en <a href=\"https:\/\/beartsy.org\/contact\/\" target=\"_blank\" rel=\"noopener\">https:\/\/beartsy.org\/contact<\/a>\u00a0o hazte socio en\u00a0<a href=\"\/?page_id=65\" target=\"_blank\" rel=\"noopener\">https:\/\/beartsy.org\/become-an-associate<\/a><\/p>\n\n\n<div class=\"wp-block-columns is-layout-flex wp-container-core-columns-is-layout-9d6595d7 wp-block-columns-is-layout-flex\">\n<div class=\"wp-block-column is-layout-flow wp-block-column-is-layout-flow\">\n<h3 class=\"wp-block-heading\">\u00bfCu\u00e1nto desgravan las donaciones a una ONG en la declaraci\u00f3n de la renta?<\/h3>\n\n\n\n<p>A la hora de hacer la&nbsp;<strong>desgravaci\u00f3n de tus donaciones a una ONG<\/strong>&nbsp;hay que diferenciar entre:<\/p>\n\n\n\n<p><strong>Deducci\u00f3n por donaciones IRPF (personas f\u00edsicas)<\/strong><\/p>\n\n\n\n<p>Para las personas f\u00edsicas, la desgravaci\u00f3n de donaciones var\u00eda seg\u00fan el importe donado. Existe una donaci\u00f3n en el IRPF del&nbsp;<strong>80% de la base de la deducci\u00f3n<\/strong>&nbsp;<strong>para los primeros 250 euros<\/strong>&nbsp;y del 40% (45% en caso recurrente, si has donado de forma consecutiva m\u00e1s de dos a\u00f1os) para el montante restante, con un l\u00edmite del 10% de la base imponible. Por ejemplo, si donas 300\u20ac te desgravar\u00e1s 220\u20ac: 200\u20ac por los primeros 250\u20ac y 20\u20ac por el resto de tu aportaci\u00f3n.<\/p>\n\n\n\n<p><strong>Deducci\u00f3n por donaciones IS (personas jur\u00eddicas)<\/strong><\/p>\n\n\n\n<p>Si haces una donaci\u00f3n como persona jur\u00eddica,&nbsp;<strong>podr\u00e1s desgravarte un 40% del importe donado<\/strong>.<strong>&nbsp;Si llevas m\u00e1s de dos a\u00f1os donando a be artsy,&nbsp;<\/strong>y con un importe equivalente o superior, podr\u00e1s desgravarte hasta&nbsp;<strong>un 50%<\/strong>. La base de la deducci\u00f3n no podr\u00e1 exceder del 15% de la base imponible del periodo de imposici\u00f3n.<\/p>\n<\/div>\n\n\n\n<div class=\"wp-block-column is-layout-flow wp-block-column-is-layout-flow\">\n<figure class=\"wp-block-image size-full\"><img loading=\"lazy\" decoding=\"async\" width=\"1280\" height=\"850\" src=\"https:\/\/beartsy.org\/wp-content\/uploads\/2024\/11\/infografia-desgravacion-1280x850-2-1.png\" alt=\"\" class=\"wp-image-36764\" srcset=\"https:\/\/beartsy.org\/wp-content\/uploads\/2024\/11\/infografia-desgravacion-1280x850-2-1.png 1280w, https:\/\/beartsy.org\/wp-content\/uploads\/2024\/11\/infografia-desgravacion-1280x850-2-1-300x199.png 300w, https:\/\/beartsy.org\/wp-content\/uploads\/2024\/11\/infografia-desgravacion-1280x850-2-1-768x510.png 768w, https:\/\/beartsy.org\/wp-content\/uploads\/2024\/11\/infografia-desgravacion-1280x850-2-1-272x182.png 272w\" sizes=\"auto, (max-width: 1280px) 100vw, 1280px\" \/><\/figure>\n\n\n\n<div class=\"wp-block-columns is-layout-flex wp-container-core-columns-is-layout-9d6595d7 wp-block-columns-is-layout-flex\">\n<div class=\"wp-block-column is-layout-flow wp-block-column-is-layout-flow\">\n<ul class=\"wp-block-list\">\n<li><em>Fuente: Ayuda en Acci\u00f3n<\/em><\/li>\n<\/ul>\n<\/div>\n<\/div>\n<\/div>\n<\/div>\n","protected":false},"excerpt":{"rendered":"<p>El importante apoyo de nuestros donantes nos ayuda a hacer posible nuestro trabajo: Agradecemos las generosas donaciones tanto a la lista de organizaciones y empresas sociales nombradas aqu\u00ed, como a todos los donantes privados individuales que nos han hecho donaciones en repetidas donaciones.Muchas gracias a todos. \u00a1Sin vosotros no podr\u00edamos hacer nuestra labor! Socios: Ruby [&hellip;]<\/p>\n","protected":false},"author":1,"featured_media":0,"parent":0,"menu_order":0,"comment_status":"closed","ping_status":"closed","template":"","meta":{"footnotes":""},"class_list":["post-458","page","type-page","status-publish","hentry"],"_links":{"self":[{"href":"https:\/\/beartsy.org\/es\/wp-json\/wp\/v2\/pages\/458","targetHints":{"allow":["GET"]}}],"collection":[{"href":"https:\/\/beartsy.org\/es\/wp-json\/wp\/v2\/pages"}],"about":[{"href":"https:\/\/beartsy.org\/es\/wp-json\/wp\/v2\/types\/page"}],"author":[{"embeddable":true,"href":"https:\/\/beartsy.org\/es\/wp-json\/wp\/v2\/users\/1"}],"replies":[{"embeddable":true,"href":"https:\/\/beartsy.org\/es\/wp-json\/wp\/v2\/comments?post=458"}],"version-history":[{"count":6,"href":"https:\/\/beartsy.org\/es\/wp-json\/wp\/v2\/pages\/458\/revisions"}],"predecessor-version":[{"id":38445,"href":"https:\/\/beartsy.org\/es\/wp-json\/wp\/v2\/pages\/458\/revisions\/38445"}],"wp:attachment":[{"href":"https:\/\/beartsy.org\/es\/wp-json\/wp\/v2\/media?parent=458"}],"curies":[{"name":"wp","href":"https:\/\/api.w.org\/{rel}","templated":true}]}}