{"id":453,"date":"2016-11-10T02:00:06","date_gmt":"2016-11-10T00:00:06","guid":{"rendered":"http:\/\/beartsy.org\/es\/mission-statement\/"},"modified":"2026-04-07T13:59:25","modified_gmt":"2026-04-07T11:59:25","slug":"mision","status":"publish","type":"page","link":"https:\/\/beartsy.org\/es\/mision\/","title":{"rendered":"Visi\u00f3n, Misi\u00f3n y valores"},"content":{"rendered":"<h2><strong>Misi\u00f3n<\/strong><\/h2>\n<p>Trabajar por la defensa de los derechos humanos, con especial foco en los derechos sexuales y reproductivos de mujeres y ni\u00f1as, promoviendo la salud menstrual, el acceso a la educaci\u00f3n y la autonom\u00eda personal y econ\u00f3mica a trav\u00e9s de procesos comunitarios y educativos.<\/p>\n<p>Utilizamos herramientas creativas como apoyo en estos procesos de educaci\u00f3n y expresi\u00f3n, pero nuestro enfoque se centra en los derechos, la salud y el empoderamiento de las personas.<\/p>\n<h2>Visi\u00f3n<\/h2>\n<p>Un mundo en el que mujeres y ni\u00f1as puedan vivir con dignidad, libres de discriminaci\u00f3n y violencia, con acceso a la educaci\u00f3n, la salud y oportunidades que les permitan decidir sobre su propio futuro.<\/p>\n<h2>Valores<\/h2>\n<p>Derechos humanos e igualdad de g\u00e9nero<br \/>\nTrabajo con contraparte local y liderazgo comunitario<br \/>\nNo paternalismo y respeto cultural<br \/>\nSostenibilidad e impacto a largo plazo<br \/>\nTransparencia y responsabilidad<\/p>\n","protected":false},"excerpt":{"rendered":"<p>Misi\u00f3n Trabajar por la defensa de los derechos humanos, con especial foco en los derechos sexuales y reproductivos de mujeres y ni\u00f1as, promoviendo la salud menstrual, el acceso a la educaci\u00f3n y la autonom\u00eda personal y econ\u00f3mica a trav\u00e9s de procesos comunitarios y educativos. Utilizamos herramientas creativas como apoyo en estos procesos de educaci\u00f3n y [&hellip;]<\/p>\n","protected":false},"author":1,"featured_media":0,"parent":0,"menu_order":0,"comment_status":"closed","ping_status":"closed","template":"","meta":{"footnotes":""},"class_list":["post-453","page","type-page","status-publish","hentry"],"_links":{"self":[{"href":"https:\/\/beartsy.org\/es\/wp-json\/wp\/v2\/pages\/453","targetHints":{"allow":["GET"]}}],"collection":[{"href":"https:\/\/beartsy.org\/es\/wp-json\/wp\/v2\/pages"}],"about":[{"href":"https:\/\/beartsy.org\/es\/wp-json\/wp\/v2\/types\/page"}],"author":[{"embeddable":true,"href":"https:\/\/beartsy.org\/es\/wp-json\/wp\/v2\/users\/1"}],"replies":[{"embeddable":true,"href":"https:\/\/beartsy.org\/es\/wp-json\/wp\/v2\/comments?post=453"}],"version-history":[{"count":1,"href":"https:\/\/beartsy.org\/es\/wp-json\/wp\/v2\/pages\/453\/revisions"}],"predecessor-version":[{"id":38751,"href":"https:\/\/beartsy.org\/es\/wp-json\/wp\/v2\/pages\/453\/revisions\/38751"}],"wp:attachment":[{"href":"https:\/\/beartsy.org\/es\/wp-json\/wp\/v2\/media?parent=453"}],"curies":[{"name":"wp","href":"https:\/\/api.w.org\/{rel}","templated":true}]}}