{"id":430,"date":"2016-11-19T14:53:54","date_gmt":"2016-11-19T12:53:54","guid":{"rendered":"http:\/\/beartsy.org\/es\/create-a-fundraising-challenge\/"},"modified":"2018-12-18T22:32:29","modified_gmt":"2018-12-18T20:32:29","slug":"crea-un-reto-de-microdonaciones","status":"publish","type":"page","link":"https:\/\/beartsy.org\/es\/crea-un-reto-de-microdonaciones\/","title":{"rendered":"Crea un reto de microdonaciones"},"content":{"rendered":"<div id=\"pl-430\" class=\"panel-layout\">\n<div id=\"pg-430-0\" class=\"panel-grid panel-no-style\">\n<div id=\"pgc-430-0-0\" class=\"panel-grid-cell\" data-weight=\"1\">\n<div id=\"panel-430-0-0-0\" class=\"so-panel widget widget_sow-editor panel-first-child panel-last-child\" data-index=\"0\">\n<div class=\"so-widget-sow-editor so-widget-sow-editor-base\">\n<div class=\"siteorigin-widget-tinymce textwidget\">\n<p><span class=\"s1\">En <a href=\"https:\/\/www.migranodearena.org\/crea-reto\/5\/reto-personal-ong\" target=\"_blank\" rel=\"noopener\">www.migranodearena.org\u00a0<\/a>puedes donar, y tambi\u00e9n <a href=\"https:\/\/www.migranodearena.org\/crea-reto\/5\/reto-personal-ong\" target=\"_blank\" rel=\"noopener\">crear tu propio reto para reunir fondos<\/a>. Ah\u00ed lo puedes hacer a tu aire, siempre y cuando se establezca una meta con un importe que tu fijes de antemano.<\/span><\/p>\n<p class=\"p1\"><span class=\"s1\">Recuerda: nuestro objetivo es llevar educaci\u00f3n higi\u00e9nica, menstrual y sexual a las \u00e1reas m\u00e1s remotas de Nepal. All\u00ed, las chicas son consideradas impuras mientras menstr\u00faan y se las priva de las necesidades m\u00e1s b\u00e1sicas durante 7-9 d\u00edas.<\/span><\/p>\n<p class=\"p1\"><span class=\"s1\">Complementaremos esta propuesta con la introducci\u00f3n y distribuci\u00f3n de copas menstruales, que queremos implementar con la ayuda de talleres de fotograf\u00eda participativa. Esto puede ayudar\u00a0a las chicas a encontrar y explicar\u00a0aquello que puede ser mejorado a su alrededor mientras est\u00e1n con la menstruaci\u00f3n. <\/span><\/p>\n<p class=\"p1\">El objetivo a largo plazo: Intentar reducir el <a href=\"https:\/\/beartsy.org\/es\/rato-baltin-project-chhaupadi-proyecto-cubo-rojo\/\" target=\"_blank\" rel=\"noopener\">Chhaupadi<\/a><\/p>\n<\/div>\n<\/div>\n<\/div>\n<\/div>\n<\/div>\n<\/div>\n","protected":false},"excerpt":{"rendered":"<p>En www.migranodearena.org\u00a0puedes donar, y tambi\u00e9n crear tu propio reto para reunir fondos. Ah\u00ed lo puedes hacer a tu aire, siempre y cuando se establezca una meta con un importe que tu fijes de antemano. Recuerda: nuestro objetivo es llevar educaci\u00f3n higi\u00e9nica, menstrual y sexual a las \u00e1reas m\u00e1s remotas de Nepal. All\u00ed, las chicas son [&hellip;]<\/p>\n","protected":false},"author":1,"featured_media":0,"parent":0,"menu_order":0,"comment_status":"closed","ping_status":"closed","template":"","meta":{"footnotes":""},"class_list":["post-430","page","type-page","status-publish","hentry"],"_links":{"self":[{"href":"https:\/\/beartsy.org\/es\/wp-json\/wp\/v2\/pages\/430","targetHints":{"allow":["GET"]}}],"collection":[{"href":"https:\/\/beartsy.org\/es\/wp-json\/wp\/v2\/pages"}],"about":[{"href":"https:\/\/beartsy.org\/es\/wp-json\/wp\/v2\/types\/page"}],"author":[{"embeddable":true,"href":"https:\/\/beartsy.org\/es\/wp-json\/wp\/v2\/users\/1"}],"replies":[{"embeddable":true,"href":"https:\/\/beartsy.org\/es\/wp-json\/wp\/v2\/comments?post=430"}],"version-history":[{"count":0,"href":"https:\/\/beartsy.org\/es\/wp-json\/wp\/v2\/pages\/430\/revisions"}],"wp:attachment":[{"href":"https:\/\/beartsy.org\/es\/wp-json\/wp\/v2\/media?parent=430"}],"curies":[{"name":"wp","href":"https:\/\/api.w.org\/{rel}","templated":true}]}}