{"id":398,"date":"2016-11-10T01:59:07","date_gmt":"2016-11-09T23:59:07","guid":{"rendered":"http:\/\/beartsy.org\/es\/our-history\/"},"modified":"2016-11-29T10:26:28","modified_gmt":"2016-11-29T08:26:28","slug":"historia","status":"publish","type":"page","link":"https:\/\/beartsy.org\/es\/historia\/","title":{"rendered":"Nuestra historia"},"content":{"rendered":"<p><span style=\"font-weight: 400;\">be artsy es una asociaci\u00f3n sin \u00e1nimo de lucro centrada en el desarrollo de proyectos creativos con el objetivo de proporcionar formaci\u00f3n y experiencias a comunidades que, de otro modo, no tendr\u00edan acceso a ello. Nuestra intenci\u00f3n es proporcionar a dichas comunidades (por medio de actividades art\u00edsticas y creativas) herramientas para mejorar la comunicaci\u00f3n y abrir espacios a la reflexi\u00f3n cr\u00edtica con tal de efectuar aquellos cambios internos que crean necesarios. En resumen, nuestra intenci\u00f3n es ayudar a las comunidades locales a trav\u00e9s de la expresi\u00f3n art\u00edstica (con especial \u00e9nfasis en las mujeres y aquellos temas que m\u00e1s les ata\u00f1en). <\/span><\/p>\n<p><span style=\"font-weight: 400;\">Es por este motivo que el proyecto que estamos llevando a cabo en la actualidad, el proyecto Chhaupadi, se centra en los temas de la menstruaci\u00f3n e higiene en las comunidades rurales en Nepal.<\/span><\/p>\n<p>&nbsp;<\/p>\n<p class=\"p1\"><span class=\"s1\">Todo comenz\u00f3 hacia el final de 2014, cuando el Creativity Photo Project &#8211; el embri\u00f3n de lo que se convertir\u00eda en be artsy- se cre\u00f3 y se realizaron talleres de fotograf\u00eda participativa en varios pa\u00edses de Asia.<\/span><\/p>\n<p class=\"p1\"><span class=\"s1\">Despu\u00e9s de dos a\u00f1os y muchas experiencias, nos dimos cuenta de que no s\u00f3lo necesit\u00e1bamos un marco legal -para crecer y desarrollar los proyectos de la forma m\u00e1s apropiada- sino que exist\u00eda un vac\u00edo en el tercer sector que estamos intentado llenar -esto es: llegar a comunidades a trav\u00e9s de la expresi\u00f3n art\u00edstica. Llegar, sobre todo, a mujeres de todo el mundo, ya que son al mismo tiempo las que suelen llevar el peso de las comunidades, y a menudo no son el \u201ctarget\u201d de muchas ONGs.<\/span><\/p>\n<p class=\"p1\"><span class=\"s1\">En pocas palabras, esto es lo que es be artsy: un grupo de personas con diferentes \u201cmochilas\u201d art\u00edsticas, que forman equipo para crear proyectos de cooperaci\u00f3n dirigidos a minor\u00edas y comunidades en riesgo de exclusi\u00f3n.<\/span><\/p>\n<p>&nbsp;<\/p>\n","protected":false},"excerpt":{"rendered":"<p>be artsy es una asociaci\u00f3n sin \u00e1nimo de lucro centrada en el desarrollo de proyectos creativos con el objetivo de proporcionar formaci\u00f3n y experiencias a comunidades que, de otro modo, no tendr\u00edan acceso a ello. Nuestra intenci\u00f3n es proporcionar a dichas comunidades (por medio de actividades art\u00edsticas y creativas) herramientas para mejorar la comunicaci\u00f3n y [&hellip;]<\/p>\n","protected":false},"author":1,"featured_media":0,"parent":0,"menu_order":0,"comment_status":"closed","ping_status":"closed","template":"","meta":{"footnotes":""},"class_list":["post-398","page","type-page","status-publish","hentry"],"_links":{"self":[{"href":"https:\/\/beartsy.org\/es\/wp-json\/wp\/v2\/pages\/398","targetHints":{"allow":["GET"]}}],"collection":[{"href":"https:\/\/beartsy.org\/es\/wp-json\/wp\/v2\/pages"}],"about":[{"href":"https:\/\/beartsy.org\/es\/wp-json\/wp\/v2\/types\/page"}],"author":[{"embeddable":true,"href":"https:\/\/beartsy.org\/es\/wp-json\/wp\/v2\/users\/1"}],"replies":[{"embeddable":true,"href":"https:\/\/beartsy.org\/es\/wp-json\/wp\/v2\/comments?post=398"}],"version-history":[{"count":0,"href":"https:\/\/beartsy.org\/es\/wp-json\/wp\/v2\/pages\/398\/revisions"}],"wp:attachment":[{"href":"https:\/\/beartsy.org\/es\/wp-json\/wp\/v2\/media?parent=398"}],"curies":[{"name":"wp","href":"https:\/\/api.w.org\/{rel}","templated":true}]}}