{"id":374,"date":"2016-11-10T02:47:33","date_gmt":"2016-11-10T00:47:33","guid":{"rendered":"http:\/\/beartsy.org\/es\/donate\/"},"modified":"2022-02-28T04:04:02","modified_gmt":"2022-02-28T02:04:02","slug":"donacion","status":"publish","type":"page","link":"https:\/\/beartsy.org\/es\/donacion\/","title":{"rendered":"Haz una donaci\u00f3n"},"content":{"rendered":"<p>Puedes hacer una donaci\u00f3n puntual o ser colaborador habitual realizando transferencias peri\u00f3dicas (mensuales, trimestrales o anuales) por el importe que desees, Pero si deseas desgravarla de tu declaraci\u00f3n de la renda, necesitamos que nos <strong>env\u00edes tus datos por mail<\/strong> para poderlo comunicar a hacienda.<strong> \u00a1Las donaciones desgravan hasta un 80% de los primeros 150 euros!<\/strong><\/p>\n<h3><strong>Puedes donar mediante Paypal :<\/strong><\/h3>\n<form action=\"https:\/\/www.paypal.com\/cgi-bin\/webscr\" method=\"post\" target=\"_top\"><input name=\"cmd\" type=\"hidden\" value=\"_s-xclick\" \/><br \/>\n<input name=\"hosted_button_id\" type=\"hidden\" value=\"5N658NX6ZBZAE\" \/><br \/>\n<input title=\"PayPal - The safer, easier way to pay online!\" alt=\"Bot\u00f3n Donar con PayPal\" name=\"submit\" src=\"https:\/\/www.paypalobjects.com\/es_ES\/ES\/i\/btn\/btn_donateCC_LG.gif\" type=\"image\" \/><\/p>\n<h3>Puedes donar mediante transferencia bancaria:<\/h3>\n<p><span id=\"result_box\" class=\"\" lang=\"es\"><span class=\"\">Transferencia bancaria a la siguiente cuenta bancaria:<\/span><\/span><\/p>\n<p><span id=\"result_box\" class=\"short_text\" lang=\"es\"><span class=\"\">Titular de la cuenta:\u00a0<\/span><\/span> Associaci\u00f3 be artsy<\/p>\n<p>Banco: Banc Sabadell<\/p>\n<p><strong>IBAN: ES23 0081 0900 8200 0430 1934<\/strong><\/p>\n<p><strong>BIC: BSABESBB<\/strong><\/p>\n<p>Concepto: Donaci\u00f3n puntual o peri\u00f3dica (seg\u00fan opci\u00f3n elegida).<\/p>\n<p><strong><span id=\"result_box\" class=\"\" lang=\"es\"><span class=\"\">(Tu donaci\u00f3n peri\u00f3dica\u00a0nos ayudar\u00e1 a tener una mejor planificaci\u00f3n de nuestro presupuesto para llevar a cabo los proyectos emprendidos.)<\/span><\/span><\/strong><\/p>\n<h3>Y si quieres hacerte amigo de be artsy, socio y asistir a la asamblea anual:<\/h3>\n<\/form>\n<p><a href=\"https:\/\/beartsy.org\/es\/asociate\/\" target=\"_blank\" rel=\"noopener\">Puedes hacerlo aqu\u00ed.\u00a0 \u00a0\u00a1Recuerda que todas las donaciones, si nos dejas tus datos, desgravan en la declaraci\u00f3n de hacienda!<\/a><\/p>\n<p>&nbsp;<\/p>\n<h5 class=\"entry-title single-title\"><a title=\"Protecci\u00f3n de Datos\" href=\"https:\/\/beartsy.org\/es\/proteccion-de-datos\/\">PROTECCI\u00d3N DE DATOS<\/a><\/h5>\n","protected":false},"excerpt":{"rendered":"<p>Puedes hacer una donaci\u00f3n puntual o ser colaborador habitual realizando transferencias peri\u00f3dicas (mensuales, trimestrales o anuales) por el importe que desees, Pero si deseas desgravarla de tu declaraci\u00f3n de la renda, necesitamos que nos env\u00edes tus datos por mail para poderlo comunicar a hacienda. \u00a1Las donaciones desgravan hasta un 80% de los primeros 150 euros! [&hellip;]<\/p>\n","protected":false},"author":1,"featured_media":0,"parent":0,"menu_order":0,"comment_status":"closed","ping_status":"closed","template":"","meta":{"footnotes":""},"class_list":["post-374","page","type-page","status-publish","hentry"],"_links":{"self":[{"href":"https:\/\/beartsy.org\/es\/wp-json\/wp\/v2\/pages\/374","targetHints":{"allow":["GET"]}}],"collection":[{"href":"https:\/\/beartsy.org\/es\/wp-json\/wp\/v2\/pages"}],"about":[{"href":"https:\/\/beartsy.org\/es\/wp-json\/wp\/v2\/types\/page"}],"author":[{"embeddable":true,"href":"https:\/\/beartsy.org\/es\/wp-json\/wp\/v2\/users\/1"}],"replies":[{"embeddable":true,"href":"https:\/\/beartsy.org\/es\/wp-json\/wp\/v2\/comments?post=374"}],"version-history":[{"count":0,"href":"https:\/\/beartsy.org\/es\/wp-json\/wp\/v2\/pages\/374\/revisions"}],"wp:attachment":[{"href":"https:\/\/beartsy.org\/es\/wp-json\/wp\/v2\/media?parent=374"}],"curies":[{"name":"wp","href":"https:\/\/api.w.org\/{rel}","templated":true}]}}