{"id":17049,"date":"2021-07-21T18:02:26","date_gmt":"2021-07-21T16:02:26","guid":{"rendered":"https:\/\/beartsy.org\/privacy-policy\/"},"modified":"2025-04-09T13:50:45","modified_gmt":"2025-04-09T11:50:45","slug":"proteccion-de-datos","status":"publish","type":"page","link":"https:\/\/beartsy.org\/es\/proteccion-de-datos\/","title":{"rendered":"Protecci\u00f3n de Datos"},"content":{"rendered":"\n<p><strong>Pol\u00edtica de privacidad<\/strong><\/p>\n\n\n\n<p>Como <strong>Organizaci\u00f3n no gubernamental para el Desarrollo, ONGD registrada<\/strong>, y asociaci\u00f3n declarada de <strong>Utilidad P\u00fablica<\/strong>, cumplimos con la nueva <a href=\"http:\/\/eur-lex.europa.eu\/legal-content\/ES\/TXT\/HTML\/?uri=CELEX:32016R0679&amp;from=ES\" target=\"_blank\" rel=\"noopener\">Normativa Europea de Protecci\u00f3n de Datos<\/a> (RGPD), que mejora las garant\u00edas en el tratamiento de tus datos personales e introduce nuevos derechos. Estas medidas refuerzan tu capacidad de controlar la informaci\u00f3n que compartes con terceros. A continuaci\u00f3n podr\u00e1s conocer con m\u00e1s detalle nuestra nueva pol\u00edtica de protecci\u00f3n de datos.<\/p>\n\n\n\n<p><strong>\u00bfQui\u00e9n es el responsable del tratamiento de sus datos?<\/strong><\/p>\n\n\n\n<p>Es Associaci\u00f3 <em><strong>be artsy<\/strong><\/em>, con el CIF : G66869694 y domicilio social Correo postal: Passatge Bellcaire-39, casa 26 &#8211; 17130 &#8211; L&#8217;Escala &#8211; Girona\u00a0(Espa\u00f1a). Correo electr\u00f3nico: <a href=\"mailto:info@beartsy.org\" target=\"_blank\" rel=\"noopener\">info@beartsy.org<\/a>.<\/p>\n\n\n\n<p><strong>\u00bfPara qu\u00e9 utilizamos tus datos personales?<\/strong><\/p>\n\n\n\n<p>Los datos personales que nos ha aportado se tratar\u00e1n con la finalidad de ofrecerle informaci\u00f3n sobre las actividades e informaci\u00f3n de inter\u00e9s de <em>be artsy<\/em>. No se tomar\u00e1n decisiones automatizadas bas\u00e1ndonos en dicho perfil, sino que utilizaremos sus datos \u00fanicamente para remitirle la informaci\u00f3n mencionada.<\/p>\n\n\n\n<p><strong>\u00bfPor cu\u00e1nto tiempo conservaremos tus datos?<\/strong><\/p>\n\n\n\n<p>Los datos personales proporcionados se conservar\u00e1n hasta el cese de la actividad para la que se dio de alta, a lo que usted consiente con la aceptaci\u00f3n de esta Pol\u00edtica de Protecci\u00f3n de datos, mientras no se solicite su supresi\u00f3n por la persona interesada.<\/p>\n\n\n\n<p>Podr\u00e1 oponerse en cualquier momento a la conservaci\u00f3n de sus datos para el tratamiento de los mismos con la finalidad de mantenerle informado, comunic\u00e1ndolo por escrito en la siguiente direcci\u00f3n de correo electr\u00f3nico: <a href=\"mailto:info@beartsy.org\" target=\"_blank\" rel=\"noopener\">info@beartsy.org<\/a>.<\/p>\n\n\n\n<p>La base legal para el tratamiento de sus datos est\u00e1 basada en el consentimiento que se le solicita.<\/p>\n\n\n\n<p><strong>\u00bfA qui\u00e9n comunicaremos tus datos?<\/strong><\/p>\n\n\n\n<p>No comunicamos tus datos a terceros. Exclusivamente para poder procesar sus datos personales, otorgamos acceso de sus datos personales a sub-procesadores de datos. Garantizamos un nivel de protecci\u00f3n id\u00e9ntico al hacer las obligaciones contractuales que son oponibles a estos sub-procesadores de datos, y que son id\u00e9nticas a esta Pol\u00edtica de privacidad. Estos son:<\/p>\n\n\n\n<p>\u00b7WordPress<br>\u00b7Mailchimp<\/p>\n\n\n\n<p>Trabajamos con las plataformas de donaciones y apoyo colectivo a proyectos \u00b7DonorBox y \u00b7Migranodearena. Ambas tienen sus pol\u00edticas de protecci\u00f3n de datos de acuerdo con las leyes vigentes.<\/p>\n\n\n\n<p>Con \u00b7GoCardless trabajamos el cobro bancario de cuotas de socios y socias. Tiene sus pol\u00edticas de protecci\u00f3n de datos de acuerdo con las leyes vigentes.<\/p>\n\n\n\n<p><strong>\u00bfCu\u00e1les son tus derechos cuando nos facilitas tus datos?<\/strong><\/p>\n\n\n\n<p>Puede usted ejercer en cualquier momento el derecho a solicitar el acceso a los datos personales relativos al interesado, y su rectificaci\u00f3n o supresi\u00f3n, la limitaci\u00f3n de su tratamiento, a oponerse al tratamiento, as\u00ed como el derecho a la portabilidad de los datos, dirigi\u00e9ndose a la siguiente direcci\u00f3n de correo electr\u00f3nico: info@beartsy.org. Una vez recibida dicha solicitud, atenderemos el ejercicio de sus derechos en los plazos establecidos legalmente y en caso de no haber obtenido satisfacci\u00f3n en el ejercicio de sus derechos podr\u00e1 presentar una reclamaci\u00f3n a la Autoridad de control, Agencia Espa\u00f1ola de Protecci\u00f3n de Datos: <a href=\"https:\/\/www.aepd.es\/es\" target=\"_blank\" rel=\"noopener\">www.aepd.es<\/a>.<\/p>\n","protected":false},"excerpt":{"rendered":"<p>Pol\u00edtica de privacidad Como Organizaci\u00f3n no gubernamental para el Desarrollo, ONGD registrada, y asociaci\u00f3n declarada de Utilidad P\u00fablica, cumplimos con la nueva Normativa Europea de Protecci\u00f3n de Datos (RGPD), que mejora las garant\u00edas en el tratamiento de tus datos personales e introduce nuevos derechos. Estas medidas refuerzan tu capacidad de controlar la informaci\u00f3n que compartes [&hellip;]<\/p>\n","protected":false},"author":7,"featured_media":0,"parent":0,"menu_order":0,"comment_status":"closed","ping_status":"closed","template":"","meta":{"footnotes":""},"class_list":["post-17049","page","type-page","status-publish","hentry"],"_links":{"self":[{"href":"https:\/\/beartsy.org\/es\/wp-json\/wp\/v2\/pages\/17049","targetHints":{"allow":["GET"]}}],"collection":[{"href":"https:\/\/beartsy.org\/es\/wp-json\/wp\/v2\/pages"}],"about":[{"href":"https:\/\/beartsy.org\/es\/wp-json\/wp\/v2\/types\/page"}],"author":[{"embeddable":true,"href":"https:\/\/beartsy.org\/es\/wp-json\/wp\/v2\/users\/7"}],"replies":[{"embeddable":true,"href":"https:\/\/beartsy.org\/es\/wp-json\/wp\/v2\/comments?post=17049"}],"version-history":[{"count":2,"href":"https:\/\/beartsy.org\/es\/wp-json\/wp\/v2\/pages\/17049\/revisions"}],"predecessor-version":[{"id":38274,"href":"https:\/\/beartsy.org\/es\/wp-json\/wp\/v2\/pages\/17049\/revisions\/38274"}],"wp:attachment":[{"href":"https:\/\/beartsy.org\/es\/wp-json\/wp\/v2\/media?parent=17049"}],"curies":[{"name":"wp","href":"https:\/\/api.w.org\/{rel}","templated":true}]}}