{"id":16217,"date":"2021-05-05T12:00:38","date_gmt":"2021-05-05T10:00:38","guid":{"rendered":"https:\/\/beartsy.org\/be-artsy-ngo-facing-chhaupadi-in-nepal-since-2016\/"},"modified":"2026-03-26T12:50:59","modified_gmt":"2026-03-26T10:50:59","slug":"be-artsy-ngo-facing-chhaupadi-in-nepal-since-2016","status":"publish","type":"page","link":"https:\/\/beartsy.org\/es\/","title":{"rendered":"Empoderando mujeres a trav\u00e9s del arte. C\u00f3mo acabar con el tab\u00fa menstrual."},"content":{"rendered":"\n<div class=\"wp-block-columns is-layout-flex wp-container-core-columns-is-layout-9d6595d7 wp-block-columns-is-layout-flex\">\n<div class=\"wp-block-column is-layout-flow wp-block-column-is-layout-flow\">\n<div class=\"wp-block-cover\"><img decoding=\"async\" class=\"wp-block-cover__image-background wp-image-16190\" alt=\"\" src=\"https:\/\/beartsy.org\/wp-content\/uploads\/2021\/05\/IMG_6594-cabecera-scaled.jpg\" data-object-fit=\"cover\"\/><span aria-hidden=\"true\" class=\"wp-block-cover__background has-background-dim\" style=\"background-color:#906d65\"><\/span><div class=\"wp-block-cover__inner-container is-layout-constrained wp-block-cover-is-layout-constrained\">\n<p><\/p>\n\n\n\n<p><\/p>\n\n\n\n<p class=\"has-text-align-center has-white-color has-text-color has-link-color has-large-font-size wp-elements-fbcbc477f1e47e8464ba3382f7040d59\">Proyecto Rato Baltin<\/p>\n\n\n\n<p class=\"has-text-align-center has-white-color has-text-color has-link-color wp-elements-9c7ac0a34d6506b3d3549b35091eb172\">Salud menstrual y empoderamiento femenino<\/p>\n<\/div><\/div>\n<\/div>\n<\/div>\n\n\n\n<h2 class=\"wp-block-heading has-text-align-center\">\u00bfQu\u00e9 hacemos?<\/h2>\n\n\n\n<p class=\"has-text-align-center\">El proyecto Rato Baltin promueve desde 2017 el empoderamiento de las mujeres de zonas rurales de Nepal en sus derechos humanos, sexuales y reproductivos. Utiliza la fotograf\u00eda participativa, la educaci\u00f3n sobre salud menstrual y la formaci\u00f3n profesional para ayudarlas a romper con la tradici\u00f3n del chhaupadi, beneficiando a m\u00e1s de 100.000 participantes hasta la fecha.<\/p>\n\n\n<div class=\"wp-block-image\">\n<figure class=\"aligncenter size-large is-resized\"><img loading=\"lazy\" decoding=\"async\" width=\"727\" height=\"1024\" src=\"https:\/\/beartsy.org\/wp-content\/uploads\/2024\/12\/Rato-Baltin-logo-vermell-727x1024.png\" alt=\"\" class=\"wp-image-36950\" style=\"width:170px;height:auto\" srcset=\"https:\/\/beartsy.org\/wp-content\/uploads\/2024\/12\/Rato-Baltin-logo-vermell-727x1024.png 727w, https:\/\/beartsy.org\/wp-content\/uploads\/2024\/12\/Rato-Baltin-logo-vermell-213x300.png 213w, https:\/\/beartsy.org\/wp-content\/uploads\/2024\/12\/Rato-Baltin-logo-vermell.png 746w\" sizes=\"auto, (max-width: 727px) 100vw, 727px\" \/><\/figure>\n<\/div>\n\n\n<h2 class=\"wp-block-heading has-text-align-center\">El proyecto Rato Baltin consta de 3 ramas<\/h2>\n\n\n\n<div class=\"wp-block-columns has-white-color has-text-color has-background has-link-color wp-elements-955dcf1ee0d73f181313b72a47051854 is-layout-flex wp-container-core-columns-is-layout-9d6595d7 wp-block-columns-is-layout-flex\" style=\"background-color:#ff0037\">\n<div class=\"wp-block-column is-layout-flow wp-block-column-is-layout-flow\">\n<h2 class=\"wp-block-heading has-text-align-left\"><a title=\"https:\/\/beartsy.org\/es\/rato-baltin-project-chhaupadi-proyecto-cubo-rojo\/\" href=\"https:\/\/beartsy.org\/es\/rato-baltin-project-chhaupadi-proyecto-cubo-rojo\/\" target=\"_blank\" rel=\"noreferrer noopener nofollow\">Cubo Rojo<\/a><\/h2>\n\n\n\n<p class=\"has-white-color has-text-color has-link-color wp-elements-1285f5b18d48129079c8c36b5943272f\">El proyecto <em><strong>Rato Baltin<\/strong><\/em> (Cubo Rojo) es una iniciativa humanitaria en Nepal que aborda la salud menstrual, la igualdad de g\u00e9nero y el empoderamiento femenino mediante educaci\u00f3n, distribuci\u00f3n de copas menstruales y talleres de fotograf\u00eda participativa. <br>Su objetivo es eliminar pr\u00e1cticas nocivas como el Chhaupadi y promover el bienestar de las mujeres y ni\u00f1as en las comunidades rurales.<\/p>\n<\/div>\n\n\n\n<div class=\"wp-block-column is-layout-flow wp-block-column-is-layout-flow\">\n<h2 class=\"wp-block-heading has-text-align-left\"><a title=\"https:\/\/beartsy.org\/es\/proyecto-mujeres-felices\/\" href=\"https:\/\/beartsy.org\/es\/proyecto-mujeres-felices\/\" target=\"_blank\" rel=\"noreferrer noopener nofollow\">Happy Women <\/a><\/h2>\n\n\n\n<p class=\"has-white-color has-text-color has-link-color wp-elements-151014a23f66408b0ba1b41239cc4b5b\">El Proyecto <strong><em>Happy Women de be artsy<\/em> <\/strong>empodera a mujeres en Achham, Nepal, ofreciendo formaci\u00f3n y oportunidades econ\u00f3micas para mejorar su calidad de vida. Con un centro de formaci\u00f3n, se ense\u00f1an habilidades pr\u00e1cticas y se fomenta el esp\u00edritu empresarial, contribuyendo al desarrollo sostenible y la autonom\u00eda econ\u00f3mica de las mujeres.<\/p>\n<\/div>\n\n\n\n<div class=\"wp-block-column is-layout-flow wp-block-column-is-layout-flow\">\n<h2 class=\"wp-block-heading has-text-align-left\"><a href=\"https:\/\/beartsy.org\/es\/edufem\/\" target=\"_blank\" rel=\"noreferrer noopener nofollow\" title=\"https:\/\/beartsy.org\/es\/edufem\/\">EDUFEM<\/a><\/h2>\n\n\n\n<p class=\"has-text-align-left has-white-color has-text-color has-link-color wp-elements-6e94dfa9b63f53fcdaef2213717f09f6\">El proyecto <em><strong>Edufem<\/strong><\/em> de be artsy en Nepal ofrece becas a ni\u00f1as para asegurar su acceso a la educaci\u00f3n, previniendo matrimonios tempranos. Este proyecto se basa en la idea de que, por cada a\u00f1o en el sistema educativo, puede retrasar unos 2 a\u00f1os la edad en que las ni\u00f1as se casan. Adem\u00e1s, proporciona oportunidades laborales, promoviendo la igualdad de g\u00e9nero y el empoderamiento femenino en la comunidad.<\/p>\n<\/div>\n<\/div>\n\n\n\n<div class=\"wp-block-buttons is-content-justification-center is-layout-flex wp-container-core-buttons-is-layout-5590e8cb wp-block-buttons-is-layout-flex\">\n<div class=\"wp-block-button has-custom-width wp-block-button__width-50\"><a class=\"wp-block-button__link has-background has-medium-font-size has-text-align-center has-custom-font-size wp-element-button\" href=\"https:\/\/donorbox.org\/rato-baltin-cubo-rojo\" style=\"border-radius:14px;background-color:#ff0037\" target=\"_blank\" rel=\"noreferrer noopener nofollow\">QUIERO AYUDAR CON UN DONATIVO<\/a><\/div>\n<\/div>\n\n\n\n<div style=\"height:98px\" aria-hidden=\"true\" class=\"wp-block-spacer\"><\/div>\n\n\n<h2 style=\"text-align: center;\">El problema en un minuto: La Regla Mata<\/h2>\n\n\n\n\n<div style=\"height:100px\" aria-hidden=\"true\" class=\"wp-block-spacer\"><\/div>\n\n\n\n<h2 class=\"wp-block-heading has-text-align-center\">Tus donaciones ahora tienen recompensas: Vela Solidarias.<\/h2>\n\n\n<div class=\"wp-block-image\">\n<figure class=\"aligncenter size-full\"><a href=\"https:\/\/www.beartsy.org\/catalogo-velas-solidarias\" target=\"_blank\" rel=\" noreferrer noopener\"><img loading=\"lazy\" decoding=\"async\" width=\"910\" height=\"500\" src=\"https:\/\/beartsy.org\/wp-content\/uploads\/2025\/11\/banner-web-velas-solidarias.png\" alt=\"\" class=\"wp-image-38613\" srcset=\"https:\/\/beartsy.org\/wp-content\/uploads\/2025\/11\/banner-web-velas-solidarias.png 910w, https:\/\/beartsy.org\/wp-content\/uploads\/2025\/11\/banner-web-velas-solidarias-300x165.png 300w, https:\/\/beartsy.org\/wp-content\/uploads\/2025\/11\/banner-web-velas-solidarias-768x422.png 768w\" sizes=\"auto, (max-width: 910px) 100vw, 910px\" \/><\/a><\/figure>\n<\/div>\n\n\n<div style=\"height:100px\" aria-hidden=\"true\" class=\"wp-block-spacer\"><\/div>\n\n\n<\/p>\n<p>\n\n\n<div class=\"wp-block-columns is-layout-flex wp-container-core-columns-is-layout-9d6595d7 wp-block-columns-is-layout-flex\">\n<div class=\"wp-block-column is-layout-flow wp-block-column-is-layout-flow\" style=\"flex-basis:30%\">\n<figure class=\"wp-block-image size-full is-resized\"><img decoding=\"async\" src=\"https:\/\/beartsy.org\/wp-content\/uploads\/2024\/12\/Charity-shop.png\" alt=\"\" class=\"wp-image-38607\" style=\"width:236px;height:auto\"\/><\/figure>\n<\/div>\n\n\n\n<div class=\"wp-block-column is-layout-flow wp-block-column-is-layout-flow\" style=\"flex-basis:70%\">\n<h2 class=\"wp-block-heading\">Happy Women of be artsy<\/h2>\n\n\n\n<p><\/p>\n\n\n\n<p>Para obtener financiamiento para el proyecto, adem\u00e1s de las contribuciones de las personas asociadas, las empresas colaboradoras y las subvenciones de algunos ayuntamientos, hemos establecido una l\u00ednea de productos solidarios, de forma voluntaria, que intercambiamos mediante donaciones en mercados y ferias.<\/p>\n\n\n\n<p><\/p>\n<\/div>\n<\/div>\n\n\n<\/p>\n<p>\n\n\n<\/p>\n<p>\n\n\n<\/p>\n\n\n<p><\/p>\n","protected":false},"excerpt":{"rendered":"<p>\u00bfQu\u00e9 hacemos? El proyecto Rato Baltin promueve desde 2017 el empoderamiento de las mujeres de zonas rurales de Nepal en sus derechos humanos, sexuales y reproductivos. Utiliza la fotograf\u00eda participativa, la educaci\u00f3n sobre salud menstrual y la formaci\u00f3n profesional para ayudarlas a romper con la tradici\u00f3n del chhaupadi, beneficiando a m\u00e1s de 100.000 participantes hasta [&hellip;]<\/p>\n","protected":false},"author":1,"featured_media":38676,"parent":0,"menu_order":0,"comment_status":"closed","ping_status":"closed","template":"template-fullwidth-no-title.php","meta":{"footnotes":""},"class_list":["post-16217","page","type-page","status-publish","has-post-thumbnail","hentry"],"_links":{"self":[{"href":"https:\/\/beartsy.org\/es\/wp-json\/wp\/v2\/pages\/16217","targetHints":{"allow":["GET"]}}],"collection":[{"href":"https:\/\/beartsy.org\/es\/wp-json\/wp\/v2\/pages"}],"about":[{"href":"https:\/\/beartsy.org\/es\/wp-json\/wp\/v2\/types\/page"}],"author":[{"embeddable":true,"href":"https:\/\/beartsy.org\/es\/wp-json\/wp\/v2\/users\/1"}],"replies":[{"embeddable":true,"href":"https:\/\/beartsy.org\/es\/wp-json\/wp\/v2\/comments?post=16217"}],"version-history":[{"count":16,"href":"https:\/\/beartsy.org\/es\/wp-json\/wp\/v2\/pages\/16217\/revisions"}],"predecessor-version":[{"id":38683,"href":"https:\/\/beartsy.org\/es\/wp-json\/wp\/v2\/pages\/16217\/revisions\/38683"}],"wp:featuredmedia":[{"embeddable":true,"href":"https:\/\/beartsy.org\/es\/wp-json\/wp\/v2\/media\/38676"}],"wp:attachment":[{"href":"https:\/\/beartsy.org\/es\/wp-json\/wp\/v2\/media?parent=16217"}],"curies":[{"name":"wp","href":"https:\/\/api.w.org\/{rel}","templated":true}]}}