{"id":12595,"date":"2021-02-01T16:44:06","date_gmt":"2021-02-01T14:44:06","guid":{"rendered":"https:\/\/beartsy.org\/?page_id=12595"},"modified":"2026-03-26T13:53:39","modified_gmt":"2026-03-26T11:53:39","slug":"proyecto-mujeres-felices","status":"publish","type":"page","link":"https:\/\/beartsy.org\/es\/proyecto-mujeres-felices\/","title":{"rendered":"Centro de formaci\u00f3n Happy Women"},"content":{"rendered":"\n<div class=\"wp-block-columns is-layout-flex wp-container-core-columns-is-layout-9d6595d7 wp-block-columns-is-layout-flex\">\n<div class=\"wp-block-column is-layout-flow wp-block-column-is-layout-flow\" style=\"flex-basis:100%\">\n<div class=\"wp-block-group\"><div class=\"wp-block-group__inner-container is-layout-flow wp-block-group-is-layout-flow\">\n<div class=\"wp-block-columns is-layout-flex wp-container-core-columns-is-layout-9d6595d7 wp-block-columns-is-layout-flex\">\n<div class=\"wp-block-column is-layout-flow wp-block-column-is-layout-flow\">\n<p>En Achham, al oeste de Nepal, muchas mujeres no han tenido nunca la oportunidad de decidir sobre su propia vida.<\/p>\n\n\n\n<blockquote class=\"wp-block-quote is-layout-flow wp-block-quote-is-layout-flow\">\n<p>Algunas han enviudado siendo muy j\u00f3venes y, al morir sus maridos, son expulsadas de sus casas y pierden el acceso a la tierra.<\/p>\n\n\n\n<p>Otras fueron casadas antes de los 18 a\u00f1os. Matrimonios infantiles que, en muchos casos, no est\u00e1n registrados. Cuando son abandonadas, no tienen ning\u00fan tipo de reconocimiento legal ni apoyo institucional o social.<\/p>\n\n\n\n<p>A todas ellas se las conoce como \u201cmujeres solas\u201d.<\/p>\n\n\n\n<p>Pero todas comparten una misma realidad: la falta de oportunidades para construir un futuro con autonom\u00eda.<\/p>\n\n\n\n<p>El Happy Women Training Center nace precisamente aqu\u00ed. No como un espacio formativo m\u00e1s, sino como un lugar donde empezar de nuevo.<\/p>\n<\/blockquote>\n\n\n\n<hr class=\"wp-block-separator has-alpha-channel-opacity\"\/>\n\n\n\n<h3 class=\"wp-block-heading\">Cuando una mujer no tiene ingresos, no puede decidir.<br>Cuando no puede decidir, no puede salir de situaciones de violencia, dependencia o exclusi\u00f3n.<\/h3>\n\n\n\n<blockquote class=\"wp-block-quote is-layout-flow wp-block-quote-is-layout-flow\">\n<p>Durante a\u00f1os, hemos trabajado en salud menstrual y educaci\u00f3n. Pero hab\u00eda una pregunta que no pod\u00edamos ignorar:<\/p>\n\n\n\n<p><strong>\u00bfqu\u00e9 pasa despu\u00e9s?<\/strong><\/p>\n\n\n\n<p>El cambio real no llega solo con informaci\u00f3n.<br>Llega cuando una mujer puede generar sus propios ingresos, sostenerse y ser reconocida dentro de su comunidad.<\/p>\n\n\n\n<p>Por eso creamos el Happy Women Training Center:<br>para pasar de la sensibilizaci\u00f3n a la autonom\u00eda.<\/p>\n<\/blockquote>\n\n\n\n<hr class=\"wp-block-separator has-alpha-channel-opacity\"\/>\n\n\n\n<h3 class=\"wp-block-heading\">Hoy, el proyecto forma parte de la estrategia global de be artsy para generar cambios sostenibles a largo plazo.<\/h3>\n\n\n\n<p><strong><strong>Impacto global hasta 2026 del proyecto Rato Baltin:<\/strong><\/strong><\/p>\n\n\n\n<ul class=\"wp-block-list\">\n<li>105.931 personas han participado en nuestros proyectos<\/li>\n\n\n\n<li>5.835 chicas utilizan actualmente la copa menstrual en Achham<\/li>\n<\/ul>\n\n\n\n<p><strong>Desde el Happy Women Training Center:<\/strong><\/p>\n\n\n\n<ul class=\"wp-block-list\">\n<li>Formaci\u00f3n en costura y producci\u00f3n de compresas reutilizables<\/li>\n\n\n\n<li>Talleres de incienso con materiales locales<\/li>\n\n\n\n<li>Talleres de conservas<\/li>\n\n\n\n<li>Talleres de jabones naturales<\/li>\n\n\n\n<li>Espacios seguros para mujeres en situaci\u00f3n de vulnerabilidad<\/li>\n<\/ul>\n\n\n\n<p>Este centro no solo ofrece formaci\u00f3n.<br>Ofrece una alternativa real a la dependencia econ\u00f3mica.<\/p>\n\n\n\n<hr class=\"wp-block-separator has-alpha-channel-opacity\"\/>\n\n\n\n<p><strong>T\u00fa tambi\u00e9n puedes formar parte de este cambio.<\/strong><\/p>\n\n\n\n<p>Con tu apoyo:<\/p>\n\n\n\n<ul class=\"wp-block-list\">\n<li>puede decidir sobre su vida<\/li>\n\n\n\n<li>una mujer puede acceder a formaci\u00f3n<\/li>\n\n\n\n<li>puede generar ingresos<\/li>\n<\/ul>\n\n\n\n<p><br><\/p>\n\n\n\n<figure class=\"wp-block-gallery has-nested-images columns-default is-cropped wp-block-gallery-1 is-layout-flex wp-block-gallery-is-layout-flex\">\n<figure class=\"wp-block-image size-large\"><img decoding=\"async\" data-id=\"38710\" src=\"https:\/\/beartsy.org\/wp-content\/uploads\/2026\/03\/IMG-20231012-WA0148-1.jpg\" alt=\"\" class=\"wp-image-38710\"\/><\/figure>\n\n\n\n<figure class=\"wp-block-image size-large\"><img loading=\"lazy\" decoding=\"async\" width=\"1536\" height=\"1024\" data-id=\"38717\" src=\"https:\/\/beartsy.org\/wp-content\/uploads\/2026\/03\/IMG_8853-1-1536x1024.jpg\" alt=\"\" class=\"wp-image-38717\" srcset=\"https:\/\/beartsy.org\/wp-content\/uploads\/2026\/03\/IMG_8853-1-1536x1024.jpg 1536w, https:\/\/beartsy.org\/wp-content\/uploads\/2026\/03\/IMG_8853-1-300x200.jpg 300w, https:\/\/beartsy.org\/wp-content\/uploads\/2026\/03\/IMG_8853-1-768x512.jpg 768w, https:\/\/beartsy.org\/wp-content\/uploads\/2026\/03\/IMG_8853-1-2048x1365.jpg 2048w, https:\/\/beartsy.org\/wp-content\/uploads\/2026\/03\/IMG_8853-1-272x182.jpg 272w\" sizes=\"auto, (max-width: 1536px) 100vw, 1536px\" \/><\/figure>\n\n\n\n<figure class=\"wp-block-image size-large\"><img loading=\"lazy\" decoding=\"async\" width=\"1365\" height=\"1024\" data-id=\"38702\" src=\"https:\/\/beartsy.org\/wp-content\/uploads\/2026\/03\/IMG_5230-1-1365x1024.jpg\" alt=\"\" class=\"wp-image-38702\" srcset=\"https:\/\/beartsy.org\/wp-content\/uploads\/2026\/03\/IMG_5230-1-1365x1024.jpg 1365w, https:\/\/beartsy.org\/wp-content\/uploads\/2026\/03\/IMG_5230-1-300x225.jpg 300w, https:\/\/beartsy.org\/wp-content\/uploads\/2026\/03\/IMG_5230-1-768x576.jpg 768w, https:\/\/beartsy.org\/wp-content\/uploads\/2026\/03\/IMG_5230-1-1536x1152.jpg 1536w, https:\/\/beartsy.org\/wp-content\/uploads\/2026\/03\/IMG_5230-1-2048x1536.jpg 2048w\" sizes=\"auto, (max-width: 1365px) 100vw, 1365px\" \/><\/figure>\n\n\n\n<figure class=\"wp-block-image size-large\"><img loading=\"lazy\" decoding=\"async\" width=\"1536\" height=\"1024\" data-id=\"38716\" src=\"https:\/\/beartsy.org\/wp-content\/uploads\/2026\/03\/IMG_0229-min-1-1536x1024.jpg\" alt=\"\" class=\"wp-image-38716\" srcset=\"https:\/\/beartsy.org\/wp-content\/uploads\/2026\/03\/IMG_0229-min-1-1536x1024.jpg 1536w, https:\/\/beartsy.org\/wp-content\/uploads\/2026\/03\/IMG_0229-min-1-300x200.jpg 300w, https:\/\/beartsy.org\/wp-content\/uploads\/2026\/03\/IMG_0229-min-1-768x512.jpg 768w, https:\/\/beartsy.org\/wp-content\/uploads\/2026\/03\/IMG_0229-min-1-2048x1365.jpg 2048w, https:\/\/beartsy.org\/wp-content\/uploads\/2026\/03\/IMG_0229-min-1-272x182.jpg 272w\" sizes=\"auto, (max-width: 1536px) 100vw, 1536px\" \/><\/figure>\n<\/figure>\n<\/div>\n\n\n\n<div class=\"wp-block-column is-layout-flow wp-block-column-is-layout-flow\" style=\"flex-basis:40%\">\n<p><script src=\"https:\/\/donorbox.org\/widget.js\" paypalexpress=\"true\"><\/script><iframe loading=\"lazy\" style=\"max-width: 500px; min-width: 250px; max-height: none!important;\" src=\"https:\/\/donorbox.org\/embed\/happy-women-project\" name=\"donorbox\" width=\"100%\" height=\"900px\" frameborder=\"0\" scrolling=\"no\" seamless=\"seamless\"><\/iframe><\/p>\n<\/div>\n<\/div>\n<\/div><\/div>\n<\/div>\n<\/div>\n","protected":false},"excerpt":{"rendered":"<p>En Achham, al oeste de Nepal, muchas mujeres no han tenido nunca la oportunidad de decidir sobre su propia vida. Algunas han enviudado siendo muy j\u00f3venes y, al morir sus maridos, son expulsadas de sus casas y pierden el acceso a la tierra. Otras fueron casadas antes de los 18 a\u00f1os. Matrimonios infantiles que, en [&hellip;]<\/p>\n","protected":false},"author":1,"featured_media":38702,"parent":0,"menu_order":0,"comment_status":"closed","ping_status":"closed","template":"template-fullwidth.php","meta":{"footnotes":""},"class_list":["post-12595","page","type-page","status-publish","has-post-thumbnail","hentry"],"_links":{"self":[{"href":"https:\/\/beartsy.org\/es\/wp-json\/wp\/v2\/pages\/12595","targetHints":{"allow":["GET"]}}],"collection":[{"href":"https:\/\/beartsy.org\/es\/wp-json\/wp\/v2\/pages"}],"about":[{"href":"https:\/\/beartsy.org\/es\/wp-json\/wp\/v2\/types\/page"}],"author":[{"embeddable":true,"href":"https:\/\/beartsy.org\/es\/wp-json\/wp\/v2\/users\/1"}],"replies":[{"embeddable":true,"href":"https:\/\/beartsy.org\/es\/wp-json\/wp\/v2\/comments?post=12595"}],"version-history":[{"count":2,"href":"https:\/\/beartsy.org\/es\/wp-json\/wp\/v2\/pages\/12595\/revisions"}],"predecessor-version":[{"id":38722,"href":"https:\/\/beartsy.org\/es\/wp-json\/wp\/v2\/pages\/12595\/revisions\/38722"}],"wp:featuredmedia":[{"embeddable":true,"href":"https:\/\/beartsy.org\/es\/wp-json\/wp\/v2\/media\/38702"}],"wp:attachment":[{"href":"https:\/\/beartsy.org\/es\/wp-json\/wp\/v2\/media?parent=12595"}],"curies":[{"name":"wp","href":"https:\/\/api.w.org\/{rel}","templated":true}]}}