{"id":7836,"date":"2020-01-21T18:04:24","date_gmt":"2020-01-21T16:04:24","guid":{"rendered":"https:\/\/beartsy.org\/?page_id=7836"},"modified":"2020-05-14T12:46:56","modified_gmt":"2020-05-14T10:46:56","slug":"edufem","status":"publish","type":"page","link":"https:\/\/beartsy.org\/ca\/edufem\/","title":{"rendered":"Edufem &#8211; Suport en el dia a dia, i pagament de l&#8217;escola superior per prevenir el matrimoni infantil a Achham"},"content":{"rendered":"<p>Aquest projecte es basa en la premissa que per cada any d&#8217;educaci\u00f3 podem retardar dos anys l&#8217;edat de casament de les nenes en les zones rurals de Nepal on treballem. \u00c9s un projecte paral\u00b7lel al\u00a0<a href=\"https:\/\/beartsy.org\/ca\/rato-baltin-project-chhaupadi-projecte-galleda-vermella\/\" target=\"_blank\" rel=\"noopener\">projecte Rato Baltin<\/a>.<\/p>\n<p>A les zones on treballa <em>be artsy<\/em> amb el projecte Rato Baltin, ens trobem amb moltes nenes casades i amb nens a l&#8217;edat de 13\/17 anys. Hi ha moltes nenes que s\u00f3n casades abans d&#8217;acabar la prim\u00e0ria (classes 10) i si no les casen abans, les casen en aquest moment. Moltes realitzen l&#8217;examen de classe 10 i immediatament es casen, moltes no arriben ni a realitzar-lo, perqu\u00e8 saben que el seu futur passa per casar-se i anar-se&#8217;n a treballar a casa dels sogres. Algunes d&#8217;elles repeteixen curs moltes vegades perqu\u00e8 no poden anar a l&#8217;escola, han de treballar a les terres dels pares.<\/p>\n<p>A <em>be artsy<\/em>, els darrers dos anys hem <strong>decidit donar-los una oportunitat a aquestes noies<\/strong>, i a les que s\u00f3n m\u00e9s vives i tenen ganes de millorar, els donem treball en el projecte que dura uns 2 o 3 mesos a l&#8217;any. El projecte Rato Baltin es realitza just despr\u00e9s que les nenes realitzen els ex\u00e0mens i d&#8217;aquesta manera, podem donar-los treball i una experi\u00e8ncia laboral durant els mesos que esperen el resultat del seu examen.<\/p>\n<p>&nbsp;<\/p>\n<p><img loading=\"lazy\" decoding=\"async\" class=\"wp-image-7728 size-full\" style=\"font-weight: bold; color: #000000;\" src=\"https:\/\/beartsy.org\/wp-content\/uploads\/2020\/01\/Sunita-Manisha-Nath-Tejana.jpeg\" alt=\"Sunita, Manisha Nath, i Tejana\" width=\"1000\" height=\"563\" srcset=\"https:\/\/beartsy.org\/wp-content\/uploads\/2020\/01\/Sunita-Manisha-Nath-Tejana.jpeg 1000w, https:\/\/beartsy.org\/wp-content\/uploads\/2020\/01\/Sunita-Manisha-Nath-Tejana-300x169.jpeg 300w, https:\/\/beartsy.org\/wp-content\/uploads\/2020\/01\/Sunita-Manisha-Nath-Tejana-768x432.jpeg 768w\" sizes=\"auto, (max-width: 1000px) 100vw, 1000px\" \/><\/p>\n<p>Sunita, Manisha Nath, i Tejana.<\/p>\n<p>Entre aquestes nenes han anat sorgint nenes que ens han arribat al cor per diferents motius, i el 2018 vam decidir crear una prova pilot d&#8217;apadrinament. Clara, personalment, es va fer c\u00e0rrec de la manutenci\u00f3 i dinar de 2 de les noies a la capital de districte d&#8217;Achham: Mangalsen.<\/p>\n<p>Ha estat una experi\u00e8ncia molt positiva i aquestes nenes, amb pares amb problemes d&#8217;alcoholisme, malaltia mental, pobresa extrema, que mai s&#8217;havien plantejat poder estudiar, s&#8217;han apoderat i s&#8217;estan convertint en unes dones amb molta energia i ganes de fer coses, estan guanyant en autoseguretat i comencen a voler canviar el m\u00f3n, per fer-lo un lloc una mica m\u00e9s just per a les noies.<\/p>\n<p>Aix\u00f2 ens va portar a plantejar-nos la continu\u00eftat del projecte.\u00a0En 2019, a m\u00e9s de les 2 primeres noies, que ja s\u00f3n a classe 12 i s\u00f3n les coordinadores del projecte Rato Baltin en Achham, apadrinem 4 noies m\u00e9s que havien estat treballant amb nosaltres durant la realitzaci\u00f3 del projecte.<\/p>\n<div id='gallery-1' class='gallery galleryid-7836 gallery-columns-2 gallery-size-medium'><figure class='gallery-item'>\n\t\t\t<div class='gallery-icon portrait'>\n\t\t\t\t<a href='https:\/\/beartsy.org\/wp-content\/uploads\/2020\/01\/Sangita..jpeg' title=\"\" data-rl_title=\"\" class=\"rl-gallery-link\" data-rl_caption=\"\" data-rel=\"lightbox-gallery-1\"><img loading=\"lazy\" decoding=\"async\" width=\"225\" height=\"300\" src=\"https:\/\/beartsy.org\/wp-content\/uploads\/2020\/01\/Sangita.-225x300.jpeg\" class=\"attachment-medium size-medium\" alt=\"Sangita\" aria-describedby=\"gallery-1-7910\" srcset=\"https:\/\/beartsy.org\/wp-content\/uploads\/2020\/01\/Sangita.-225x300.jpeg 225w, https:\/\/beartsy.org\/wp-content\/uploads\/2020\/01\/Sangita..jpeg 768w\" sizes=\"auto, (max-width: 225px) 100vw, 225px\" \/><\/a>\n\t\t\t<\/div>\n\t\t\t\t<figcaption class='wp-caption-text gallery-caption' id='gallery-1-7910'>\n\t\t\t\tSangita.\n\t\t\t\t<\/figcaption><\/figure><figure class='gallery-item'>\n\t\t\t<div class='gallery-icon landscape'>\n\t\t\t\t<a href='https:\/\/beartsy.org\/wp-content\/uploads\/2020\/01\/Manisha-B.-Tulasi-i-Kamala.jpeg' title=\"\" data-rl_title=\"\" class=\"rl-gallery-link\" data-rl_caption=\"\" data-rel=\"lightbox-gallery-1\"><img loading=\"lazy\" decoding=\"async\" width=\"300\" height=\"225\" src=\"https:\/\/beartsy.org\/wp-content\/uploads\/2020\/01\/Manisha-B.-Tulasi-i-Kamala-300x225.jpeg\" class=\"attachment-medium size-medium\" alt=\"Manisha B. Tulasi i Kamala.\" aria-describedby=\"gallery-1-7907\" srcset=\"https:\/\/beartsy.org\/wp-content\/uploads\/2020\/01\/Manisha-B.-Tulasi-i-Kamala-300x225.jpeg 300w, https:\/\/beartsy.org\/wp-content\/uploads\/2020\/01\/Manisha-B.-Tulasi-i-Kamala-768x576.jpeg 768w, https:\/\/beartsy.org\/wp-content\/uploads\/2020\/01\/Manisha-B.-Tulasi-i-Kamala.jpeg 1024w\" sizes=\"auto, (max-width: 300px) 100vw, 300px\" \/><\/a>\n\t\t\t<\/div>\n\t\t\t\t<figcaption class='wp-caption-text gallery-caption' id='gallery-1-7907'>\n\t\t\t\tManisha B. Tulasi i Kamala.\n\t\t\t\t<\/figcaption><\/figure>\n\t\t<\/div>\n\n<p>No s\u00f3n nenes, s\u00f3n adolescents molt joves i han d&#8217;aprendre la responsabilitat de tenir alg\u00fa que els ajudi. El seu angl\u00e8s \u00e9s molt b\u00e0sic i ens costa molt trobar un professor d&#8217;angl\u00e8s a la zona. Per\u00f2 estem intentant que elles escriguin als padrins per implicar-les.<br \/>\nPer 2019 hem trobat 2 Padrins que els van pagar per complet el total anual, les altres 4 ho estem pagant com podem i necessitem ajuda.<br \/>\nDurant aquest 2020 s&#8217;incrementaran el nombre de nenes i necessitem molta ajuda.<\/p>\n<p>El cost anual de l&#8217;escola i l&#8217;habitatge i part del menjar est\u00e0 per sobre dels 650 euros.<\/p>\n<table cellspacing=\"0\" cellpadding=\"0\">\n<tbody>\n<tr>\n<td colspan=\"6\" valign=\"middle\">\n<p class=\"western\" align=\"center\">Diners necessaris perqu\u00e8 cada nena adolescent pugui fer classe 11 o 12 a Mangalsen<\/p>\n<\/td>\n<\/tr>\n<tr>\n<td valign=\"top\"><\/td>\n<td valign=\"top\"><span style=\"color: #000000; font-family: Helvetica Neue; font-size: medium;\">Mesura<\/span><\/td>\n<td valign=\"top\"><span style=\"color: #000000; font-family: Helvetica Neue; font-size: medium;\">Quantitat<\/span><\/td>\n<td valign=\"top\"><span style=\"color: #000000; font-family: Helvetica Neue; font-size: medium;\">Preu unitat<\/span><\/td>\n<td valign=\"top\"><span style=\"color: #000000; font-family: Helvetica Neue; font-size: medium;\">Total anual per nena en rupies<\/span><\/td>\n<td valign=\"top\"><span style=\"color: #000000; font-family: Helvetica Neue; font-size: medium;\">Total anual per nena en euros<\/span><\/td>\n<\/tr>\n<tr>\n<td valign=\"top\"><span style=\"color: #000000; font-family: Helvetica Neue; font-size: medium;\">Escola p\u00fablica<\/span><\/td>\n<td valign=\"top\"><span style=\"color: #000000; font-family: Helvetica Neue; font-size: medium;\">pagaments<\/span><\/td>\n<td valign=\"top\">\n<p align=\"right\"><span style=\"color: #000000; font-family: Helvetica Neue; font-size: medium;\">1<\/span><\/p>\n<\/td>\n<td valign=\"top\">\n<p align=\"right\"><span style=\"color: #000000; font-family: Helvetica Neue; font-size: medium;\">8000<\/span><\/p>\n<\/td>\n<td valign=\"top\">\n<p align=\"right\"><span style=\"color: #000000; font-family: Helvetica Neue; font-size: medium;\">8.000,00\u00a0NPR<\/span><\/p>\n<\/td>\n<td valign=\"top\">\n<p align=\"right\"><span style=\"color: #000000; font-family: Helvetica Neue; font-size: medium;\">66,67\u00a0\u20ac<\/span><\/p>\n<\/td>\n<\/tr>\n<tr>\n<td valign=\"top\"><span style=\"color: #000000; font-family: Helvetica Neue; font-size: medium;\">Materials per l&#8217;escola<\/span><\/td>\n<td valign=\"top\"><span style=\"color: #000000; font-family: Helvetica Neue; font-size: medium;\">en total<\/span><\/td>\n<td valign=\"top\">\n<p align=\"right\"><span style=\"color: #000000; font-family: Helvetica Neue; font-size: medium;\">1<\/span><\/p>\n<\/td>\n<td valign=\"top\">\n<p align=\"right\"><span style=\"color: #000000; font-family: Helvetica Neue; font-size: medium;\">2000<\/span><\/p>\n<\/td>\n<td valign=\"top\">\n<p align=\"right\"><span style=\"color: #000000; font-family: Helvetica Neue; font-size: medium;\">2.000,00\u00a0NPR<\/span><\/p>\n<\/td>\n<td valign=\"top\">\n<p align=\"right\"><span style=\"color: #000000; font-family: Helvetica Neue; font-size: medium;\">16,67\u00a0\u20ac<\/span><\/p>\n<\/td>\n<\/tr>\n<tr>\n<td valign=\"top\"><span style=\"color: #000000; font-family: Helvetica Neue; font-size: medium;\">Habitaci\u00f3 compartida amb una altra noia a Mangalsen <\/span><\/td>\n<td valign=\"top\"><span style=\"color: #000000; font-family: Helvetica Neue; font-size: medium;\">per mesos<\/span><\/td>\n<td valign=\"top\">\n<p align=\"right\"><span style=\"color: #000000; font-family: Helvetica Neue; font-size: medium;\">12<\/span><\/p>\n<\/td>\n<td valign=\"top\">\n<p align=\"right\"><span style=\"color: #000000; font-family: Helvetica Neue; font-size: medium;\">1000<\/span><\/p>\n<\/td>\n<td valign=\"top\">\n<p align=\"right\"><span style=\"color: #000000; font-family: Helvetica Neue; font-size: medium;\">12.000,00\u00a0NPR<\/span><\/p>\n<\/td>\n<td valign=\"top\">\n<p align=\"right\"><span style=\"color: #000000; font-family: Helvetica Neue; font-size: medium;\">100,00\u00a0\u20ac<\/span><\/p>\n<\/td>\n<\/tr>\n<tr>\n<td valign=\"top\"><span style=\"color: #000000; font-family: Helvetica Neue; font-size: medium;\">Uniforme<\/span><\/td>\n<td valign=\"top\"><span style=\"color: #000000; font-family: Helvetica Neue; font-size: medium;\">una vegada<\/span><\/td>\n<td valign=\"top\">\n<p align=\"right\"><span style=\"color: #000000; font-family: Helvetica Neue; font-size: medium;\">1<\/span><\/p>\n<\/td>\n<td valign=\"top\">\n<p align=\"right\"><span style=\"color: #000000; font-family: Helvetica Neue; font-size: medium;\">2000<\/span><\/p>\n<\/td>\n<td valign=\"top\">\n<p align=\"right\"><span style=\"color: #000000; font-family: Helvetica Neue; font-size: medium;\">2.000,00\u00a0NPR<\/span><\/p>\n<\/td>\n<td valign=\"top\">\n<p align=\"right\"><span style=\"color: #000000; font-family: Helvetica Neue; font-size: medium;\">16,67\u00a0\u20ac<\/span><\/p>\n<\/td>\n<\/tr>\n<tr>\n<td valign=\"top\"><span style=\"color: #000000; font-family: Helvetica Neue; font-size: medium;\">Llenties<\/span><\/td>\n<td valign=\"top\"><span style=\"color: #000000; font-family: Helvetica Neue; font-size: medium;\">per quilos<\/span><\/td>\n<td valign=\"top\">\n<p align=\"right\"><span style=\"color: #000000; font-family: Helvetica Neue; font-size: medium;\">6<\/span><\/p>\n<\/td>\n<td valign=\"top\">\n<p align=\"right\"><span style=\"color: #000000; font-family: Helvetica Neue; font-size: medium;\">150<\/span><\/p>\n<\/td>\n<td valign=\"top\">\n<p align=\"right\"><span style=\"color: #000000; font-family: Helvetica Neue; font-size: medium;\">900,00\u00a0NPR<\/span><\/p>\n<\/td>\n<td valign=\"top\">\n<p align=\"right\"><span style=\"color: #000000; font-family: Helvetica Neue; font-size: medium;\">7,50\u00a0\u20ac<\/span><\/p>\n<\/td>\n<\/tr>\n<tr>\n<td valign=\"top\"><span style=\"color: #000000; font-family: Helvetica Neue; font-size: medium;\">Arr\u00f2s<\/span><\/td>\n<td valign=\"top\"><span style=\"color: #000000; font-family: Helvetica Neue; font-size: medium;\">sac de 25 kg<\/span><\/td>\n<td valign=\"top\">\n<p align=\"right\"><span style=\"color: #000000; font-family: Helvetica Neue; font-size: medium;\">2<\/span><\/p>\n<\/td>\n<td valign=\"top\">\n<p align=\"right\"><span style=\"color: #000000; font-family: Helvetica Neue; font-size: medium;\">1650<\/span><\/p>\n<\/td>\n<td valign=\"top\">\n<p align=\"right\"><span style=\"color: #000000; font-family: Helvetica Neue; font-size: medium;\">3.300,00\u00a0NPR<\/span><\/p>\n<\/td>\n<td valign=\"top\">\n<p align=\"right\"><span style=\"color: #000000; font-family: Helvetica Neue; font-size: medium;\">27,50\u00a0\u20ac<\/span><\/p>\n<\/td>\n<\/tr>\n<tr>\n<td valign=\"top\"><span style=\"color: #000000; font-family: Helvetica Neue; font-size: medium;\">Olis<\/span><\/td>\n<td valign=\"top\"><span style=\"color: #000000; font-family: Helvetica Neue; font-size: medium;\">5 litres<\/span><\/td>\n<td valign=\"top\">\n<p align=\"right\"><span style=\"color: #000000; font-family: Helvetica Neue; font-size: medium;\">2<\/span><\/p>\n<\/td>\n<td valign=\"top\">\n<p align=\"right\"><span style=\"color: #000000; font-family: Helvetica Neue; font-size: medium;\">500<\/span><\/p>\n<\/td>\n<td valign=\"top\">\n<p align=\"right\"><span style=\"color: #000000; font-family: Helvetica Neue; font-size: medium;\">1.000,00\u00a0NPR<\/span><\/p>\n<\/td>\n<td valign=\"top\">\n<p align=\"right\"><span style=\"color: #000000; font-family: Helvetica Neue; font-size: medium;\">8,33\u00a0\u20ac<\/span><\/p>\n<\/td>\n<\/tr>\n<tr>\n<td valign=\"top\"><span style=\"color: #000000; font-family: Helvetica Neue; font-size: medium;\">Electricitat<\/span><\/td>\n<td valign=\"top\"><span style=\"color: #000000; font-family: Helvetica Neue; font-size: medium;\">mensual<\/span><\/td>\n<td valign=\"top\">\n<p align=\"right\"><span style=\"color: #000000; font-family: Helvetica Neue; font-size: medium;\">12<\/span><\/p>\n<\/td>\n<td valign=\"top\">\n<p align=\"right\"><span style=\"color: #000000; font-family: Helvetica Neue; font-size: medium;\">250<\/span><\/p>\n<\/td>\n<td valign=\"top\">\n<p align=\"right\"><span style=\"color: #000000; font-family: Helvetica Neue; font-size: medium;\">3.000,00\u00a0NPR<\/span><\/p>\n<\/td>\n<td valign=\"top\">\n<p align=\"right\"><span style=\"color: #000000; font-family: Helvetica Neue; font-size: medium;\">25,00\u00a0\u20ac<\/span><\/p>\n<\/td>\n<\/tr>\n<tr>\n<td valign=\"top\"><span style=\"color: #000000; font-family: Helvetica Neue; font-size: medium;\">Ous<\/span><\/td>\n<td valign=\"top\"><span style=\"color: #000000; font-family: Helvetica Neue; font-size: medium;\">anuals<\/span><\/td>\n<td valign=\"top\">\n<p align=\"right\"><span style=\"color: #000000; font-family: Helvetica Neue; font-size: medium;\">288<\/span><\/p>\n<\/td>\n<td valign=\"top\">\n<p align=\"right\"><span style=\"color: #000000; font-family: Helvetica Neue; font-size: medium;\">20<\/span><\/p>\n<\/td>\n<td valign=\"top\">\n<p align=\"right\"><span style=\"color: #000000; font-family: Helvetica Neue; font-size: medium;\">5760.00 NPR<br \/>\n<\/span><\/p>\n<\/td>\n<td valign=\"top\">\n<p align=\"right\"><span style=\"color: #000000; font-family: Helvetica Neue; font-size: medium;\">50.00 \u20ac<br \/>\n<\/span><\/p>\n<\/td>\n<\/tr>\n<tr>\n<td valign=\"top\"><span style=\"color: #000000; font-family: Helvetica Neue; font-size: medium;\">Gas<\/span><\/td>\n<td valign=\"top\"><span style=\"color: #000000; font-family: Helvetica Neue; font-size: medium;\">bombones<\/span><\/td>\n<td valign=\"top\">\n<p align=\"right\"><span style=\"color: #000000; font-family: Helvetica Neue; font-size: medium;\">1<\/span><\/p>\n<\/td>\n<td valign=\"top\">\n<p align=\"right\"><span style=\"color: #000000; font-family: Helvetica Neue; font-size: medium;\">1600<\/span><\/p>\n<\/td>\n<td valign=\"top\">\n<p align=\"right\"><span style=\"color: #000000; font-family: Helvetica Neue; font-size: medium;\">1.600,00\u00a0NPR<\/span><\/p>\n<\/td>\n<td valign=\"top\">\n<p align=\"right\"><span style=\"color: #000000; font-family: Helvetica Neue; font-size: medium;\">13,33\u00a0\u20ac<\/span><\/p>\n<\/td>\n<\/tr>\n<tr>\n<td valign=\"top\"><span style=\"color: #000000; font-family: Helvetica Neue; font-size: medium;\">Assignaci\u00f3 mensual per tel\u00e8fon, productes d&#8217;higiene i neteja<\/span><\/td>\n<td valign=\"top\"><span style=\"color: #000000; font-family: Helvetica Neue; font-size: medium;\">mensual<\/span><\/td>\n<td valign=\"top\">\n<p align=\"right\"><span style=\"color: #000000; font-family: Helvetica Neue; font-size: medium;\">12<\/span><\/p>\n<\/td>\n<td valign=\"top\">\n<p align=\"right\"><span style=\"color: #000000; font-family: Helvetica Neue; font-size: medium;\">3000<\/span><\/p>\n<\/td>\n<td valign=\"top\">\n<p align=\"right\"><span style=\"color: #000000; font-family: Helvetica Neue; font-size: medium;\">36.000,00\u00a0NPR<\/span><\/p>\n<\/td>\n<td valign=\"top\">\n<p align=\"right\"><span style=\"color: #000000; font-family: Helvetica Neue; font-size: medium;\">300,00\u00a0\u20ac<\/span><\/p>\n<\/td>\n<\/tr>\n<tr>\n<td valign=\"top\"><span style=\"color: #000000; font-family: Helvetica Neue; font-size: medium;\">Classes d&#8217;angl\u00e8s<\/span><\/td>\n<td valign=\"top\"><span style=\"color: #000000; font-family: Helvetica Neue; font-size: medium;\">trimestral<\/span><\/td>\n<td valign=\"top\">\n<p align=\"right\"><span style=\"color: #000000; font-family: Helvetica Neue; font-size: medium;\">2<\/span><\/p>\n<\/td>\n<td valign=\"top\">\n<p align=\"right\"><span style=\"color: #000000; font-family: Helvetica Neue; font-size: medium;\">5000<\/span><\/p>\n<\/td>\n<td valign=\"top\">\n<p align=\"right\"><span style=\"color: #000000; font-family: Helvetica Neue; font-size: medium;\">10.000,00\u00a0NPR<\/span><\/p>\n<\/td>\n<td valign=\"top\">\n<p align=\"right\"><span style=\"color: #000000; font-family: Helvetica Neue; font-size: medium;\">83,33\u00a0\u20ac<\/span><\/p>\n<\/td>\n<\/tr>\n<tr>\n<td valign=\"top\"><\/td>\n<td valign=\"top\"><\/td>\n<td valign=\"top\"><\/td>\n<td valign=\"top\"><\/td>\n<td valign=\"top\"><\/td>\n<td valign=\"top\"><\/td>\n<\/tr>\n<tr>\n<td valign=\"top\"><\/td>\n<td valign=\"top\"><\/td>\n<td valign=\"top\"><\/td>\n<td valign=\"top\"><\/td>\n<td valign=\"top\">\n<p align=\"right\">85,560.00 NPR<\/p>\n<\/td>\n<td valign=\"top\">\n<p align=\"right\"><span style=\"color: #000000; font-family: Helvetica Neue; font-size: medium;\">715.00 \u20ac \u20ac<\/span><\/p>\n<\/td>\n<\/tr>\n<tr>\n<td valign=\"top\"><\/td>\n<td valign=\"top\"><\/td>\n<td valign=\"top\"><\/td>\n<td valign=\"top\"><\/td>\n<td valign=\"top\"><span style=\"color: #000000; font-family: Helvetica Neue; font-size: medium;\">Rupies nepaleses<\/span><\/td>\n<td valign=\"top\"><span style=\"color: #000000; font-family: Helvetica Neue; font-size: medium;\">Euros<\/span><\/td>\n<\/tr>\n<\/tbody>\n<\/table>\n<p><strong>Per<span style=\"color: #ff0000;\"> 2 \u20ac al dia,<\/span> canvies el futur d&#8217;una nena i evites que la casin amb setze anys!<br \/>\n<\/strong><\/p>\n<p><strong>Hi ha diferents maneres per ajudar-les:<br \/>\n<\/strong><\/p>\n<p><strong><a href=\"https:\/\/www.teaming.net\/edufem\" target=\"_blank\" rel=\"noopener\">Grup de Teaming per les nenes: https:\/\/www.teaming.net\/edufemproject<\/a>: <span style=\"color: #ff0000;\">1 euro al mes<\/span> &#8211; fes-te del grup i aconsegueix amics que t&#8217;ajuden a apadrinar!<br \/>\n<\/strong><\/p>\n<p><strong>Donaci\u00f3 regular: <a href=\"https:\/\/donorbox.org\/edufem\" target=\"_blank\" rel=\"noopener\">https:\/\/donorbox.org\/edufem<\/a><br \/>\n<\/strong><\/p>\n<p><strong>Associat:\u00a0<a href=\"https:\/\/beartsy.org\/ca\/associat\/\" target=\"_blank\" rel=\"noopener\">https:\/\/beartsy.org\/associate\/<\/a><\/strong><\/p>\n<p>&#x1f642; Gr\u00e0cies!<\/p>\n<p>&nbsp;<\/p>\n<blockquote>\n<h3 class=\"entry-title\">Forma part del canvi:<br \/>\nPETITES ACCIONS PODEN PRODUIR GRANS\u00a0CANVIS<\/h3>\n<\/blockquote>\n<p>&nbsp;<\/p>\n<p><strong>\u00a0<\/strong><\/p>\n","protected":false},"excerpt":{"rendered":"<p>Aquest projecte es basa en la premissa que per cada any d&#8217;educaci\u00f3 podem retardar dos anys l&#8217;edat de casament de les nenes en les zones rurals de Nepal on treballem. \u00c9s un projecte paral\u00b7lel al\u00a0projecte Rato Baltin. A les zones on treballa be artsy amb el projecte Rato Baltin, ens trobem amb moltes nenes casades [&hellip;]<\/p>\n","protected":false},"author":7,"featured_media":7729,"parent":0,"menu_order":0,"comment_status":"closed","ping_status":"closed","template":"","meta":{"footnotes":""},"class_list":["post-7836","page","type-page","status-publish","has-post-thumbnail","hentry"],"_links":{"self":[{"href":"https:\/\/beartsy.org\/ca\/wp-json\/wp\/v2\/pages\/7836","targetHints":{"allow":["GET"]}}],"collection":[{"href":"https:\/\/beartsy.org\/ca\/wp-json\/wp\/v2\/pages"}],"about":[{"href":"https:\/\/beartsy.org\/ca\/wp-json\/wp\/v2\/types\/page"}],"author":[{"embeddable":true,"href":"https:\/\/beartsy.org\/ca\/wp-json\/wp\/v2\/users\/7"}],"replies":[{"embeddable":true,"href":"https:\/\/beartsy.org\/ca\/wp-json\/wp\/v2\/comments?post=7836"}],"version-history":[{"count":0,"href":"https:\/\/beartsy.org\/ca\/wp-json\/wp\/v2\/pages\/7836\/revisions"}],"wp:featuredmedia":[{"embeddable":true,"href":"https:\/\/beartsy.org\/ca\/wp-json\/wp\/v2\/media\/7729"}],"wp:attachment":[{"href":"https:\/\/beartsy.org\/ca\/wp-json\/wp\/v2\/media?parent=7836"}],"curies":[{"name":"wp","href":"https:\/\/api.w.org\/{rel}","templated":true}]}}