{"id":7136,"date":"2019-10-09T11:35:45","date_gmt":"2019-10-09T09:35:45","guid":{"rendered":"https:\/\/beartsy.org\/?page_id=7136"},"modified":"2025-01-20T18:16:17","modified_gmt":"2025-01-20T16:16:17","slug":"associat","status":"publish","type":"page","link":"https:\/\/beartsy.org\/ca\/associat\/","title":{"rendered":"Associa&#8217;t Ara!"},"content":{"rendered":"<p><img loading=\"lazy\" decoding=\"async\" class=\"alignright wp-image-7427 size-medium\" src=\"https:\/\/beartsy.org\/wp-content\/uploads\/2019\/12\/Be_artsy_ca-1-300x300.jpg\" alt=\"\" width=\"300\" height=\"300\" srcset=\"https:\/\/beartsy.org\/wp-content\/uploads\/2019\/12\/Be_artsy_ca-1-300x300.jpg 300w, https:\/\/beartsy.org\/wp-content\/uploads\/2019\/12\/Be_artsy_ca-1-150x150.jpg 150w, https:\/\/beartsy.org\/wp-content\/uploads\/2019\/12\/Be_artsy_ca-1-768x768.jpg 768w, https:\/\/beartsy.org\/wp-content\/uploads\/2019\/12\/Be_artsy_ca-1-1024x1024.jpg 1024w, https:\/\/beartsy.org\/wp-content\/uploads\/2019\/12\/Be_artsy_ca-1-75x75.jpg 75w, https:\/\/beartsy.org\/wp-content\/uploads\/2019\/12\/Be_artsy_ca-1.jpg 1200w\" sizes=\"auto, (max-width: 300px) 100vw, 300px\" \/><\/p>\n<p><strong>be artsy \u00e9s una ONGD <\/strong>i est\u00e0 declarada <strong>d&#8217;utilitat p\u00fablica<\/strong>, les aportacions de les persones associades <strong>es podran desgravar de la declaraci\u00f3 de la renda<\/strong>.<br \/><strong>Fins al 80% dels primers 250 euros! <\/strong><\/p>\n<p>Nosaltres ens encarregarem de presentar el model 182 perqu\u00e8 aix\u00ed sigui, per\u00f2 \u00e9s molt important que tinguem b\u00e9 les teves dades. Per cobrar el rebut SEPA, utilitzem un software de nom <strong>GoCardless . Si veus aquest nom al teu compte, pensa que \u00e9s el nostre rebut!<\/strong><\/p>\n<p>La solidaritat et fa cr\u00e9ixer com a \u00e9sser hum\u00e0, amplia la teva intel\u00b7lig\u00e8ncia emocional, millora el teu estat d&#8217;\u00e0nim i fins i tot la teva salut. &#x1f49b;<\/p>\n\n<style id=\"wpforms-css-vars-38139-block-a365ea0b-e72e-4f67-986e-1dc96f86c9a1\">\n\t\t\t\t#wpforms-38139.wpforms-block-a365ea0b-e72e-4f67-986e-1dc96f86c9a1 {\n\t\t\t\t--wpforms-label-color: #262626;\n--wpforms-label-sublabel-color: #7f7f7f;\n--wpforms-label-error-color: #ff0000;\n--wpforms-page-break-color: #dddddd;\n--wpforms-field-border-radius: 0px;\n--wpforms-field-border-color: #cccccc;\n--wpforms-field-border-color-spare: #cccccc;\n--wpforms-field-text-color: #444444;\n--wpforms-button-border-style: solid;\n--wpforms-button-border-radius: 0px;\n--wpforms-button-background-color: #dddddd;\n--wpforms-button-text-color: #666666;\n--wpforms-button-border-color: #cccccc;\n--wpforms-field-size-input-height: 43px;\n--wpforms-field-size-input-spacing: 15px;\n--wpforms-field-size-font-size: 16px;\n--wpforms-field-size-line-height: 19px;\n--wpforms-field-size-padding-h: 14px;\n--wpforms-field-size-checkbox-size: 16px;\n--wpforms-field-size-sublabel-spacing: 5px;\n--wpforms-field-size-icon-size: 1;\n--wpforms-label-size-font-size: 14px;\n--wpforms-label-size-line-height: 17px;\n--wpforms-label-size-sublabel-font-size: 13px;\n--wpforms-label-size-sublabel-line-height: 16px;\n--wpforms-button-size-font-size: 17px;\n--wpforms-button-size-height: 41px;\n--wpforms-button-size-padding-h: 15px;\n--wpforms-button-size-margin-top: 10px;\n\t\t\t}\n\t\t\t<\/style><div class=\"wpforms-container wpforms-container-full wpforms-block wpforms-block-a365ea0b-e72e-4f67-986e-1dc96f86c9a1 wpforms-render-modern\" id=\"wpforms-38139\"><form id=\"wpforms-form-38139\" class=\"wpforms-validate wpforms-form\" data-formid=\"38139\" method=\"post\" enctype=\"multipart\/form-data\" action=\"\/ca\/wp-json\/wp\/v2\/pages\/7136\" data-token=\"57e40781b70ed0da4a4ab11b5e241643\" data-token-time=\"1776763874\"><noscript class=\"wpforms-error-noscript\">Activeu el JavaScript al navegador per a poder completar el formulari.<\/noscript><div id=\"wpforms-error-noscript\" style=\"display: none;\">Activeu el JavaScript al navegador per a poder completar el formulari.<\/div><div class=\"wpforms-field-container\"><div id=\"wpforms-38139-field_0-container\" class=\"wpforms-field wpforms-field-name\" data-field-id=\"0\"><fieldset><legend class=\"wpforms-field-label\">Nom complert <span class=\"wpforms-required-label\" aria-hidden=\"true\">*<\/span><\/legend><div class=\"wpforms-field-row wpforms-field-medium\"><div class=\"wpforms-field-row-block wpforms-first wpforms-one-half\"><input type=\"text\" id=\"wpforms-38139-field_0\" class=\"wpforms-field-name-first wpforms-field-required\" name=\"wpforms[fields][0][first]\" aria-errormessage=\"wpforms-38139-field_0-error\" required><label for=\"wpforms-38139-field_0\" class=\"wpforms-field-sublabel after\">Nom<\/label><\/div><div class=\"wpforms-field-row-block wpforms-one-half\"><input type=\"text\" id=\"wpforms-38139-field_0-last\" class=\"wpforms-field-name-last wpforms-field-required\" name=\"wpforms[fields][0][last]\" aria-errormessage=\"wpforms-38139-field_0-last-error\" required><label for=\"wpforms-38139-field_0-last\" class=\"wpforms-field-sublabel after\">Cognoms<\/label><\/div><\/div><\/fieldset><\/div><div id=\"wpforms-38139-field_1-container\" class=\"wpforms-field wpforms-field-email\" data-field-id=\"1\"><label class=\"wpforms-field-label\" for=\"wpforms-38139-field_1\">Email <span class=\"wpforms-required-label\" aria-hidden=\"true\">*<\/span><\/label><input type=\"email\" id=\"wpforms-38139-field_1\" class=\"wpforms-field-medium wpforms-field-required\" name=\"wpforms[fields][1]\" spellcheck=\"false\" aria-errormessage=\"wpforms-38139-field_1-error\" required><\/div><div id=\"wpforms-38139-field_6-container\" class=\"wpforms-field wpforms-field-text\" data-field-id=\"6\"><label class=\"wpforms-field-label\" for=\"wpforms-38139-field_6\">DNI o NIE (obligatori) <span class=\"wpforms-required-label\" aria-hidden=\"true\">*<\/span><\/label><input type=\"text\" id=\"wpforms-38139-field_6\" class=\"wpforms-field-medium wpforms-field-required\" name=\"wpforms[fields][6]\" aria-errormessage=\"wpforms-38139-field_6-error\" required><\/div><div id=\"wpforms-38139-field_7-container\" class=\"wpforms-field wpforms-field-text\" data-field-id=\"7\"><label class=\"wpforms-field-label\" for=\"wpforms-38139-field_7\">IBAN (obligatori) <span class=\"wpforms-required-label\" aria-hidden=\"true\">*<\/span><\/label><input type=\"text\" id=\"wpforms-38139-field_7\" class=\"wpforms-field-medium wpforms-field-required\" name=\"wpforms[fields][7]\" aria-errormessage=\"wpforms-38139-field_7-error\" required><\/div><div id=\"wpforms-38139-field_19-container\" class=\"wpforms-field wpforms-field-text\" data-field-id=\"19\"><label class=\"wpforms-field-label\" for=\"wpforms-38139-field_19\"> BIC (necesari si ets de fora de l&#039;estat espanyol)<\/label><input type=\"text\" id=\"wpforms-38139-field_19\" class=\"wpforms-field-medium\" name=\"wpforms[fields][19]\" aria-errormessage=\"wpforms-38139-field_19-error\" ><\/div><div id=\"wpforms-38139-field_15-container\" class=\"wpforms-field wpforms-field-checkbox wpforms-list-2-columns\" data-field-id=\"15\"><fieldset><legend class=\"wpforms-field-label\">Donaci\u00f3 MENSUAL en EUROS (si prefereixes pagar en la teva moneda, utilitzarem el convertidor de divises de Google).<\/legend><ul id=\"wpforms-38139-field_15\"><li class=\"choice-1 depth-1\"><input type=\"checkbox\" id=\"wpforms-38139-field_15_1\" name=\"wpforms[fields][15][]\" value=\"10\" aria-errormessage=\"wpforms-38139-field_15_1-error\"  ><label class=\"wpforms-field-label-inline\" for=\"wpforms-38139-field_15_1\">10<\/label><\/li><li class=\"choice-3 depth-1\"><input type=\"checkbox\" id=\"wpforms-38139-field_15_3\" name=\"wpforms[fields][15][]\" value=\"30\" aria-errormessage=\"wpforms-38139-field_15_3-error\"  ><label class=\"wpforms-field-label-inline\" for=\"wpforms-38139-field_15_3\">30<\/label><\/li><li class=\"choice-4 depth-1\"><input type=\"checkbox\" id=\"wpforms-38139-field_15_4\" name=\"wpforms[fields][15][]\" value=\"50\" aria-errormessage=\"wpforms-38139-field_15_4-error\"  ><label class=\"wpforms-field-label-inline\" for=\"wpforms-38139-field_15_4\">50<\/label><\/li><li class=\"choice-5 depth-1\"><input type=\"checkbox\" id=\"wpforms-38139-field_15_5\" name=\"wpforms[fields][15][]\" value=\"100\" aria-errormessage=\"wpforms-38139-field_15_5-error\"  ><label class=\"wpforms-field-label-inline\" for=\"wpforms-38139-field_15_5\">100<\/label><\/li><li class=\"choice-6 depth-1\"><input type=\"checkbox\" id=\"wpforms-38139-field_15_6\" name=\"wpforms[fields][15][]\" value=\"200\" aria-errormessage=\"wpforms-38139-field_15_6-error\"  ><label class=\"wpforms-field-label-inline\" for=\"wpforms-38139-field_15_6\">200<\/label><\/li><li class=\"choice-2 depth-1\"><input type=\"checkbox\" id=\"wpforms-38139-field_15_2\" name=\"wpforms[fields][15][]\" value=\"500\" aria-errormessage=\"wpforms-38139-field_15_2-error\"  ><label class=\"wpforms-field-label-inline\" for=\"wpforms-38139-field_15_2\">500<\/label><\/li><\/ul><\/fieldset><\/div><div id=\"wpforms-38139-field_8-container\" class=\"wpforms-field wpforms-field-checkbox wpforms-list-2-columns\" data-field-id=\"8\"><fieldset><legend class=\"wpforms-field-label\">Donaci\u00f3 ANUAL en EUROS (si prefereixes pagar en la teva moneda, utilitzarem el convertidor de divises de Google).<\/legend><ul id=\"wpforms-38139-field_8\"><li class=\"choice-1 depth-1\"><input type=\"checkbox\" id=\"wpforms-38139-field_8_1\" name=\"wpforms[fields][8][]\" value=\"70\" aria-errormessage=\"wpforms-38139-field_8_1-error\"  ><label class=\"wpforms-field-label-inline\" for=\"wpforms-38139-field_8_1\">70<\/label><\/li><li class=\"choice-2 depth-1\"><input type=\"checkbox\" id=\"wpforms-38139-field_8_2\" name=\"wpforms[fields][8][]\" value=\"120\" aria-errormessage=\"wpforms-38139-field_8_2-error\"  ><label class=\"wpforms-field-label-inline\" for=\"wpforms-38139-field_8_2\">120<\/label><\/li><li class=\"choice-3 depth-1\"><input type=\"checkbox\" id=\"wpforms-38139-field_8_3\" name=\"wpforms[fields][8][]\" value=\"250\" aria-errormessage=\"wpforms-38139-field_8_3-error\"  ><label class=\"wpforms-field-label-inline\" for=\"wpforms-38139-field_8_3\">250<\/label><\/li><li class=\"choice-4 depth-1\"><input type=\"checkbox\" id=\"wpforms-38139-field_8_4\" name=\"wpforms[fields][8][]\" value=\"500\" aria-errormessage=\"wpforms-38139-field_8_4-error\"  ><label class=\"wpforms-field-label-inline\" for=\"wpforms-38139-field_8_4\">500<\/label><\/li><li class=\"choice-5 depth-1\"><input type=\"checkbox\" id=\"wpforms-38139-field_8_5\" name=\"wpforms[fields][8][]\" value=\"1000\" aria-errormessage=\"wpforms-38139-field_8_5-error\"  ><label class=\"wpforms-field-label-inline\" for=\"wpforms-38139-field_8_5\">1000<\/label><\/li><li class=\"choice-6 depth-1\"><input type=\"checkbox\" id=\"wpforms-38139-field_8_6\" name=\"wpforms[fields][8][]\" value=\"2000\" aria-errormessage=\"wpforms-38139-field_8_6-error\"  ><label class=\"wpforms-field-label-inline\" for=\"wpforms-38139-field_8_6\">2000<\/label><\/li><\/ul><\/fieldset><\/div><div id=\"wpforms-38139-field_17-container\" class=\"wpforms-field wpforms-field-checkbox wpforms-list-3-columns\" data-field-id=\"17\"><fieldset><legend class=\"wpforms-field-label\">Si no \u00e9s en euros, quina moneda vols utilitzar?<\/legend><ul id=\"wpforms-38139-field_17\"><li class=\"choice-1 depth-1\"><input type=\"checkbox\" id=\"wpforms-38139-field_17_1\" name=\"wpforms[fields][17][]\" value=\"AUD\" aria-errormessage=\"wpforms-38139-field_17_1-error\"  ><label class=\"wpforms-field-label-inline\" for=\"wpforms-38139-field_17_1\">AUD<\/label><\/li><li class=\"choice-2 depth-1\"><input type=\"checkbox\" id=\"wpforms-38139-field_17_2\" name=\"wpforms[fields][17][]\" value=\"GBP\" aria-errormessage=\"wpforms-38139-field_17_2-error\"  ><label class=\"wpforms-field-label-inline\" for=\"wpforms-38139-field_17_2\">GBP<\/label><\/li><li class=\"choice-3 depth-1\"><input type=\"checkbox\" id=\"wpforms-38139-field_17_3\" name=\"wpforms[fields][17][]\" value=\"CAD\" aria-errormessage=\"wpforms-38139-field_17_3-error\"  ><label class=\"wpforms-field-label-inline\" for=\"wpforms-38139-field_17_3\">CAD<\/label><\/li><li class=\"choice-4 depth-1\"><input type=\"checkbox\" id=\"wpforms-38139-field_17_4\" name=\"wpforms[fields][17][]\" value=\"HKD\" aria-errormessage=\"wpforms-38139-field_17_4-error\"  ><label class=\"wpforms-field-label-inline\" for=\"wpforms-38139-field_17_4\">HKD<\/label><\/li><li class=\"choice-5 depth-1\"><input type=\"checkbox\" id=\"wpforms-38139-field_17_5\" name=\"wpforms[fields][17][]\" value=\"JPY\" aria-errormessage=\"wpforms-38139-field_17_5-error\"  ><label class=\"wpforms-field-label-inline\" for=\"wpforms-38139-field_17_5\">JPY<\/label><\/li><li class=\"choice-6 depth-1\"><input type=\"checkbox\" id=\"wpforms-38139-field_17_6\" name=\"wpforms[fields][17][]\" value=\"NZD\" aria-errormessage=\"wpforms-38139-field_17_6-error\"  ><label class=\"wpforms-field-label-inline\" for=\"wpforms-38139-field_17_6\">NZD<\/label><\/li><li class=\"choice-7 depth-1\"><input type=\"checkbox\" id=\"wpforms-38139-field_17_7\" name=\"wpforms[fields][17][]\" value=\"NOK\" aria-errormessage=\"wpforms-38139-field_17_7-error\"  ><label class=\"wpforms-field-label-inline\" for=\"wpforms-38139-field_17_7\">NOK<\/label><\/li><li class=\"choice-8 depth-1\"><input type=\"checkbox\" id=\"wpforms-38139-field_17_8\" name=\"wpforms[fields][17][]\" value=\"SGD\" aria-errormessage=\"wpforms-38139-field_17_8-error\"  ><label class=\"wpforms-field-label-inline\" for=\"wpforms-38139-field_17_8\">SGD<\/label><\/li><li class=\"choice-9 depth-1\"><input type=\"checkbox\" id=\"wpforms-38139-field_17_9\" name=\"wpforms[fields][17][]\" value=\"CHF\" aria-errormessage=\"wpforms-38139-field_17_9-error\"  ><label class=\"wpforms-field-label-inline\" for=\"wpforms-38139-field_17_9\">CHF<\/label><\/li><li class=\"choice-10 depth-1\"><input type=\"checkbox\" id=\"wpforms-38139-field_17_10\" name=\"wpforms[fields][17][]\" value=\"USD\" aria-errormessage=\"wpforms-38139-field_17_10-error\"  ><label class=\"wpforms-field-label-inline\" for=\"wpforms-38139-field_17_10\">USD<\/label><\/li><li class=\"choice-11 depth-1\"><input type=\"checkbox\" id=\"wpforms-38139-field_17_11\" name=\"wpforms[fields][17][]\" value=\"Other (please explain below)\" aria-errormessage=\"wpforms-38139-field_17_11-error\"  ><label class=\"wpforms-field-label-inline\" for=\"wpforms-38139-field_17_11\">Other (please explain below)<\/label><\/li><\/ul><\/fieldset><\/div><div id=\"wpforms-38139-field_4-container\" class=\"wpforms-field wpforms-field-textarea\" data-field-id=\"4\"><label class=\"wpforms-field-label\" for=\"wpforms-38139-field_4\">Adre\u00e7a postal completa (obligat\u00f2ria, \u00e9s possible que t&#039;enviem un regal). <span class=\"wpforms-required-label\" aria-hidden=\"true\">*<\/span><\/label><textarea id=\"wpforms-38139-field_4\" class=\"wpforms-field-medium wpforms-field-required\" name=\"wpforms[fields][4]\" aria-errormessage=\"wpforms-38139-field_4-error\" required><\/textarea><\/div>\t\t<div id=\"wpforms-38139-field_2-container\"\n\t\t\tclass=\"wpforms-field wpforms-field-text\"\n\t\t\tdata-field-type=\"text\"\n\t\t\tdata-field-id=\"2\"\n\t\t\t>\n\t\t\t<label class=\"wpforms-field-label\" for=\"wpforms-38139-field_2\" >EUROS IBAN cosa?<\/label>\n\t\t\t<input type=\"text\" id=\"wpforms-38139-field_2\" class=\"wpforms-field-medium\" name=\"wpforms[fields][2]\" >\n\t\t<\/div>\n\t\t<div id=\"wpforms-38139-field_11-container\" class=\"wpforms-field wpforms-field-text\" data-field-id=\"11\"><label class=\"wpforms-field-label\" for=\"wpforms-38139-field_11\">Codi postal (obligatori) <span class=\"wpforms-required-label\" aria-hidden=\"true\">*<\/span><\/label><input type=\"text\" id=\"wpforms-38139-field_11\" class=\"wpforms-field-medium wpforms-field-required\" name=\"wpforms[fields][11]\" aria-errormessage=\"wpforms-38139-field_11-error\" required><\/div><div id=\"wpforms-38139-field_18-container\" class=\"wpforms-field wpforms-field-text\" data-field-id=\"18\"><label class=\"wpforms-field-label\" for=\"wpforms-38139-field_18\">Ens vols dir alguna cosa?<\/label><input type=\"text\" id=\"wpforms-38139-field_18\" class=\"wpforms-field-medium\" name=\"wpforms[fields][18]\" aria-errormessage=\"wpforms-38139-field_18-error\" ><\/div><div id=\"wpforms-38139-field_12-container\" class=\"wpforms-field wpforms-field-text\" data-field-id=\"12\"><label class=\"wpforms-field-label\" for=\"wpforms-38139-field_12\">Pa\u00eds (obligatori). <span class=\"wpforms-required-label\" aria-hidden=\"true\">*<\/span><\/label><input type=\"text\" id=\"wpforms-38139-field_12\" class=\"wpforms-field-medium wpforms-field-required\" name=\"wpforms[fields][12]\" aria-errormessage=\"wpforms-38139-field_12-error\" required><\/div><div id=\"wpforms-38139-field_16-container\" class=\"wpforms-field wpforms-field-text\" data-field-id=\"16\"><label class=\"wpforms-field-label\" for=\"wpforms-38139-field_16\">Phone Number (include international prefix)<\/label><input type=\"text\" id=\"wpforms-38139-field_16\" class=\"wpforms-field-medium\" name=\"wpforms[fields][16]\" aria-errormessage=\"wpforms-38139-field_16-error\" ><\/div><script>\n\t\t\t\t( function() {\n\t\t\t\t\tconst style = document.createElement( 'style' );\n\t\t\t\t\tstyle.appendChild( document.createTextNode( '#wpforms-38139-field_2-container { position: absolute !important; overflow: hidden !important; display: inline !important; height: 1px !important; width: 1px !important; z-index: -1000 !important; padding: 0 !important; } #wpforms-38139-field_2-container input { visibility: hidden; } #wpforms-conversational-form-page #wpforms-38139-field_2-container label { counter-increment: none; }' ) );\n\t\t\t\t\tdocument.head.appendChild( style );\n\t\t\t\t\tdocument.currentScript?.remove();\n\t\t\t\t} )();\n\t\t\t<\/script><\/div><!-- .wpforms-field-container --><div class=\"wpforms-submit-container\" ><input type=\"hidden\" name=\"wpforms[id]\" value=\"38139\"><input type=\"hidden\" name=\"page_title\" value=\"\"><input type=\"hidden\" name=\"page_url\" value=\"https:\/\/beartsy.org\/ca\/wp-json\/wp\/v2\/pages\/7136\"><input type=\"hidden\" name=\"url_referer\" value=\"\"><button type=\"submit\" name=\"wpforms[submit]\" id=\"wpforms-submit-38139\" class=\"wpforms-submit\" data-alt-text=\"Enviant...\" data-submit-text=\"Enviar\" aria-live=\"assertive\" value=\"wpforms-submit\">Enviar<\/button><\/div><\/form><\/div>  <!-- .wpforms-container -->\n\n<p>Convertir-se en associat et d\u00f3na el dret de participar en l&#8217;assemblea anual, si ho desitges, i de tenir un paper actiu a l&#8217;ONGD, si aix\u00ed ho vols.<\/p>\n<p>Gr\u00e0cies!<\/p>\n<h5 class=\"entry-title single-title\"><a href=\"\/ca\/privacy-policy-2\/\" rel=\"nofollow \">PROTECCI\u00d3 DE DADES<\/a><\/h5>","protected":false},"excerpt":{"rendered":"<p>be artsy \u00e9s una ONGD i est\u00e0 declarada d&#8217;utilitat p\u00fablica, les aportacions de les persones associades es podran desgravar de la declaraci\u00f3 de la renda.Fins al 80% dels primers 250 euros! Nosaltres ens encarregarem de presentar el model 182 perqu\u00e8 aix\u00ed sigui, per\u00f2 \u00e9s molt important que tinguem b\u00e9 les teves dades. Per cobrar el [&hellip;]<\/p>\n","protected":false},"author":7,"featured_media":7427,"parent":0,"menu_order":0,"comment_status":"closed","ping_status":"closed","template":"template-fullwidth.php","meta":{"footnotes":""},"class_list":["post-7136","page","type-page","status-publish","has-post-thumbnail","hentry"],"_links":{"self":[{"href":"https:\/\/beartsy.org\/ca\/wp-json\/wp\/v2\/pages\/7136","targetHints":{"allow":["GET"]}}],"collection":[{"href":"https:\/\/beartsy.org\/ca\/wp-json\/wp\/v2\/pages"}],"about":[{"href":"https:\/\/beartsy.org\/ca\/wp-json\/wp\/v2\/types\/page"}],"author":[{"embeddable":true,"href":"https:\/\/beartsy.org\/ca\/wp-json\/wp\/v2\/users\/7"}],"replies":[{"embeddable":true,"href":"https:\/\/beartsy.org\/ca\/wp-json\/wp\/v2\/comments?post=7136"}],"version-history":[{"count":3,"href":"https:\/\/beartsy.org\/ca\/wp-json\/wp\/v2\/pages\/7136\/revisions"}],"predecessor-version":[{"id":38164,"href":"https:\/\/beartsy.org\/ca\/wp-json\/wp\/v2\/pages\/7136\/revisions\/38164"}],"wp:featuredmedia":[{"embeddable":true,"href":"https:\/\/beartsy.org\/ca\/wp-json\/wp\/v2\/media\/7427"}],"wp:attachment":[{"href":"https:\/\/beartsy.org\/ca\/wp-json\/wp\/v2\/media?parent=7136"}],"curies":[{"name":"wp","href":"https:\/\/api.w.org\/{rel}","templated":true}]}}