{"id":6219,"date":"2019-03-18T08:27:26","date_gmt":"2019-03-18T06:27:26","guid":{"rendered":"https:\/\/beartsy.org\/?page_id=6219"},"modified":"2024-10-03T18:02:12","modified_gmt":"2024-10-03T16:02:12","slug":"copa-menstrual-preguntes-frequents-beartsy","status":"publish","type":"page","link":"https:\/\/beartsy.org\/ca\/copa-menstrual-preguntes-frequents-beartsy\/","title":{"rendered":"Per qu\u00e8 copes menstruals?: Preguntes freq\u00fcents."},"content":{"rendered":"<p>El projecte Rato Baltin no existiria si no fos per les generoses donacions de copes que ens fa l&#8217;empresa Ruby Cup i el seu programa: &#8220;Compre&#8217;n una i nosaltres en donem una a una noia amb necessitat.&#8221; Per aix\u00f2, us animem a <a href=\"https:\/\/rubycup.com\/collections\/all\" target=\"_blank\" rel=\"noopener\">fer una volta per la seva botiga en l\u00ednia si en voleu comprar una<\/a>; d&#8217;aquesta manera, tamb\u00e9 n&#8217;estareu donant una a alguna noia en necessitat.<\/p>\n<p><strong>1. Qu\u00e8 \u00e9s la copa menstrual?<\/strong><\/p>\n<p>La copa menstrual \u00e9s un m\u00e8tode senzill i alternatiu als tampons o les compreses per tal contenir el flux sanguini menstrual.<\/p>\n<p>Quan una dona t\u00e9 el seu per\u00edode, la copa de silicona \u00e9s introdu\u00efda a la vagina per recollir el flux d&#8217;una forma segura, neta i ecol\u00f2gica.<\/p>\n<p><strong>2.\u00a0Per qu\u00e8 l&#8217;\u00fas de les copes menstruals en comptes de les compreses o els tampons?<\/strong><\/p>\n<p><strong>&#8211; Pot reutilitzar-la<\/strong>: El millor de la copa menstrual \u00e9s que pots utilitzar-la una vegada i una altra, per la qual cosa no hi ha necessitat de comprar-ne una de nova cada vegada que es tingui el per\u00edode o es continu\u00ef amb ell. Si es fa un manteniment correcte, poden durar fins a deu anys. No nom\u00e9s estalvies diners utilitzant-la, sin\u00f3 que tamb\u00e9 ajudes al medi ambient.<\/p>\n<p><strong>&#8211; Ocupa menys espai:<\/strong> Com que nom\u00e9s necessites portar una sola copa, ocupa menys espai que si has de carregar amb compreses o tampons.<\/p>\n<p><strong>&#8211; Major durada:<\/strong> Pots fer-la servir durant 10\/12 hores.\u00a0 Tanmateix, un tamp\u00f3 ha de ser reempla\u00e7at en unes 4 hores.<\/p>\n<p><strong>&#8211; Menys olors:<\/strong> Portar una copa menstrual permet reduir l&#8217;olor, ja que la sang no est\u00e0 en contacte amb l&#8217;aire, i per tant evita l&#8217;olor desagradable de quan es duu una compresa gran part del dia.<\/p>\n<p><strong>3. Com s&#8217;utilitzen?<\/strong><\/p>\n<p><strong>\u00a0 1.<\/strong> Renteu-vos b\u00e9 les mans.<br \/><strong>\u00a0 2.<\/strong> Segui amb les cames separades.<br \/><strong>\u00a0 3.<\/strong> Premeu i doblegui la copa, i un cop fet aix\u00f2, insereixi-la (la campana primer) en un angle de 45 graus, apuntant cap a la base de la columna vertebral.<br \/><strong>\u00a0 4.<\/strong> Si sent cap mol\u00e8stia o nota alguna fuga, \u00e9s important que ajusti la copa, ja que significa que no est\u00e0 ben col\u00b7locada.<\/p>\n<p><strong>4. \u00c9s dolor\u00f3s l&#8217;\u00fas de la copa menstrual?<\/strong><\/p>\n<p>Una vegada que aprengui com s&#8217;insereix la copa, no ser\u00e0 dolor\u00f3s o molest. Segueixi els passos per al seu \u00fas correcte i tot anir\u00e0 sobre rodes.<\/p>\n<p><strong>5. Qu\u00e8 faig si tinc el per\u00edode molt fort?<\/strong><\/p>\n<p>La copa menstrual pot contenir el doble de quantitat de sang que una compresa o un tamp\u00f3. Les primeres vegades, i fins al moment en qu\u00e8 se senti c\u00f2moda amb la copa, es pot rec\u00f3rrer a l&#8217;\u00fas d&#8217;una compresa o unes calces menstruals per a una protecci\u00f3 segura i guanyar confian\u00e7a en els moments amb molt de sagnat.\u00a0<\/p>\n<p><strong>6. \u00c9s segur l&#8217;\u00fas de la copa menstrual?<\/strong><\/p>\n<p>La copa menstrual \u00e9s completament segura d&#8217;utilitzar sempre que es segueixin les normes d&#8217;higiene i neteja. Ha de rentar-se les mans amb aigua i sab\u00f3 abans del seu \u00fas i estar segura que la copa menstrual est\u00e0 neta abans d&#8217;aquest moment. A m\u00e9s ha d&#8217;estar segura que la copa menstrual est\u00e0 esterilitzada despr\u00e9s del cicle menstrual.<\/p>\n<p>Segueixi les instruccions que ara expliquem per a la correcta neteja de la seva copa.<\/p>\n<p><strong>7. Com netejo la copa menstrual?<\/strong><\/p>\n<p>Per mantenir la copa menstrual neta \u00e9s molt important que s&#8217;asseguri que cap bacteri no creix a la copa i infecta el seu cos.<\/p>\n<p>Per tal d\u2019aconseguir-ho ha de seguir els seg\u00fcents passos:<\/p>\n<p><strong>1.<\/strong> Cal rentar-se les mans amb aigua de l&#8217;aixeta.<br \/><strong>2.<\/strong> Cal rentar la copa menstrual abans i despr\u00e9s de cada \u00fas amb aigua calenta per eliminar completament les restes de sang acumulada.<br \/><strong>3.<\/strong> Despr\u00e9s de cada cicle menstrual s&#8217;ha de posar la copa amb aigua bullent durant 10 minuts per assegurar-se que est\u00e0 completament esterilitzada.<\/p>\n<p><strong>8. Com utilitzar la copa menstrual en un bany p\u00fablic?<\/strong><\/p>\n<p>Amb cura es remou la copa menstrual i es buida el seu contingut al v\u00e0ter. Es neteja la copa amb aigua de l&#8217;aixeta o tamb\u00e9 pot portar la seva pr\u00f2pia aigua en una ampolla. Mai faci servir aigua del v\u00e0ter directament, com tampoc de cap galleda amb aigua que es trobi a prop.<br \/>Si no hi ha aigua, us la podeu introduir altra vegada sense netejar (evitar que toqui enlloc) o netejar-la un xic amb paper de water.<\/p>\n<p><strong>9.\u00a0Qu\u00e8 passa si la copa menstrual cau dins del v\u00e0ter?<\/strong><\/p>\n<p>Si la copa menstrual\u00a0 cau dins del v\u00e0ter, ha d&#8217;esterilitzar-la abans de fer-la servir de nou i per a aix\u00f2 ha de bullir-la amb aigua durant 5\/10 minuts en una olla sense tapa o amb un esterilitzador de microones.<\/p>\n<p>D&#8217;aquesta manera v\u00f3s assegureu que els possibles bacteris han estat eliminats i no poden infectar el seu cos.<\/p>\n<p><strong>10. Puc orinar amb la copa menstrual?<\/strong><\/p>\n<p>S\u00ed. Com que la copa menstrual s\u2019introdueix a la seva vagina, no impacta amb la seva uretra i pot orinar. Potser experimenta una major pressi\u00f3 en la bufeta, per\u00f2 no \u00e9s un motiu freq\u00fcent d&#8217;incomoditat.<\/p>\n<p><strong>11. Et preocupa que la copa menstrual caigui?<\/strong><\/p>\n<p>Si tens la sensaci\u00f3 que la copa menstrual rellisca, cal assegurar-se que est\u00e0 ben introdu\u00efda a l&#8217;interior de la teva vagina i s&#8217;ha obert completament. A m\u00e9s has d&#8217;assegurar-te que tens una mida correcta de copa menstrual.<\/p>\n<p><strong>12. Pot la copa menstrual remoure el DIU (Dispositiu Intrauter\u00ed)?<\/strong><\/p>\n<p>Si, \u00e9s possible, per\u00f2 poques vegades passa. \u00c9s important seguir els consells que tot seguit explicarem sobre \u201ccom utilitzar la copa menstrual amb DIU\u201d.<\/p>\n<p><strong>13. Com puc utilitzar la copa menstrual amb DIU?<\/strong><\/p>\n<p>Abans d&#8217;inserir la copa menstrual \u00e9s important con\u00e8ixer on estan localitzades les cordes del DIU. Ha de revisar-lo cada mes per tal d\u2019estar segura que no han canviat de longitud. \u00c9s important que la copa menstrual no toqui aquestes cordes. Aix\u00ed, vost\u00e8 haur\u00e0 de col\u00b7locar-la en la zona baixa de la vagina.<\/p>\n<p>Quan remogui la copa menstrual, ha d\u2019estar segura que el maneguet inferior que es fa servir per extreure la copa sigui el primer que vost\u00e8 estiri un xic, i sobretot que apreti als costats per treure el buit, per tal que surti la copa tal com va ser introdu\u00efda i aix\u00ed evitar que remogui el DIU.<\/p>\n<p>Tamb\u00e9 pot consultar al seu ginec\u00f2leg per utilitzar la copa menstrual amb el DIU i tenir l&#8217;opci\u00f3 de qu\u00e8 les cordes del DIU estiguin m\u00e9s curtes del normal.<\/p>\n<p><strong>14. La copa menstrual pot fer que perdi la meva virginitat?<\/strong><\/p>\n<p>No, la copa menstrual no causa la p\u00e8rdua de la virginitat.<\/p>\n<p>En alguns casos, l&#8217;\u00fas de la copa menstrual pot trencar l&#8217;himen, per\u00f2, de fet, algunes activitats com muntar a cavall, fer esport, utilitzar tampons o visitar al ginec\u00f2leg pot causar la seva ruptura. De fet, \u00e9s possible tenir una relaci\u00f3 sexual amb penetraci\u00f3 i no veure danyat l&#8217;himen.<\/p>\n<pre>Autoria: Mowena Wilkins, traducci\u00f3 de Maribel Garcia Marqu\u00e9s,<\/pre>\n\n\n<p><\/p>\n","protected":false},"excerpt":{"rendered":"<p>El projecte Rato Baltin no existiria si no fos per les generoses donacions de copes que ens fa l&#8217;empresa Ruby Cup i el seu programa: &#8220;Compre&#8217;n una i nosaltres en donem una a una noia amb necessitat.&#8221; Per aix\u00f2, us animem a fer una volta per la seva botiga en l\u00ednia si en voleu comprar [&hellip;]<\/p>\n","protected":false},"author":7,"featured_media":4763,"parent":0,"menu_order":0,"comment_status":"closed","ping_status":"closed","template":"","meta":{"footnotes":""},"class_list":["post-6219","page","type-page","status-publish","has-post-thumbnail","hentry"],"_links":{"self":[{"href":"https:\/\/beartsy.org\/ca\/wp-json\/wp\/v2\/pages\/6219","targetHints":{"allow":["GET"]}}],"collection":[{"href":"https:\/\/beartsy.org\/ca\/wp-json\/wp\/v2\/pages"}],"about":[{"href":"https:\/\/beartsy.org\/ca\/wp-json\/wp\/v2\/types\/page"}],"author":[{"embeddable":true,"href":"https:\/\/beartsy.org\/ca\/wp-json\/wp\/v2\/users\/7"}],"replies":[{"embeddable":true,"href":"https:\/\/beartsy.org\/ca\/wp-json\/wp\/v2\/comments?post=6219"}],"version-history":[{"count":0,"href":"https:\/\/beartsy.org\/ca\/wp-json\/wp\/v2\/pages\/6219\/revisions"}],"wp:featuredmedia":[{"embeddable":true,"href":"https:\/\/beartsy.org\/ca\/wp-json\/wp\/v2\/media\/4763"}],"wp:attachment":[{"href":"https:\/\/beartsy.org\/ca\/wp-json\/wp\/v2\/media?parent=6219"}],"curies":[{"name":"wp","href":"https:\/\/api.w.org\/{rel}","templated":true}]}}