{"id":461,"date":"2016-11-15T14:18:54","date_gmt":"2016-11-15T12:18:54","guid":{"rendered":"http:\/\/beartsy.org\/ca\/transparency\/"},"modified":"2026-02-26T13:50:35","modified_gmt":"2026-02-26T11:50:35","slug":"transparencia","status":"publish","type":"page","link":"https:\/\/beartsy.org\/ca\/transparencia\/","title":{"rendered":"T&#8217;oferim transpar\u00e8ncia i confian\u00e7a"},"content":{"rendered":"<p>Creiem fermament que la informaci\u00f3 i la transpar\u00e8ncia s\u00f3n claus per generar la confian\u00e7a que qualsevol persona necessita per decidir-se a col\u00b7laborar i per aix\u00f2 us la oferim.<\/p>\n<p class=\"p1\"><span class=\"s1\">Associaci\u00f3 be artsy est\u00e0 registrada en el Departament de Just\u00edcia de la Generalitat de Catalunya amb el N\u00fam. de registre\u00a0 <\/span>60067 <span class=\"s1\">\/ 2016.\u00a0<\/span><\/p>\n<p class=\"p1\"><a href=\"http:\/\/beartsy.org\/wp-content\/uploads\/2016\/11\/Estatuts-Associacio\u0301-be-artsy.pdf\" target=\"_blank\" rel=\"noopener noreferrer\"><span class=\"s1\">Es poden consultar els Estatuts de l&#8217;Associaci\u00f3, aqu\u00ed.<\/span><\/a><\/p>\n<p>El projecte Rato Baltin ha estat funcionant des de 2016, per\u00f2 vam anar per primera vegada sobre el terreny el febrer de 2017.<\/p>\n<p>El dia 10 de juny de 2021 v\u00e0rem ser reconegudes com a <a href=\"https:\/\/beartsy.org\/wp-content\/uploads\/2021\/07\/Resolucio\u0301-inscripcio\u0301-ONGD.pdf\" target=\"_blank\" rel=\"noopener\">ONGD per l&#8217;AECID,\u00a0 <\/a><a href=\"https:\/\/beartsy.org\/wp-content\/uploads\/2021\/07\/Notif-Resolucio\u0301-UTILITAT-PU\u0301BLICA.pdf\" target=\"_blank\" rel=\"nofollow noopener\">i el dia 1 de juliol de 2021 v\u00e0rem ser declarades d&#8217;Utilitat p\u00fablica.<\/a><\/p>\n<p>Aqu\u00ed pots llegir els nostres <b>informes anuals.\u00a0<\/b><\/p>\n<h2>Avaluacions dels Projectes sota el paraigues del projecte Rato Baltin (Galleda vermella, Happy Women i Edufem)<\/h2>\n<p><a title=\"pdf\" href=\"https:\/\/beartsy.org\/wp-content\/uploads\/2021\/07\/2017-project-evaluation-CAT.pdf\" target=\"_blank\" rel=\"noopener\">Avaluaci\u00f3 dels Projectes 2017<\/a><\/p>\n<p><a title=\"pdf\" href=\"https:\/\/beartsy.org\/wp-content\/uploads\/2019\/01\/2018-project-evaluation-Cat.pdf\" target=\"_blank\" rel=\"noopener\">Avaluaci\u00f3 dels Projectes 2018<\/a><\/p>\n<p><a title=\"pdf\" href=\"https:\/\/beartsy.org\/wp-content\/uploads\/2020\/03\/2019_-Project-evaluation-CAT.pdf\" target=\"_blank\" rel=\"noopener\">Avaluaci\u00f3 dels Projectes 2019<\/a><\/p>\n<p><a title=\"pdf\" href=\"https:\/\/beartsy.org\/wp-content\/uploads\/2021\/04\/CAT-2020-Project-evaluation-Rato-Baltin-CAT.pdf\">Avaluaci\u00f3 dels Projectes 2020<\/a><\/p>\n<p><a href=\"https:\/\/beartsy.org\/wp-content\/uploads\/2022\/08\/CAT_2021_-Project-evaluation-Rato_Baltin_compress.pdf\" target=\"_blank\" rel=\"noopener\">Avaluaci\u00f3 dels Projectes 2021<\/a><\/p>\n<p><a href=\"https:\/\/beartsy.org\/wp-content\/uploads\/2023\/05\/CAT-2022-Project-evaluation-Rato-Baltin_compressed.pdf\" target=\"_blank\" rel=\"nofollow noopener\">Avaluaci\u00f3 dels projectes 2022<\/a><\/p>\n<p><a href=\"https:\/\/beartsy.org\/wp-content\/uploads\/2024\/05\/CAT-2023-Project-evaluation-Rato-Baltin_compressed.pdf\" target=\"_blank\" rel=\"noopener\">Avaluaci\u00f3 dels projectes 2023<\/a><\/p>\n<p><a href=\"https:\/\/beartsy.org\/wp-content\/uploads\/2025\/11\/CAT-2024-Project-evaluation-Rato-Baltin.pdf\" target=\"_blank\" rel=\"noopener\">Avaluaci\u00f3 dels projectes 2024<\/a><\/p>\n<h2>Avaluacions d&#8217;altres Projectes<\/h2>\n<p><a href=\"https:\/\/beartsy.org\/wp-content\/uploads\/2021\/05\/CAT-PROJECT-IMPACT-EVALUATION-2019-_-2020-EDUFEM-project.pdf\" target=\"_blank\" rel=\"noopener\">Avaluaci\u00f3 del projecte\u00a0 pilot EDUFEM curso 2019\/2020 (2076)<\/a><\/p>\n<p><a href=\"https:\/\/beartsy.org\/wp-content\/uploads\/2021\/03\/2020-Project-evaluation-Covid19-Response-CAT.pdf\" target=\"_blank\" rel=\"noopener\">Avaluaci\u00f3 de la resposta a la Pand\u00e8mia en 2020<\/a><\/p>\n<p><a href=\"https:\/\/beartsy.org\/wp-content\/uploads\/2023\/05\/Be_Artsy_Final_Report_CAT_compressed.pdf\" target=\"_blank\" rel=\"nofollow noopener\">Avaluaci\u00f3 d&#8217;Oxig\u00e8n for Nepal<\/a><\/p>\n<h2>Mem\u00f2ries visuals d&#8217;activitats de l\u2019ONG<\/h2>\n<p><a href=\"https:\/\/beartsy.org\/wp-content\/uploads\/2021\/01\/CAT-2018-annual-activity-report.pdf\">Mem\u00f2ries d&#8217;activitats 2018<\/a><\/p>\n<p><a href=\"https:\/\/beartsy.org\/wp-content\/uploads\/2020\/12\/CAT_-_Memoria_anual_d_activitats_2019.pdf\" target=\"_blank\" rel=\"noopener\">Mem\u00f2ries d&#8217;activitats 2019<\/a><\/p>\n<p><a href=\"https:\/\/beartsy.org\/wp-content\/uploads\/2021\/04\/CAT_-_Memoria_anual_d_activitats_2020.pdf\" target=\"_blank\" rel=\"noopener\">Mem\u00f2ries d&#8217;activitats 2020<\/a><\/p>\n<p><a href=\"https:\/\/beartsy.org\/wp-content\/uploads\/2023\/05\/2021_annual_activity_report__CAT-1_compressed.pdf\" target=\"_blank\" rel=\"nofollow noopener\">Mem\u00f2ries d&#8217;activitats 2021<\/a><\/p>\n<p><a href=\"https:\/\/beartsy.org\/wp-content\/uploads\/2024\/05\/CAT-2022-annual-activity-report_compressed.pdf\" target=\"_blank\" rel=\"noopener\">Mem\u00f2ries d&#8217;activitats 2022<\/a><\/p>\n<p><a href=\"https:\/\/beartsy.org\/wp-content\/uploads\/2024\/09\/2023-activity-report-V1_compressed.pdf\">Mem\u00f2ries d&#8217;activitats 2023\u00a0<\/a><\/p>\n<p><a href=\"https:\/\/beartsy.org\/wp-content\/uploads\/2025\/05\/CAT-Memoria-dactivitats-2024_compressed.pdf\" target=\"_blank\" rel=\"noopener\">Mem\u00f2ries d&#8217;activitats 2024<\/a><\/p>\n<h2>Mem\u00f2ries comptables de l&#8217;ONG<\/h2>\n<p><a href=\"https:\/\/beartsy.org\/wp-content\/uploads\/2021\/07\/B.SITUACIO\u0301N-2016.pdf\" target=\"_blank\" rel=\"noopener\">Balan\u00e7os anuals 2016<\/a><\/p>\n<p><a href=\"https:\/\/beartsy.org\/wp-content\/uploads\/2021\/07\/B.SITUACIO\u0301N-2017.pdf\" target=\"_blank\" rel=\"noopener\">Balan\u00e7os anuals 2017<\/a><\/p>\n<p><a href=\"https:\/\/beartsy.org\/wp-content\/uploads\/2021\/07\/B.SITUACION-2018.pdf\" target=\"_blank\" rel=\"noopener\">Balan\u00e7os anuals 2018<\/a><\/p>\n<p><a href=\"https:\/\/beartsy.org\/wp-content\/uploads\/2021\/07\/04-CCAA-2019-BE-ARTSY.pdf\" target=\"_blank\" rel=\"noopener\">Balan\u00e7os anuals 2019<\/a><\/p>\n<p><a href=\"https:\/\/beartsy.org\/wp-content\/uploads\/2021\/07\/2_CCAA_2020_BE_ARTSY.pdf\" target=\"_blank\" rel=\"noopener\">Balan\u00e7os anuals 2020<\/a><\/p>\n<p><a href=\"https:\/\/beartsy.org\/wp-content\/uploads\/2023\/05\/CCAA-2021-AS.-BE-ARTSY-def-1.pdf\" target=\"_blank\" rel=\"nofollow noopener\">Balan\u00e7os anuals 2021<\/a><\/p>\n<p><a href=\"https:\/\/beartsy.org\/wp-content\/uploads\/2023\/05\/CCAA-2022-AS.-BE-ARTSY-def-.pdf\" target=\"_blank\" rel=\"nofollow noopener\">Balan\u00e7os anuals 2022<\/a><\/p>\n<p><a href=\"https:\/\/beartsy.org\/wp-content\/uploads\/2024\/09\/Memoria-simplificada-Be-Artsy-2023_signed_signed.pdf\">Balan\u00e7os anuals 2023<\/a><\/p>\n<p><a href=\"https:\/\/beartsy.org\/wp-content\/uploads\/2025\/07\/Memoria-Be-Artsy-2024-v3_signed.pdf\" target=\"_blank\" rel=\"noopener\">Balan\u00e7os anuals 2024<\/a><\/p>\n<p class=\"p1\"><span class=\"s1\"><a href=\"https:\/\/beartsy.org\/wp-content\/uploads\/2026\/02\/CCAA-2025-Assoc.-Be-Artsy-v3.pdf\" target=\"_blank\" rel=\"noopener\">Balan\u00e7os anuals 2025<\/a><\/p>\n<p>No dubteu a contactar si teniu qualsevol pregunta.<br \/>\n<\/span><span class=\"s1\">El <a href=\"https:\/\/beartsy.org\/creativity-photo-project\/\">Creativity Photo project,<\/a>\u00a0va viatjar<\/span><span class=\"s1\">\u00a0a <strong>6 pa\u00efsos<\/strong>, ofert <strong>81 tallers<\/strong> en <strong>32 espais<\/strong> diferents i treballat amb <strong>2281 alumnes fins al febrer del 2017<\/strong><strong>!<\/strong><\/span><\/p>\n","protected":false},"excerpt":{"rendered":"<p>Creiem fermament que la informaci\u00f3 i la transpar\u00e8ncia s\u00f3n claus per generar la confian\u00e7a que qualsevol persona necessita per decidir-se a col\u00b7laborar i per aix\u00f2 us la oferim. Associaci\u00f3 be artsy est\u00e0 registrada en el Departament de Just\u00edcia de la Generalitat de Catalunya amb el N\u00fam. de registre\u00a0 60067 \/ 2016.\u00a0 Es poden consultar els [&hellip;]<\/p>\n","protected":false},"author":1,"featured_media":0,"parent":0,"menu_order":0,"comment_status":"closed","ping_status":"closed","template":"","meta":{"footnotes":""},"class_list":["post-461","page","type-page","status-publish","hentry"],"_links":{"self":[{"href":"https:\/\/beartsy.org\/ca\/wp-json\/wp\/v2\/pages\/461","targetHints":{"allow":["GET"]}}],"collection":[{"href":"https:\/\/beartsy.org\/ca\/wp-json\/wp\/v2\/pages"}],"about":[{"href":"https:\/\/beartsy.org\/ca\/wp-json\/wp\/v2\/types\/page"}],"author":[{"embeddable":true,"href":"https:\/\/beartsy.org\/ca\/wp-json\/wp\/v2\/users\/1"}],"replies":[{"embeddable":true,"href":"https:\/\/beartsy.org\/ca\/wp-json\/wp\/v2\/comments?post=461"}],"version-history":[{"count":4,"href":"https:\/\/beartsy.org\/ca\/wp-json\/wp\/v2\/pages\/461\/revisions"}],"predecessor-version":[{"id":38666,"href":"https:\/\/beartsy.org\/ca\/wp-json\/wp\/v2\/pages\/461\/revisions\/38666"}],"wp:attachment":[{"href":"https:\/\/beartsy.org\/ca\/wp-json\/wp\/v2\/media?parent=461"}],"curies":[{"name":"wp","href":"https:\/\/api.w.org\/{rel}","templated":true}]}}