{"id":459,"date":"2016-11-10T02:23:24","date_gmt":"2016-11-10T00:23:24","guid":{"rendered":"http:\/\/beartsy.org\/ca\/partners-and-collaborators\/"},"modified":"2025-10-13T09:40:27","modified_gmt":"2025-10-13T07:40:27","slug":"partners-i-col%c2%b7laboradors","status":"publish","type":"page","link":"https:\/\/beartsy.org\/ca\/partners-i-col%c2%b7laboradors\/","title":{"rendered":"Socis, Empreses solid\u00e0ries i Col\u00b7laboradors"},"content":{"rendered":"<h4><span id=\"result_box\" class=\"\" lang=\"ca\" tabindex=\"-1\">El <span class=\"\">magn\u00e0nim<\/span> <span class=\"\">suport dels nostres<\/span> donants ens <span class=\"\">ajuda a<\/span> <span class=\"\">fer<\/span> <span class=\"\">possible el nostre<\/span> <span class=\"\">treball:<\/span><\/span><\/h4>\n<p><span id=\"result_box\" class=\"\" lang=\"ca\" tabindex=\"-1\">Agra\u00efm les generoses donacions tant a la llista d&#8217;organitzacions i empreses socials llistades aqu\u00ed, com a tots els donants privats individuals que ens han fet donacions en repetides donacions. Moltes gr\u00e0cies a tots. Sense vosaltres no podr\u00edem fer la nostra tasca<span class=\"\">!<\/span><\/span><\/p>\n<p><strong>Socis:<br \/>\n<\/strong><\/p>\n<p><b><a href=\"http:\/\/rubycup.com\/\" target=\"_blank\" rel=\"noopener\">Ruby Cup<\/a> <\/b><\/p>\n<p><strong>Empresas solidarias:<\/strong><\/p>\n<p><a href=\"https:\/\/planhimalaya.es\/\" target=\"_blank\" rel=\"noopener\"><strong>Plan Himalaya<\/strong><\/a><\/p>\n<p><strong><a href=\"https:\/\/www.instagram.com\/mila_torro\/\" target=\"_blank\" rel=\"noopener\">Mila Torr\u00f3<\/a><\/strong><\/p>\n<p><a href=\"https:\/\/www.mindmade.es\/\" target=\"_blank\" rel=\"noopener\"><strong>Mind Made<\/strong><\/a><\/p>\n<p><strong><a href=\"https:\/\/www.facebook.com\/himalayan.paradise\/\" target=\"_blank\" rel=\"noopener\">Himalayan Paradise\u00a0<\/a><\/strong><\/p>\n<p><strong>Col\u00b7laboradors:<\/strong><\/p>\n<p><strong><a href=\"http:\/\/www.wearetimeforaction.org\" target=\"_blank\" rel=\"noopener\">Time for Action<\/a> <\/strong><\/p>\n<p><a href=\"https:\/\/www.fujifilm.eu\/es\/\" target=\"_blank\" rel=\"noopener\"><b>Fujifilm<\/b><\/a><\/p>\n<p><strong><a href=\"http:\/\/www.chiaragiacomini.com\" target=\"_blank\" rel=\"noopener\">Chiara Giacomini\u00a0<\/a><\/strong><\/p>\n<p><strong><a href=\"https:\/\/heymondo.es\/\" target=\"_blank\" rel=\"noopener\">Mondo, seguros de viajes<\/a><\/strong><\/p>\n<p><a href=\"https:\/\/www.instagram.com\/te.tela.la.cosa\/\" target=\"_blank\" rel=\"noopener\"><strong>te.tela.la.cosa<\/strong><\/a><\/p>\n<p><a href=\"http:\/\/www.rotarymillennium.org\/\" target=\"_blank\" rel=\"noopener\"><strong>Rotary Club Millennium<\/strong><\/a><\/p>\n<p>Amb el suport de:<\/p>\n<p><strong style=\"font-size: revert; color: initial; font-family: -apple-system, BlinkMacSystemFont, 'Segoe UI', Roboto, Oxygen-Sans, Ubuntu, Cantarell, 'Helvetica Neue', sans-serif;\">Fundaci\u00f3 Barber\u00e0 solid\u00e0ria<br \/>\nAjuntament d&#8217;Abrera<br \/>\nTSCAT<br \/>\nAjuntament De Sabadel<br \/>\nCol\u00b7legi oficial de metges de Girona<br \/>\nAjuntament de Castellbisbal<br \/>\nAjuntament de Santa Coloma de Gramenet<br \/>\n<a href=\"https:\/\/cooperaciocatalana.gencat.cat\/ca\/inici\/\" target=\"_blank\" rel=\"noopener\">ACCD<\/a><br \/>\n<\/strong><strong><a href=\"http:\/\/DipSalut\" target=\"_blank\" rel=\"noopener\" data-wplink-url-error=\"true\">DipSalut<\/a><\/strong><br \/>\nAjuntament de Castell d&#8217;Aro, Platja d&#8217;Aro i S&#8217;Agar\u00f3<\/p>\n<p>Si tens una empresa que est\u00e0 interessada en ser patrocinadora, la teva generositat ser\u00e0 corresposta amb actualitzacions peri\u00f2diques i un esment de la companyia (logotip i enlla\u00e7) a la nostra p\u00e0gina web. Si us plau contacta&#8217;ns a<a href=\"http:\/\/https\/\/beartsy.org\/contact\" target=\"_blank\" rel=\"noopener\">\u00a0https:\/\/beartsy.org\/contact<\/a>\u00a0o fes-te soci a\u00a0<a href=\"\/?page_id=65\" target=\"_blank\" rel=\"noopener\">https:\/\/beartsy.org\/become-an-associate<\/a><\/p>\n","protected":false},"excerpt":{"rendered":"<p>El magn\u00e0nim suport dels nostres donants ens ajuda a fer possible el nostre treball: Agra\u00efm les generoses donacions tant a la llista d&#8217;organitzacions i empreses socials llistades aqu\u00ed, com a tots els donants privats individuals que ens han fet donacions en repetides donacions. Moltes gr\u00e0cies a tots. Sense vosaltres no podr\u00edem fer la nostra tasca! [&hellip;]<\/p>\n","protected":false},"author":1,"featured_media":0,"parent":0,"menu_order":0,"comment_status":"closed","ping_status":"closed","template":"","meta":{"footnotes":""},"class_list":["post-459","page","type-page","status-publish","hentry"],"_links":{"self":[{"href":"https:\/\/beartsy.org\/ca\/wp-json\/wp\/v2\/pages\/459","targetHints":{"allow":["GET"]}}],"collection":[{"href":"https:\/\/beartsy.org\/ca\/wp-json\/wp\/v2\/pages"}],"about":[{"href":"https:\/\/beartsy.org\/ca\/wp-json\/wp\/v2\/types\/page"}],"author":[{"embeddable":true,"href":"https:\/\/beartsy.org\/ca\/wp-json\/wp\/v2\/users\/1"}],"replies":[{"embeddable":true,"href":"https:\/\/beartsy.org\/ca\/wp-json\/wp\/v2\/comments?post=459"}],"version-history":[{"count":10,"href":"https:\/\/beartsy.org\/ca\/wp-json\/wp\/v2\/pages\/459\/revisions"}],"predecessor-version":[{"id":38448,"href":"https:\/\/beartsy.org\/ca\/wp-json\/wp\/v2\/pages\/459\/revisions\/38448"}],"wp:attachment":[{"href":"https:\/\/beartsy.org\/ca\/wp-json\/wp\/v2\/media?parent=459"}],"curies":[{"name":"wp","href":"https:\/\/api.w.org\/{rel}","templated":true}]}}