{"id":454,"date":"2016-11-10T02:00:06","date_gmt":"2016-11-10T00:00:06","guid":{"rendered":"http:\/\/beartsy.org\/ca\/mission-statement\/"},"modified":"2026-04-07T13:57:39","modified_gmt":"2026-04-07T11:57:39","slug":"missio","status":"publish","type":"page","link":"https:\/\/beartsy.org\/ca\/missio\/","title":{"rendered":"Visi\u00f3, Missi\u00f3 i Valors"},"content":{"rendered":"\n<h2 class=\"wp-block-heading\">Missi\u00f3<\/h2>\n\n\n\n<p>Treballar per la defensa dels drets humans, amb especial focus en els drets sexuals i reproductius de dones i nenes, promovent la salut menstrual, l\u2019acc\u00e9s a l\u2019educaci\u00f3 i l\u2019autonomia personal i econ\u00f2mica a trav\u00e9s de processos comunitaris i educatius.<\/p>\n\n\n\n<p>Utilitzem eines creatives com a suport en aquests processos d\u2019educaci\u00f3 i expressi\u00f3, per\u00f2 el nostre enfocament se centra en els drets, la salut i l\u2019empoderament de les persones.<\/p>\n\n\n\n<h2 class=\"wp-block-heading\">Visi\u00f3<\/h2>\n\n\n\n<p>Un m\u00f3n on dones i nenes puguin viure amb dignitat, lliures de discriminaci\u00f3 i viol\u00e8ncia, amb acc\u00e9s a educaci\u00f3, salut i oportunitats que els permetin decidir sobre el seu futur.<\/p>\n\n\n\n<h2 class=\"wp-block-heading\">Valors<\/h2>\n\n\n\n<ul class=\"wp-block-list\">\n<li>Drets humans i igualtat de g\u00e8nere<\/li>\n\n\n\n<li>Treball amb contrapart local i lideratge comunitari<\/li>\n\n\n\n<li>No paternalisme i respecte cultural<\/li>\n\n\n\n<li>Sostenibilitat i impacte a llarg termini<\/li>\n\n\n\n<li>Transpar\u00e8ncia i responsabilitat<\/li>\n<\/ul>\n","protected":false},"excerpt":{"rendered":"<p>Missi\u00f3 Treballar per la defensa dels drets humans, amb especial focus en els drets sexuals i reproductius de dones i nenes, promovent la salut menstrual, l\u2019acc\u00e9s a l\u2019educaci\u00f3 i l\u2019autonomia personal i econ\u00f2mica a trav\u00e9s de processos comunitaris i educatius. Utilitzem eines creatives com a suport en aquests processos d\u2019educaci\u00f3 i expressi\u00f3, per\u00f2 el nostre [&hellip;]<\/p>\n","protected":false},"author":1,"featured_media":0,"parent":0,"menu_order":0,"comment_status":"closed","ping_status":"closed","template":"","meta":{"footnotes":""},"class_list":["post-454","page","type-page","status-publish","hentry"],"_links":{"self":[{"href":"https:\/\/beartsy.org\/ca\/wp-json\/wp\/v2\/pages\/454","targetHints":{"allow":["GET"]}}],"collection":[{"href":"https:\/\/beartsy.org\/ca\/wp-json\/wp\/v2\/pages"}],"about":[{"href":"https:\/\/beartsy.org\/ca\/wp-json\/wp\/v2\/types\/page"}],"author":[{"embeddable":true,"href":"https:\/\/beartsy.org\/ca\/wp-json\/wp\/v2\/users\/1"}],"replies":[{"embeddable":true,"href":"https:\/\/beartsy.org\/ca\/wp-json\/wp\/v2\/comments?post=454"}],"version-history":[{"count":2,"href":"https:\/\/beartsy.org\/ca\/wp-json\/wp\/v2\/pages\/454\/revisions"}],"predecessor-version":[{"id":38749,"href":"https:\/\/beartsy.org\/ca\/wp-json\/wp\/v2\/pages\/454\/revisions\/38749"}],"wp:attachment":[{"href":"https:\/\/beartsy.org\/ca\/wp-json\/wp\/v2\/media?parent=454"}],"curies":[{"name":"wp","href":"https:\/\/api.w.org\/{rel}","templated":true}]}}