{"id":451,"date":"2016-11-10T01:55:35","date_gmt":"2016-11-09T23:55:35","guid":{"rendered":"http:\/\/beartsy.org\/ca\/creativity-photo-project\/"},"modified":"2019-07-18T19:37:23","modified_gmt":"2019-07-18T17:37:23","slug":"creativity-photo-project","status":"publish","type":"page","link":"https:\/\/beartsy.org\/ca\/creativity-photo-project\/","title":{"rendered":"Creativity Photo Project  (2014 &#8211; 2017)"},"content":{"rendered":"<p class=\"p1\"><span class=\"s1\">El Creativity Photo Project \u00e9s un projecte de cooperaci\u00f3 internacional: Tallers de fotografia, creativa i participativa, amb reflex \u2013 web, de lluita contra l&#8217;exclusi\u00f3 social, de Clara Garc\u00eda Ort\u00e9s (Clara G.O), ara en el marc de be artsy.<\/span><\/p>\n<p>Fins ara s&#8217;han fet tallers a \u00cdndia, Tail\u00e0ndia, Myanmar, Nepal,Argentina i Xile. Sempre basats en voluntariat, en escoles, orfenats i comunitats rurals.<\/p>\n<p>Mentre els participants aprenen sobre fotografia, poden desenvolupar la seva creativitat i imaginaci\u00f3 amb jocs i activitats divertides on aprenen conceptes com a intensitat del color, profunditat, perspectiva i altres elements b\u00e0sics de la fotografia. Per a totes les edats.<br \/>\nConeix m\u00e9s sobre el Creativity en <a href=\"http:\/\/creativityphotoproject.com\/category\/creativity-photo-project\/\" target=\"_blank\" rel=\"noopener\">http:\/\/creativityphotoproject.com\/category\/creativity-photo-project\/<\/a><\/p>\n<p class=\"p1\">\n","protected":false},"excerpt":{"rendered":"<p>El Creativity Photo Project \u00e9s un projecte de cooperaci\u00f3 internacional: Tallers de fotografia, creativa i participativa, amb reflex \u2013 web, de lluita contra l&#8217;exclusi\u00f3 social, de Clara Garc\u00eda Ort\u00e9s (Clara G.O), ara en el marc de be artsy. Fins ara s&#8217;han fet tallers a \u00cdndia, Tail\u00e0ndia, Myanmar, Nepal,Argentina i Xile. Sempre basats en voluntariat, en [&hellip;]<\/p>\n","protected":false},"author":1,"featured_media":0,"parent":0,"menu_order":0,"comment_status":"closed","ping_status":"closed","template":"","meta":{"footnotes":""},"class_list":["post-451","page","type-page","status-publish","hentry"],"_links":{"self":[{"href":"https:\/\/beartsy.org\/ca\/wp-json\/wp\/v2\/pages\/451","targetHints":{"allow":["GET"]}}],"collection":[{"href":"https:\/\/beartsy.org\/ca\/wp-json\/wp\/v2\/pages"}],"about":[{"href":"https:\/\/beartsy.org\/ca\/wp-json\/wp\/v2\/types\/page"}],"author":[{"embeddable":true,"href":"https:\/\/beartsy.org\/ca\/wp-json\/wp\/v2\/users\/1"}],"replies":[{"embeddable":true,"href":"https:\/\/beartsy.org\/ca\/wp-json\/wp\/v2\/comments?post=451"}],"version-history":[{"count":0,"href":"https:\/\/beartsy.org\/ca\/wp-json\/wp\/v2\/pages\/451\/revisions"}],"wp:attachment":[{"href":"https:\/\/beartsy.org\/ca\/wp-json\/wp\/v2\/media?parent=451"}],"curies":[{"name":"wp","href":"https:\/\/api.w.org\/{rel}","templated":true}]}}