{"id":431,"date":"2016-11-19T14:53:54","date_gmt":"2016-11-19T12:53:54","guid":{"rendered":"http:\/\/beartsy.org\/ca\/create-a-fundraising-challenge\/"},"modified":"2018-12-14T16:30:05","modified_gmt":"2018-12-14T14:30:05","slug":"crea-el-teu-propi-repte-per-ajudar-a-recollir-fons","status":"publish","type":"page","link":"https:\/\/beartsy.org\/ca\/crea-el-teu-propi-repte-per-ajudar-a-recollir-fons\/","title":{"rendered":"Crea el teu propi repte per ajudar a recollir fons"},"content":{"rendered":"<p>A <a href=\"https:\/\/www.migranodearena.org\/crea-reto\/5\/reto-personal-ong\/\" target=\"_blank\" rel=\"noopener\">https:\/\/www.migranodearena.org\/crea-reto\/5\/reto-personal-ong\/<\/a> pots buscar be artsy i\u00a0 crear el teu propi repte per reunir fons. Aqu\u00ed ho pots fer al teu aire, sempre que s&#8217;estableixi una meta amb un import que et fixis per endavant.<\/p>\n<p>Recorda: el nostre objectiu \u00e9s portar educaci\u00f3 higi\u00e8nica, menstrual i sexual a les \u00e0rees m\u00e9s remotes de Nepal. All\u00ed, les noies s\u00f3n considerades impures mentre menstruen i se&#8217;ls priva de les necessitats m\u00e9s b\u00e0siques durant 7-9 dies.<\/p>\n<p>Complementarem aquesta proposta amb la introducci\u00f3 i distribuci\u00f3 de copes menstruals, que volem implementar amb l&#8217;ajuda de tallers de fotografia creativa. Aix\u00f2 pot capacitar a les noies a trobar i donar sortida a all\u00f2 que es pot millorar mentre estan amb la menstruaci\u00f3.\u2028L&#8217;objectiu a llarg termini: reduir el<a href=\"https:\/\/beartsy.org\/ca\/rato-baltin-project-chhaupadi-projecte-galleda-vermella\/\"> Chhaupadi.<\/a><\/p>\n","protected":false},"excerpt":{"rendered":"<p>A https:\/\/www.migranodearena.org\/crea-reto\/5\/reto-personal-ong\/ pots buscar be artsy i\u00a0 crear el teu propi repte per reunir fons. Aqu\u00ed ho pots fer al teu aire, sempre que s&#8217;estableixi una meta amb un import que et fixis per endavant. Recorda: el nostre objectiu \u00e9s portar educaci\u00f3 higi\u00e8nica, menstrual i sexual a les \u00e0rees m\u00e9s remotes de Nepal. All\u00ed, les [&hellip;]<\/p>\n","protected":false},"author":1,"featured_media":0,"parent":0,"menu_order":0,"comment_status":"closed","ping_status":"closed","template":"","meta":{"footnotes":""},"class_list":["post-431","page","type-page","status-publish","hentry"],"_links":{"self":[{"href":"https:\/\/beartsy.org\/ca\/wp-json\/wp\/v2\/pages\/431","targetHints":{"allow":["GET"]}}],"collection":[{"href":"https:\/\/beartsy.org\/ca\/wp-json\/wp\/v2\/pages"}],"about":[{"href":"https:\/\/beartsy.org\/ca\/wp-json\/wp\/v2\/types\/page"}],"author":[{"embeddable":true,"href":"https:\/\/beartsy.org\/ca\/wp-json\/wp\/v2\/users\/1"}],"replies":[{"embeddable":true,"href":"https:\/\/beartsy.org\/ca\/wp-json\/wp\/v2\/comments?post=431"}],"version-history":[{"count":0,"href":"https:\/\/beartsy.org\/ca\/wp-json\/wp\/v2\/pages\/431\/revisions"}],"wp:attachment":[{"href":"https:\/\/beartsy.org\/ca\/wp-json\/wp\/v2\/media?parent=431"}],"curies":[{"name":"wp","href":"https:\/\/api.w.org\/{rel}","templated":true}]}}