{"id":399,"date":"2016-11-10T01:59:07","date_gmt":"2016-11-09T23:59:07","guid":{"rendered":"http:\/\/beartsy.org\/ca\/our-history\/"},"modified":"2016-11-30T16:55:41","modified_gmt":"2016-11-30T14:55:41","slug":"historia","status":"publish","type":"page","link":"https:\/\/beartsy.org\/ca\/historia\/","title":{"rendered":"La nostra Historia"},"content":{"rendered":"<p><span id=\"result_box\" class=\"\" lang=\"ca\"><span title=\"Hence, our current emphasis on the topic of menstruation and hygienic care through the Chhaupadi project in Nepal. \"><span style=\"font-weight: 400;\"><strong>be artsy<\/strong> \u00e9s una associaci\u00f3 sense \u00e0nim de lucre centrada en desenvolupar projectes creatius amb l\u2019objectiu de proporcionar formaci\u00f3 i experi\u00e8ncies a comunitats que, d\u2019altra manera, no hi tindrien acc\u00e9s. La nostra intenci\u00f3 \u00e9s proporcionar a les comunitats, a trav\u00e9s d\u2019activitats art\u00edstiques i creatives, eines per a millorar la comunicaci\u00f3 i donar espai a la reflexi\u00f3 cr\u00edtica per tal d\u2019efectuar aquells canvis interns que creguin necessaris. \u00c9s a dir, pretenem ajudar les comunitats locals a trav\u00e9s de l\u2019art &#8211; posant especial \u00e8mfasi en les dones i aquells temes que m\u00e9s les afecten. <\/span><\/span><\/span><\/p>\n<p><span id=\"result_box\" class=\"\" lang=\"ca\"><span title=\"Hence, our current emphasis on the topic of menstruation and hygienic care through the Chhaupadi project in Nepal. \"><span style=\"font-weight: 400;\">\u00c9s per aix\u00f2 que el projecte que estem portant a terme en l\u2019actualitat, el projecte Chhaupadi, es centra en els temes de la menstruaci\u00f3 i higiene a les comunitats rurals del Nepal.<\/span><\/span><\/span><\/p>\n<p><span title=\"It all began towards the end of 2014, when the Creativity Photo Project - the embryo of what would eventually become be artsy - was first set up and has, since then, been bringing participatory photography workshops to several Asian countries. \">Tot va comen\u00e7ar a finals de 2014, quan el <strong>Creativity Photo Project<\/strong>\u00a0&#8211; l&#8217;embri\u00f3 del que es convertiria <strong>be artsy<\/strong>\u00a0&#8211; es va establir per primera vegada i, des d&#8217;aleshores, ha portat tallers de fotografia de participativa\u00a0per a diversos pa\u00efsos.<\/span><\/p>\n<p><span title=\"After two years and many experiences, we came to realise that we not only needed a legal framework - in order to grow and develop our projects more appropriately -, but also that there was a gap within the third sector we were attempting to fill - that\">Despr\u00e9s de dos anys i moltes experi\u00e8ncies, ens vam adonar que no nom\u00e9s necessitem un marc legal &#8211; per tal de cr\u00e9ixer i desenvolupar els nostres projectes de forma m\u00e9s adequada -, sin\u00f3 tamb\u00e9 que hi havia un buit dins el tercer sector que est\u00e0vem tractant d&#8217;omplir &#8211; que <\/span><span title=\"is: reaching out to communities through artistic expression.\">\u00e9s: arribar a les comunitats a trav\u00e9s de l&#8217;expressi\u00f3 art\u00edstica. <\/span><span title=\"Reaching out, above all, to women all over the world, because they tend to simultaneously be the ones pulling their weight behind communities and the ones more overlooked by NGOs. \">Estenent la m\u00e0, sobretot, a les dones de tot el m\u00f3n, ja que tendeixen a ser alhora els que tiren del seu pes darrere de les comunitats i els m\u00e9s passats per alt per les ONG.<\/span><\/p>\n<p><span title=\"In a nutshell, this is what be artsy is: a group of people with different artistic backgrounds, who have come together to create cooperation projects aimed at minorities and communities at risk of exclusion.\">En poques paraules, aix\u00f2 \u00e9s el que <strong>be artsy<\/strong>: un grup de persones amb diferents antecedents art\u00edstics, que s&#8217;han unit per crear projectes de cooperaci\u00f3 adre\u00e7ats a les minories i les comunitats en risc d&#8217;exclusi\u00f3.<\/span><\/p>\n","protected":false},"excerpt":{"rendered":"<p>be artsy \u00e9s una associaci\u00f3 sense \u00e0nim de lucre centrada en desenvolupar projectes creatius amb l\u2019objectiu de proporcionar formaci\u00f3 i experi\u00e8ncies a comunitats que, d\u2019altra manera, no hi tindrien acc\u00e9s. La nostra intenci\u00f3 \u00e9s proporcionar a les comunitats, a trav\u00e9s d\u2019activitats art\u00edstiques i creatives, eines per a millorar la comunicaci\u00f3 i donar espai a la [&hellip;]<\/p>\n","protected":false},"author":1,"featured_media":0,"parent":0,"menu_order":0,"comment_status":"closed","ping_status":"closed","template":"","meta":{"footnotes":""},"class_list":["post-399","page","type-page","status-publish","hentry"],"_links":{"self":[{"href":"https:\/\/beartsy.org\/ca\/wp-json\/wp\/v2\/pages\/399","targetHints":{"allow":["GET"]}}],"collection":[{"href":"https:\/\/beartsy.org\/ca\/wp-json\/wp\/v2\/pages"}],"about":[{"href":"https:\/\/beartsy.org\/ca\/wp-json\/wp\/v2\/types\/page"}],"author":[{"embeddable":true,"href":"https:\/\/beartsy.org\/ca\/wp-json\/wp\/v2\/users\/1"}],"replies":[{"embeddable":true,"href":"https:\/\/beartsy.org\/ca\/wp-json\/wp\/v2\/comments?post=399"}],"version-history":[{"count":0,"href":"https:\/\/beartsy.org\/ca\/wp-json\/wp\/v2\/pages\/399\/revisions"}],"wp:attachment":[{"href":"https:\/\/beartsy.org\/ca\/wp-json\/wp\/v2\/media?parent=399"}],"curies":[{"name":"wp","href":"https:\/\/api.w.org\/{rel}","templated":true}]}}