{"id":375,"date":"2016-11-10T02:47:33","date_gmt":"2016-11-10T00:47:33","guid":{"rendered":"http:\/\/beartsy.org\/ca\/donate\/"},"modified":"2022-02-28T04:11:46","modified_gmt":"2022-02-28T02:11:46","slug":"donacio","status":"publish","type":"page","link":"https:\/\/beartsy.org\/ca\/donacio\/","title":{"rendered":"Fes una donaci\u00f3"},"content":{"rendered":"<p>Pots fer una donaci\u00f3 puntual o ser col\u00b7laborador habitual realitzant transfer\u00e8ncies peri\u00f2diques (mensuals, trimestrals o anuals) per l&#8217;import que desitgis. Per\u00f2 si desitges desgravar-la de la teva declaraci\u00f3 de la renda, necessitem que ens <strong> envi\u00efs les teves dades per mail <\/strong> per poder-lo comunicar a hisenda. <strong> &#8216;Les donacions desgraven fins a un 80% dels primers 150 euros!<\/strong><\/p>\n<h3><strong>Podeu donar via Paypal: <\/strong><\/h3>\n<form action=\"https:\/\/www.paypal.com\/cgi-bin\/webscr\" method=\"post\" target=\"_top\"><input name=\"cmd\" type=\"hidden\" value=\"_s-xclick\" \/><br \/>\n<input name=\"hosted_button_id\" type=\"hidden\" value=\"5N658NX6ZBZAE\" \/><br \/>\n<input title=\"PayPal - The safer, easier way to pay online!\" alt=\"Bot\u00f3n Donar con PayPal\" name=\"submit\" src=\"https:\/\/www.paypalobjects.com\/es_ES\/ES\/i\/btn\/btn_donateCC_LG.gif\" type=\"image\" \/><\/p>\n<p>&nbsp;<\/p>\n<h3>Pots donar mitjan\u00e7ant transfer\u00e8ncia banc\u00e0ria:<\/h3>\n<p><span id=\"result_box\" class=\"\" lang=\"ca\"> <span class=\"\"> Transfer\u00e8ncia banc\u00e0ria al seg\u00fcent compte bancari: <\/span><\/span><\/p>\n<p><span id=\"result_box\" class=\"short_text\" lang=\"ca\"> <span class=\"\"> Titular del compte:\u00a0 Associaci\u00f3 be artsy<\/span><\/span><\/p>\n<p>Banc: Banc Sabadell<\/p>\n<p><strong> IBAN: ES23 0081 0900 8200 0430 1934\u00a0<\/strong><\/p>\n<p><strong> BIC: BSABESBB\u00a0<\/strong><\/p>\n<p>Concepte: Donaci\u00f3 puntual o peri\u00f2dica (segons opci\u00f3 triada).<\/p>\n<p><strong> <span id=\"result_box\" class=\"\" lang=\"ca\"> <span class=\"\"> (La teva donaci\u00f3 peri\u00f2dica ens ajudar\u00e0 a tenir una millor planificaci\u00f3 del nostre pressupost per dur a terme els projectes empresos.)\u00a0<\/span><\/span><\/strong><\/p>\n<p>&nbsp;<\/p>\n<h3>I si vols fer-te soci i assistir a l&#8217;assemblea anual:<\/h3>\n<p><a href=\"https:\/\/beartsy.org\/es\/asociate\/\" target=\"_blank\" rel=\"noopener\">Pots fer-ho aqu\u00ed. Recorda que totes les donacions, si ens deixes les teves dades, desgraven en la declaraci\u00f3 d&#8217;hisenda!<\/a><\/p>\n<h5 class=\"entry-title single-title\"><a href=\"\/ca\/privacy-policy-2\/\" rel=\"nofollow \">PROTECCI\u00d3 DE DADES<\/a><\/h5>\n<\/form>\n","protected":false},"excerpt":{"rendered":"<p>Pots fer una donaci\u00f3 puntual o ser col\u00b7laborador habitual realitzant transfer\u00e8ncies peri\u00f2diques (mensuals, trimestrals o anuals) per l&#8217;import que desitgis. Per\u00f2 si desitges desgravar-la de la teva declaraci\u00f3 de la renda, necessitem que ens envi\u00efs les teves dades per mail per poder-lo comunicar a hisenda. &#8216;Les donacions desgraven fins a un 80% dels primers 150 [&hellip;]<\/p>\n","protected":false},"author":1,"featured_media":0,"parent":0,"menu_order":0,"comment_status":"closed","ping_status":"closed","template":"","meta":{"footnotes":""},"class_list":["post-375","page","type-page","status-publish","hentry"],"_links":{"self":[{"href":"https:\/\/beartsy.org\/ca\/wp-json\/wp\/v2\/pages\/375","targetHints":{"allow":["GET"]}}],"collection":[{"href":"https:\/\/beartsy.org\/ca\/wp-json\/wp\/v2\/pages"}],"about":[{"href":"https:\/\/beartsy.org\/ca\/wp-json\/wp\/v2\/types\/page"}],"author":[{"embeddable":true,"href":"https:\/\/beartsy.org\/ca\/wp-json\/wp\/v2\/users\/1"}],"replies":[{"embeddable":true,"href":"https:\/\/beartsy.org\/ca\/wp-json\/wp\/v2\/comments?post=375"}],"version-history":[{"count":0,"href":"https:\/\/beartsy.org\/ca\/wp-json\/wp\/v2\/pages\/375\/revisions"}],"wp:attachment":[{"href":"https:\/\/beartsy.org\/ca\/wp-json\/wp\/v2\/media?parent=375"}],"curies":[{"name":"wp","href":"https:\/\/api.w.org\/{rel}","templated":true}]}}