{"id":17048,"date":"2021-07-21T18:02:26","date_gmt":"2021-07-21T16:02:26","guid":{"rendered":"https:\/\/beartsy.org\/privacy-policy\/"},"modified":"2025-04-09T13:49:57","modified_gmt":"2025-04-09T11:49:57","slug":"proteccio-de-dades-2","status":"publish","type":"page","link":"https:\/\/beartsy.org\/ca\/proteccio-de-dades-2\/","title":{"rendered":"Protecci\u00f3 de Dades"},"content":{"rendered":"\n<p><strong>Pol\u00edtica de privacitat<\/strong><\/p>\n\n\n\n<p>Com Organitzaci\u00f3 no governamental per al Desenvolupament, <strong>ONGD registrada<\/strong>, i associaci\u00f3 declarada d&#8217;<strong>Utilitat P\u00fablica<\/strong>, complim amb la nova <a href=\"https:\/\/eur-lex.europa.eu\/legal-content\/EN\/TXT\/?uri=CELEX%3A02016R0679-20160504\" target=\"_blank\" rel=\"noopener\">Normativa Europea de Protecci\u00f3 de Dades<\/a>, que millora les garanties en el tractament de les teves dades personals i introdueix nous drets. Aquestes mesures <strong>reforcen la teva capacitat de controlar la informaci\u00f3 que comparteixes amb tercers<\/strong>. A continuaci\u00f3 podr\u00e0s con\u00e8ixer amb m\u00e9s detall la nostra nova pol\u00edtica de protecci\u00f3 de dades.<\/p>\n\n\n\n<p><strong>Qui \u00e9s el responsable del tractament de les seves dades?<\/strong><\/p>\n\n\n\n<p><strong>Associaci\u00f3 <em>be artsy<\/em><\/strong>, amb el CIF: G66869694 i domicili social Correu postal: Passatge Bellcaire-39, casa 26 &#8211; 17130 &#8211; L&#8217;Escala &#8211; Girona (Espanya). Correu electr\u00f2nic: <a href=\"mailto:info@beartsy.org\" target=\"_blank\" rel=\"noopener\">info@beartsy.org<\/a><\/p>\n\n\n\n<p><strong>Per a qu\u00e8 utilitzem les teves dades personals?<\/strong><\/p>\n\n\n\n<p>Les dades personals que ens has aportat es tractaran amb la finalitat d&#8217;oferir informaci\u00f3 sobre les activitats i informaci\u00f3 d&#8217;inter\u00e8s de <em><strong>be artsy<\/strong><\/em>. No es prendran decisions automatitzades d\u2019acord amb aquest perfil, sin\u00f3 que farem servir la informaci\u00f3 per remetre-li la informaci\u00f3 esmentada.<\/p>\n\n\n\n<p><strong>Per quant de temps conservem les teves dades?<\/strong><\/p>\n\n\n\n<p>Les dades personals proporcionades es conservaran fins al cessament de l&#8217;activitat per a la qual es va donar d&#8217;alta, al que vost\u00e8 consent amb l&#8217;acceptaci\u00f3 d&#8217;aquesta Pol\u00edtica de Protecci\u00f3 de dades, mentre no se sol\u00b7liciti la seva supressi\u00f3 per part de la persona interessada. Podr\u00e0 oposar-se en qualsevol moment a la conservaci\u00f3 de les seves dades per al tractament dels mateixos amb la finalitat de mantenir-lo informat, comunicant-ho per escrit a la seg\u00fcent adre\u00e7a de correu electr\u00f2nic: info@beartsy.org. La base legal per al tractament de les seves dades est\u00e0 basada en el consentiment que se li demana.<\/p>\n\n\n\n<p><strong>A qui comuniquem les teves dades?<\/strong><\/p>\n\n\n\n<p>No comuniquem les teves dades a tercers. Exclusivament per a poder processar les seves dades personals, atorguem acc\u00e9s de les seves dades personals a sub-processadors de dades. Garantim un nivell de protecci\u00f3 id\u00e8ntic en fer les obligacions contractuals que s\u00f3n oposables a aquests sub-processadors de dades, i que s\u00f3n id\u00e8ntiques a aquesta Pol\u00edtica de privacitat. Aquests s\u00f3n:<\/p>\n\n\n\n<p>.WordPress<br>.Mailchimp<\/p>\n\n\n\n<p>Treballem amb les plataformes de donacions &#8211; suport col\u00b7lectiu a projectes:<\/p>\n\n\n\n<p>.DonorBox<br>.Migranodearena.<\/p>\n\n\n\n<p>Totes dues tenen les seves pol\u00edtiques de protecci\u00f3 de dades d&#8217;acord amb les lleis vigents.<\/p>\n\n\n\n<p>Amb .GoCardless treballem el cobrament bancari de quotes de socis i s\u00f2cies. T\u00e9 les seves pol\u00edtiques de protecci\u00f3 de dades d&#8217;acord amb les lleis vigents.<\/p>\n\n\n\n<p><strong>Quins s\u00f3n els teus drets quan ens facilites les teves dades?<\/strong><\/p>\n\n\n\n<p>Vost\u00e8 pot exercir en qualsevol moment el dret a sol\u00b7licitar l&#8217;acc\u00e9s a les dades personals relatives a l&#8217;interessat, i la seva rectificaci\u00f3 o supressi\u00f3, la limitaci\u00f3 del seu tractament, a oposar-se al tractament, aix\u00ed com el dret a la portabilitat de les dades, dirigint-se a la seg\u00fcent adre\u00e7a de correu electr\u00f2nic: <a href=\"mailto:info@beartsy.org\" target=\"_blank\" rel=\"noopener\">info@beartsy.org<\/a>.<\/p>\n\n\n\n<p>Un cop rebuda aquesta sol\u00b7licitud, atendrem l&#8217;exercici dels seus drets en els terminis establerts legalment i en cas de no haver obtingut satisfacci\u00f3 en l&#8217;exercici dels seus drets podr\u00e0 presentar una reclamaci\u00f3 a l&#8217;Autoritat de control, Ag\u00e8ncia Espanyola de Protecci\u00f3 de Dades: <a href=\"https:\/\/www.aepd.es\/es\" target=\"_blank\" rel=\"noopener\">www.aepd.es<\/a><\/p>\n","protected":false},"excerpt":{"rendered":"<p>Pol\u00edtica de privacitat Com Organitzaci\u00f3 no governamental per al Desenvolupament, ONGD registrada, i associaci\u00f3 declarada d&#8217;Utilitat P\u00fablica, complim amb la nova Normativa Europea de Protecci\u00f3 de Dades, que millora les garanties en el tractament de les teves dades personals i introdueix nous drets. Aquestes mesures reforcen la teva capacitat de controlar la informaci\u00f3 que comparteixes [&hellip;]<\/p>\n","protected":false},"author":7,"featured_media":0,"parent":0,"menu_order":0,"comment_status":"closed","ping_status":"closed","template":"","meta":{"footnotes":""},"class_list":["post-17048","page","type-page","status-publish","hentry"],"_links":{"self":[{"href":"https:\/\/beartsy.org\/ca\/wp-json\/wp\/v2\/pages\/17048","targetHints":{"allow":["GET"]}}],"collection":[{"href":"https:\/\/beartsy.org\/ca\/wp-json\/wp\/v2\/pages"}],"about":[{"href":"https:\/\/beartsy.org\/ca\/wp-json\/wp\/v2\/types\/page"}],"author":[{"embeddable":true,"href":"https:\/\/beartsy.org\/ca\/wp-json\/wp\/v2\/users\/7"}],"replies":[{"embeddable":true,"href":"https:\/\/beartsy.org\/ca\/wp-json\/wp\/v2\/comments?post=17048"}],"version-history":[{"count":2,"href":"https:\/\/beartsy.org\/ca\/wp-json\/wp\/v2\/pages\/17048\/revisions"}],"predecessor-version":[{"id":38272,"href":"https:\/\/beartsy.org\/ca\/wp-json\/wp\/v2\/pages\/17048\/revisions\/38272"}],"wp:attachment":[{"href":"https:\/\/beartsy.org\/ca\/wp-json\/wp\/v2\/media?parent=17048"}],"curies":[{"name":"wp","href":"https:\/\/api.w.org\/{rel}","templated":true}]}}