{"id":16216,"date":"2021-05-05T12:00:38","date_gmt":"2021-05-05T10:00:38","guid":{"rendered":"https:\/\/beartsy.org\/be-artsy-ngo-facing-chhaupadi-in-nepal-since-2016\/"},"modified":"2026-04-07T13:34:52","modified_gmt":"2026-04-07T11:34:52","slug":"be-artsy-ngo-facing-chhaupadi-in-nepal-since-2016","status":"publish","type":"page","link":"https:\/\/beartsy.org\/ca\/","title":{"rendered":"Empoderant dones a trav\u00e9s de l&#8217;art. Com acabar amb el tab\u00fa menstrual."},"content":{"rendered":"\n<div class=\"wp-block-cover\"><img loading=\"lazy\" decoding=\"async\" width=\"2560\" height=\"1352\" class=\"wp-block-cover__image-background wp-image-16189\" alt=\"\" src=\"https:\/\/beartsy.org\/wp-content\/uploads\/2021\/05\/IMG_6594-cabecera-scaled.jpg\" data-object-fit=\"cover\" srcset=\"https:\/\/beartsy.org\/wp-content\/uploads\/2021\/05\/IMG_6594-cabecera-scaled.jpg 2560w, https:\/\/beartsy.org\/wp-content\/uploads\/2021\/05\/IMG_6594-cabecera-300x158.jpg 300w, https:\/\/beartsy.org\/wp-content\/uploads\/2021\/05\/IMG_6594-cabecera-1800x950.jpg 1800w, https:\/\/beartsy.org\/wp-content\/uploads\/2021\/05\/IMG_6594-cabecera-768x406.jpg 768w, https:\/\/beartsy.org\/wp-content\/uploads\/2021\/05\/IMG_6594-cabecera-1536x811.jpg 1536w, https:\/\/beartsy.org\/wp-content\/uploads\/2021\/05\/IMG_6594-cabecera-2048x1081.jpg 2048w\" sizes=\"auto, (max-width: 2560px) 100vw, 2560px\" \/><span aria-hidden=\"true\" class=\"wp-block-cover__background has-background-dim\" style=\"background-color:#906d65\"><\/span><div class=\"wp-block-cover__inner-container is-layout-constrained wp-block-cover-is-layout-constrained\">\n<p><\/p>\n\n\n\n<p><\/p>\n\n\n\n<p><\/p>\n\n\n\n<p class=\"has-text-align-center has-white-color has-text-color has-link-color has-large-font-size wp-elements-e674232060fd7616a5d79a4124781cde\">Projecte Rato Baltin<\/p>\n\n\n\n<p class=\"has-text-align-center has-white-color has-text-color has-link-color wp-elements-4bc88a75781ea2eb138c8c709c7a5002\"><strong>Salut Menstrual i empoderament femen\u00ed<\/strong><\/p>\n<\/div><\/div>\n\n\n\n<h2 class=\"wp-block-heading has-text-align-center\">Qu\u00e8 fem?<\/h2>\n\n\n\n<p class=\"has-text-align-center\">El projecte Rato Baltin promou des de 2017  l&#8217;apoderament de les dones de zones rurals del Nepal en els seus drets humans, sexuals i reproductius. Utilitza la fotografia participativa, l&#8217;educaci\u00f3 sobre salut menstrual i la formaci\u00f3 professional per ajudar-les a trencar amb la tradici\u00f3 del chhaupadi, beneficiant m\u00e9s de 100.000 participants fins avui.<\/p>\n\n\n\n<div class=\"wp-block-columns is-layout-flex wp-container-core-columns-is-layout-9d6595d7 wp-block-columns-is-layout-flex\">\n<div class=\"wp-block-column is-layout-flow wp-block-column-is-layout-flow\"><div class=\"wp-block-image\">\n<figure class=\"aligncenter size-large is-resized\"><img decoding=\"async\" src=\"https:\/\/beartsy.org\/wp-content\/uploads\/2024\/12\/Rato-Baltin-logo-vermell-727x1024.png\" alt=\"\" class=\"wp-image-36949\" style=\"width:202px;height:auto\"\/><\/figure>\n<\/div>\n\n\n<div style=\"height:30px\" aria-hidden=\"true\" class=\"wp-block-spacer\"><\/div>\n\n\n\n<h2 class=\"wp-block-heading has-text-align-center\">El projecte Rato Baltin consta de 3 branques<\/h2>\n<\/div>\n<\/div>\n\n\n\n<div class=\"wp-block-columns has-background is-layout-flex wp-container-core-columns-is-layout-9d6595d7 wp-block-columns-is-layout-flex\" style=\"background-color:#ff0037\">\n<div class=\"wp-block-column is-layout-flow wp-block-column-is-layout-flow\">\n<h2 class=\"wp-block-heading has-text-align-left has-white-color has-text-color has-link-color wp-elements-5513d11b8f7d96fc13e61609b7d5a8d4\"><a title=\"https:\/\/beartsy.org\/ca\/rato-baltin-project-chhaupadi-projecte-galleda-vermella\/\" href=\"https:\/\/beartsy.org\/ca\/rato-baltin-project-chhaupadi-projecte-galleda-vermella\/\" target=\"_blank\" rel=\"noreferrer noopener nofollow\">Galleda vermella<\/a><\/h2>\n\n\n\n<p class=\"has-white-color has-text-color has-link-color wp-elements-903ab5483b7b494daa0ca8ac64b78848\">El projecte <strong><em>Rato Baltin<\/em><\/strong> (Galleda Vermella) \u00e9s una iniciativa humanit\u00e0ria al Nepal que aborda la salut menstrual, la igualtat de g\u00e8nere i l&#8217;empoderament femen\u00ed mitjan\u00e7ant educaci\u00f3, distribuci\u00f3 de copes menstruals i tallers de fotografia participativa. El seu objectiu \u00e9s eliminar pr\u00e0ctiques nocives com el Chhaupadi i promoure el benestar de les dones i nenes a les comunitats rurals.<\/p>\n<\/div>\n\n\n\n<div class=\"wp-block-column is-layout-flow wp-block-column-is-layout-flow\">\n<h2 class=\"wp-block-heading has-text-align-left has-white-color has-text-color has-link-color wp-elements-5dd21ff5c84d2b756de43b07561b8761\"><a title=\"https:\/\/beartsy.org\/ca\/projecte-dones-felices\/\" href=\"https:\/\/beartsy.org\/ca\/projecte-dones-felices\/\" target=\"_blank\" rel=\"noreferrer noopener nofollow\">Happy Women<\/a><\/h2>\n\n\n\n<p class=\"has-white-color has-text-color has-link-color wp-elements-2489cc30059447c2a07fee48d983790d\">El Projecte <strong><em>Happy Women de be artsy <\/em><\/strong>empodera a les dones a Achham, Nepal, oferint formaci\u00f3 i oportunitats econ\u00f2miques per millorar la seva qualitat de vida. Amb un centre de formaci\u00f3, s&#8217;ensenyen habilitats pr\u00e0ctiques i s&#8217;estimula l&#8217;esperit emprenedor, contribuint al desenvolupament sostenible i l&#8217;autonomia econ\u00f2mica de les dones.<\/p>\n<\/div>\n\n\n\n<div class=\"wp-block-column is-layout-flow wp-block-column-is-layout-flow\">\n<h2 class=\"wp-block-heading has-text-align-left has-white-color has-text-color has-link-color wp-elements-4d6255b33e8eaf798df84c6383deaae0\"><a title=\"https:\/\/beartsy.org\/ca\/edufem\/\" href=\"https:\/\/beartsy.org\/ca\/edufem\/\" target=\"_blank\" rel=\"noreferrer noopener nofollow\">EduFem<\/a><\/h2>\n\n\n\n<p class=\"has-white-color has-text-color has-link-color wp-elements-42208d9207ce889133a031fb717b0bfa\">El projecte <strong><em>Edufem<\/em><\/strong> de be artsy a Nepal ofereix beques a nenes per assegurar el seu acc\u00e9s a l&#8217;educaci\u00f3, prevenint matrimonis preco\u00e7os. Aquest projecte es basa en la idea que, per cada any en el sistema educatiu, pot retardar uns 2 anys l&#8217;edat en qu\u00e8 les nenes es casen. A m\u00e9s, proporciona oportunitats laborals, promocionant la igualtat de g\u00e8nere i l&#8217;empoderament femen\u00ed a la comunitat.<\/p>\n<\/div>\n<\/div>\n\n\n\n<div class=\"wp-block-buttons is-content-justification-center is-layout-flex wp-container-core-buttons-is-layout-5590e8cb wp-block-buttons-is-layout-flex\">\n<div class=\"wp-block-button has-custom-width wp-block-button__width-50\"><a class=\"wp-block-button__link has-background has-medium-font-size has-text-align-center has-custom-font-size wp-element-button\" href=\"https:\/\/donorbox.org\/rato-baltin-cubo-rojo\" style=\"border-radius:14px;background-color:#ff0037\" target=\"_blank\" rel=\"noreferrer noopener nofollow\">VULL AJUDAR AMB UN DONATIU <\/a><\/div>\n<\/div>\n\n\n\n<div style=\"height:92px\" aria-hidden=\"true\" class=\"wp-block-spacer\"><\/div>\n\n\n\n<h2 class=\"wp-block-heading has-text-align-center\">El problema en 1 minut: &#8220;La Regla Mata&#8221;<\/h2>\n\n\n\n<iframe loading=\"lazy\" width=\"100%\" height=\"500\" src=\"https:\/\/www.youtube.com\/embed\/bf8EPKJW_N8?si=SIzgYirA2gux1TXL&#038;rel=0\" title=\"YouTube video player\" frameborder=\"0\" allow=\"accelerometer; autoplay; clipboard-write; encrypted-media; gyroscope; picture-in-picture; web-share\" referrerpolicy=\"strict-origin-when-cross-origin\" allowfullscreen><\/iframe>\n\n\n\n<div style=\"height:93px\" aria-hidden=\"true\" class=\"wp-block-spacer\"><\/div>\n\n\n\n<h2 class=\"wp-block-heading has-text-align-center\">Les teves donacions ara tenen recompenses!<\/h2>\n\n\n<div class=\"wp-block-image\">\n<figure class=\"aligncenter size-full\"><img loading=\"lazy\" decoding=\"async\" width=\"910\" height=\"500\" src=\"https:\/\/beartsy.org\/wp-content\/uploads\/2026\/03\/Catala.png\" alt=\"\" class=\"wp-image-38674\" srcset=\"https:\/\/beartsy.org\/wp-content\/uploads\/2026\/03\/Catala.png 910w, https:\/\/beartsy.org\/wp-content\/uploads\/2026\/03\/Catala-300x165.png 300w, https:\/\/beartsy.org\/wp-content\/uploads\/2026\/03\/Catala-768x422.png 768w\" sizes=\"auto, (max-width: 910px) 100vw, 910px\" \/><\/figure>\n<\/div>\n\n\n<div style=\"height:100px\" aria-hidden=\"true\" class=\"wp-block-spacer\"><\/div>\n\n\n\n<p>Amb el suport de: <\/p>\n\n\n\n<div class=\"wp-block-columns is-layout-flex wp-container-core-columns-is-layout-9d6595d7 wp-block-columns-is-layout-flex\">\n<div class=\"wp-block-column is-layout-flow wp-block-column-is-layout-flow\"><div class=\"wp-block-image wp-duotone-grayscale\">\n<figure class=\"aligncenter size-full is-resized\"><img loading=\"lazy\" decoding=\"async\" width=\"303\" height=\"216\" src=\"https:\/\/beartsy.org\/wp-content\/uploads\/2025\/02\/harm_accd_gencat_CA-vert-fonsTransp.png\" alt=\"\" class=\"wp-image-38204\" style=\"width:146px;height:auto\" srcset=\"https:\/\/beartsy.org\/wp-content\/uploads\/2025\/02\/harm_accd_gencat_CA-vert-fonsTransp.png 303w, https:\/\/beartsy.org\/wp-content\/uploads\/2025\/02\/harm_accd_gencat_CA-vert-fonsTransp-300x214.png 300w\" sizes=\"auto, (max-width: 303px) 100vw, 303px\" \/><\/figure>\n<\/div><\/div>\n\n\n\n<div class=\"wp-block-column is-layout-flow wp-block-column-is-layout-flow\"><div class=\"wp-block-image wp-duotone-grayscale\">\n<figure class=\"aligncenter size-full is-resized\"><img loading=\"lazy\" decoding=\"async\" width=\"480\" height=\"347\" src=\"https:\/\/beartsy.org\/wp-content\/uploads\/2025\/11\/Logo-Dipsalut-vertical-color-1.png\" alt=\"\" class=\"wp-image-38557\" style=\"width:145px;height:auto\" srcset=\"https:\/\/beartsy.org\/wp-content\/uploads\/2025\/11\/Logo-Dipsalut-vertical-color-1.png 480w, https:\/\/beartsy.org\/wp-content\/uploads\/2025\/11\/Logo-Dipsalut-vertical-color-1-300x217.png 300w\" sizes=\"auto, (max-width: 480px) 100vw, 480px\" \/><\/figure>\n<\/div><\/div>\n\n\n\n<div class=\"wp-block-column is-layout-flow wp-block-column-is-layout-flow\"><div class=\"wp-block-image wp-duotone-grayscale\">\n<figure class=\"aligncenter size-full is-resized\"><img loading=\"lazy\" decoding=\"async\" width=\"1620\" height=\"588\" src=\"https:\/\/beartsy.org\/wp-content\/uploads\/2025\/11\/Ajuntament-colorRGB-Danta-coloma-.jpg\" alt=\"\" class=\"wp-image-38550\" style=\"width:207px;height:auto\" srcset=\"https:\/\/beartsy.org\/wp-content\/uploads\/2025\/11\/Ajuntament-colorRGB-Danta-coloma-.jpg 1620w, https:\/\/beartsy.org\/wp-content\/uploads\/2025\/11\/Ajuntament-colorRGB-Danta-coloma--300x109.jpg 300w, https:\/\/beartsy.org\/wp-content\/uploads\/2025\/11\/Ajuntament-colorRGB-Danta-coloma--768x279.jpg 768w, https:\/\/beartsy.org\/wp-content\/uploads\/2025\/11\/Ajuntament-colorRGB-Danta-coloma--1536x558.jpg 1536w\" sizes=\"auto, (max-width: 1620px) 100vw, 1620px\" \/><\/figure>\n<\/div><\/div>\n<\/div>\n\n\n\n<div class=\"wp-block-columns is-layout-flex wp-container-core-columns-is-layout-9d6595d7 wp-block-columns-is-layout-flex\">\n<div class=\"wp-block-column is-layout-flow wp-block-column-is-layout-flow\"><div class=\"wp-block-image wp-duotone-grayscale\">\n<figure class=\"aligncenter size-full is-resized\"><img loading=\"lazy\" decoding=\"async\" width=\"1280\" height=\"434\" src=\"https:\/\/beartsy.org\/wp-content\/uploads\/2025\/11\/fundacio_barbera_solidaria.jpg\" alt=\"\" class=\"wp-image-38551\" style=\"width:150px;height:auto\" srcset=\"https:\/\/beartsy.org\/wp-content\/uploads\/2025\/11\/fundacio_barbera_solidaria.jpg 1280w, https:\/\/beartsy.org\/wp-content\/uploads\/2025\/11\/fundacio_barbera_solidaria-300x102.jpg 300w, https:\/\/beartsy.org\/wp-content\/uploads\/2025\/11\/fundacio_barbera_solidaria-768x260.jpg 768w\" sizes=\"auto, (max-width: 1280px) 100vw, 1280px\" \/><\/figure>\n<\/div><\/div>\n\n\n\n<div class=\"wp-block-column is-layout-flow wp-block-column-is-layout-flow\"><div class=\"wp-block-image wp-duotone-grayscale\">\n<figure class=\"aligncenter size-full is-resized\"><img loading=\"lazy\" decoding=\"async\" width=\"523\" height=\"590\" src=\"https:\/\/beartsy.org\/wp-content\/uploads\/2025\/11\/logo-aj-cb_v.png\" alt=\"\" class=\"wp-image-38553\" style=\"width:96px;height:auto\" srcset=\"https:\/\/beartsy.org\/wp-content\/uploads\/2025\/11\/logo-aj-cb_v.png 523w, https:\/\/beartsy.org\/wp-content\/uploads\/2025\/11\/logo-aj-cb_v-266x300.png 266w\" sizes=\"auto, (max-width: 523px) 100vw, 523px\" \/><\/figure>\n<\/div><\/div>\n\n\n\n<div class=\"wp-block-column is-layout-flow wp-block-column-is-layout-flow\"><div class=\"wp-block-image wp-duotone-grayscale\">\n<figure class=\"aligncenter size-full is-resized\"><img loading=\"lazy\" decoding=\"async\" width=\"400\" height=\"400\" src=\"https:\/\/beartsy.org\/wp-content\/uploads\/2025\/11\/KUUL6zql_400x400.jpg\" alt=\"\" class=\"wp-image-38552\" style=\"width:102px;height:auto\" srcset=\"https:\/\/beartsy.org\/wp-content\/uploads\/2025\/11\/KUUL6zql_400x400.jpg 400w, https:\/\/beartsy.org\/wp-content\/uploads\/2025\/11\/KUUL6zql_400x400-300x300.jpg 300w, https:\/\/beartsy.org\/wp-content\/uploads\/2025\/11\/KUUL6zql_400x400-150x150.jpg 150w, https:\/\/beartsy.org\/wp-content\/uploads\/2025\/11\/KUUL6zql_400x400-75x75.jpg 75w\" sizes=\"auto, (max-width: 400px) 100vw, 400px\" \/><\/figure>\n<\/div><\/div>\n<\/div>\n\n\n\n<div class=\"wp-block-columns is-layout-flex wp-container-core-columns-is-layout-9d6595d7 wp-block-columns-is-layout-flex\">\n<div class=\"wp-block-column is-layout-flow wp-block-column-is-layout-flow\"><div class=\"wp-block-image wp-duotone-grayscale\">\n<figure class=\"aligncenter size-full is-resized\"><img loading=\"lazy\" decoding=\"async\" width=\"8268\" height=\"5386\" src=\"https:\/\/beartsy.org\/wp-content\/uploads\/2025\/11\/Aj-Vert-Blau-sant-just-desvern.png\" alt=\"\" class=\"wp-image-38566\" style=\"width:135px;height:auto\" srcset=\"https:\/\/beartsy.org\/wp-content\/uploads\/2025\/11\/Aj-Vert-Blau-sant-just-desvern.png 8268w, https:\/\/beartsy.org\/wp-content\/uploads\/2025\/11\/Aj-Vert-Blau-sant-just-desvern-300x195.png 300w, https:\/\/beartsy.org\/wp-content\/uploads\/2025\/11\/Aj-Vert-Blau-sant-just-desvern-1572x1024.png 1572w, https:\/\/beartsy.org\/wp-content\/uploads\/2025\/11\/Aj-Vert-Blau-sant-just-desvern-768x500.png 768w, https:\/\/beartsy.org\/wp-content\/uploads\/2025\/11\/Aj-Vert-Blau-sant-just-desvern-1536x1001.png 1536w\" sizes=\"auto, (max-width: 8268px) 100vw, 8268px\" \/><\/figure>\n<\/div><\/div>\n\n\n\n<div class=\"wp-block-column is-layout-flow wp-block-column-is-layout-flow\"><div class=\"wp-block-image wp-duotone-grayscale\">\n<figure class=\"aligncenter size-full is-resized\"><img loading=\"lazy\" decoding=\"async\" width=\"225\" height=\"224\" src=\"https:\/\/beartsy.org\/wp-content\/uploads\/2025\/11\/Comgi.jpg\" alt=\"\" class=\"wp-image-38565\" style=\"width:152px;height:auto\" srcset=\"https:\/\/beartsy.org\/wp-content\/uploads\/2025\/11\/Comgi.jpg 225w, https:\/\/beartsy.org\/wp-content\/uploads\/2025\/11\/Comgi-150x150.jpg 150w, https:\/\/beartsy.org\/wp-content\/uploads\/2025\/11\/Comgi-75x75.jpg 75w\" sizes=\"auto, (max-width: 225px) 100vw, 225px\" \/><\/figure>\n<\/div><\/div>\n\n\n\n<div class=\"wp-block-column is-layout-flow wp-block-column-is-layout-flow\"><div class=\"wp-block-image wp-duotone-grayscale\">\n<figure class=\"aligncenter size-full is-resized\"><img loading=\"lazy\" decoding=\"async\" width=\"1218\" height=\"1330\" src=\"https:\/\/beartsy.org\/wp-content\/uploads\/2025\/11\/AJ_SABADELL_CENTRAT_1T_POSITIU.png\" alt=\"\" class=\"wp-image-38567\" style=\"width:97px;height:auto\" srcset=\"https:\/\/beartsy.org\/wp-content\/uploads\/2025\/11\/AJ_SABADELL_CENTRAT_1T_POSITIU.png 1218w, https:\/\/beartsy.org\/wp-content\/uploads\/2025\/11\/AJ_SABADELL_CENTRAT_1T_POSITIU-275x300.png 275w, https:\/\/beartsy.org\/wp-content\/uploads\/2025\/11\/AJ_SABADELL_CENTRAT_1T_POSITIU-938x1024.png 938w, https:\/\/beartsy.org\/wp-content\/uploads\/2025\/11\/AJ_SABADELL_CENTRAT_1T_POSITIU-768x839.png 768w\" sizes=\"auto, (max-width: 1218px) 100vw, 1218px\" \/><\/figure>\n<\/div><\/div>\n<\/div>\n\n\n\n<div class=\"wp-block-columns is-layout-flex wp-container-core-columns-is-layout-9d6595d7 wp-block-columns-is-layout-flex\">\n<div class=\"wp-block-column is-layout-flow wp-block-column-is-layout-flow\"><\/div>\n\n\n\n<div class=\"wp-block-column is-layout-flow wp-block-column-is-layout-flow\"><\/div>\n<\/div>\n\n\n\n<div class=\"wp-block-columns is-layout-flex wp-container-core-columns-is-layout-9d6595d7 wp-block-columns-is-layout-flex\">\n<div class=\"wp-block-column is-layout-flow wp-block-column-is-layout-flow\">\n<div class=\"wp-block-columns is-layout-flex wp-container-core-columns-is-layout-9d6595d7 wp-block-columns-is-layout-flex\">\n<div class=\"wp-block-column is-layout-flow wp-block-column-is-layout-flow\">\n<figure class=\"wp-block-pullquote has-white-color has-vivid-cyan-blue-background-color has-text-color has-background has-link-color wp-elements-1696927825c577b3de54e62f32f706cc\"><blockquote><p>Suport Esperan\u00e7ador<\/p><cite><a href=\"https:\/\/donorbox.org\/against-chhaupadi\" target=\"_blank\" rel=\"noopener nofollow\" title=\"Fes una donaci\u00f3\">Fes una donaci\u00f3<\/a><\/cite><\/blockquote><\/figure>\n<\/div>\n\n\n\n<div class=\"wp-block-column is-layout-flow wp-block-column-is-layout-flow\">\n<figure class=\"wp-block-pullquote has-white-color has-vivid-red-background-color has-text-color has-background has-link-color wp-elements-76a98d7dde9ff54d04b1ad1e5320ff46\"><blockquote><p>Comen\u00e7a a canviar vides<\/p><cite><a href=\"https:\/\/donorbox.org\/be-artsy-membership\" target=\"_blank\" rel=\"noopener nofollow\" title=\"\">Involucra&#8217;t<\/a><\/cite><\/blockquote><\/figure>\n<\/div>\n\n\n\n<div class=\"wp-block-column is-layout-flow wp-block-column-is-layout-flow\">\n<figure class=\"wp-block-pullquote has-white-color has-vivid-purple-background-color has-text-color has-background has-link-color wp-elements-3d58da75f173838bd7b4d4f406dae070\"><blockquote><p>Voluntariat per a les persones<\/p><cite><a href=\"https:\/\/beartsy.org\/ca\/voluntariat\/\" target=\"_blank\" rel=\"noopener\" title=\"Voluntariat i pol\u00edtica de Protecci\u00f3\">Voluntariat<\/a><\/cite><\/blockquote><\/figure>\n<\/div>\n<\/div>\n<\/div>\n<\/div>\n\n\n\n<hr class=\"wp-block-separator has-css-opacity\"\/>\n\n\n\n<div class=\"wp-block-columns is-layout-flex wp-container-core-columns-is-layout-9d6595d7 wp-block-columns-is-layout-flex\">\n<div class=\"wp-block-column is-layout-flow wp-block-column-is-layout-flow\" style=\"flex-basis:30%\">\n<figure class=\"wp-block-image size-full is-resized\"><img decoding=\"async\" src=\"https:\/\/beartsy.org\/wp-content\/uploads\/2024\/12\/Charity-shop.png\" alt=\"\" class=\"wp-image-38603\" style=\"width:301px;height:auto\"\/><\/figure>\n<\/div>\n\n\n\n<div class=\"wp-block-column is-layout-flow wp-block-column-is-layout-flow\" style=\"flex-basis:70%\">\n<h2 class=\"wp-block-heading\">Happy Women of be artsy<\/h2>\n\n\n\n<p>Per aconseguir finan\u00e7ament per al projecte, a m\u00e9s de les contribucions de les persones associades, les empreses col\u00b7laboradores i les subvencions d&#8217;alguns ajuntaments pels quals estem molt agra\u00efdes, hem iniciat una l\u00ednia de productes solidaris, de manera volunt\u00e0ria, que intercanviem per donacions en mercats i fires.<\/p>\n<\/div>\n<\/div>\n\n\n\n<p><\/p>\n","protected":false},"excerpt":{"rendered":"<p>Qu\u00e8 fem? El projecte Rato Baltin promou des de 2017 l&#8217;apoderament de les dones de zones rurals del Nepal en els seus drets humans, sexuals i reproductius. Utilitza la fotografia participativa, l&#8217;educaci\u00f3 sobre salut menstrual i la formaci\u00f3 professional per ajudar-les a trencar amb la tradici\u00f3 del chhaupadi, beneficiant m\u00e9s de 100.000 participants fins avui. [&hellip;]<\/p>\n","protected":false},"author":1,"featured_media":16189,"parent":0,"menu_order":0,"comment_status":"closed","ping_status":"closed","template":"template-fullwidth-no-title.php","meta":{"footnotes":""},"class_list":["post-16216","page","type-page","status-publish","has-post-thumbnail","hentry"],"_links":{"self":[{"href":"https:\/\/beartsy.org\/ca\/wp-json\/wp\/v2\/pages\/16216","targetHints":{"allow":["GET"]}}],"collection":[{"href":"https:\/\/beartsy.org\/ca\/wp-json\/wp\/v2\/pages"}],"about":[{"href":"https:\/\/beartsy.org\/ca\/wp-json\/wp\/v2\/types\/page"}],"author":[{"embeddable":true,"href":"https:\/\/beartsy.org\/ca\/wp-json\/wp\/v2\/users\/1"}],"replies":[{"embeddable":true,"href":"https:\/\/beartsy.org\/ca\/wp-json\/wp\/v2\/comments?post=16216"}],"version-history":[{"count":24,"href":"https:\/\/beartsy.org\/ca\/wp-json\/wp\/v2\/pages\/16216\/revisions"}],"predecessor-version":[{"id":38682,"href":"https:\/\/beartsy.org\/ca\/wp-json\/wp\/v2\/pages\/16216\/revisions\/38682"}],"wp:featuredmedia":[{"embeddable":true,"href":"https:\/\/beartsy.org\/ca\/wp-json\/wp\/v2\/media\/16189"}],"wp:attachment":[{"href":"https:\/\/beartsy.org\/ca\/wp-json\/wp\/v2\/media?parent=16216"}],"curies":[{"name":"wp","href":"https:\/\/api.w.org\/{rel}","templated":true}]}}