{"id":12587,"date":"2021-02-01T16:39:56","date_gmt":"2021-02-01T14:39:56","guid":{"rendered":"https:\/\/beartsy.org\/?page_id=12587"},"modified":"2026-03-26T13:53:54","modified_gmt":"2026-03-26T11:53:54","slug":"projecte-dones-felices","status":"publish","type":"page","link":"https:\/\/beartsy.org\/ca\/projecte-dones-felices\/","title":{"rendered":"Centre de formaci\u00f3 Happy Women"},"content":{"rendered":"\n<div class=\"wp-block-columns is-layout-flex wp-container-core-columns-is-layout-9d6595d7 wp-block-columns-is-layout-flex\">\n<div class=\"wp-block-column is-layout-flow wp-block-column-is-layout-flow\" style=\"flex-basis:100%\">\n<div class=\"wp-block-group\"><div class=\"wp-block-group__inner-container is-layout-flow wp-block-group-is-layout-flow\">\n<div class=\"wp-block-columns is-layout-flex wp-container-core-columns-is-layout-9d6595d7 wp-block-columns-is-layout-flex\">\n<div class=\"wp-block-column is-layout-flow wp-block-column-is-layout-flow\">\n<blockquote class=\"wp-block-quote is-layout-flow wp-block-quote-is-layout-flow\">\n<p>A Achham, a l\u2019oest del Nepal, moltes dones no han tingut mai l\u2019oportunitat de decidir sobre la seva pr\u00f2pia vida.<\/p>\n\n\n\n<p>Algunes han quedat v\u00eddues molt joves i, quan mor el marit, s\u00f3n expulsades de casa i perden l\u2019acc\u00e9s a la terra.<\/p>\n\n\n\n<p>Altres han estat casades abans dels 18 anys. Matrimonis infantils que sovint no estan registrats. Quan s\u00f3n abandonades, no tenen cap reconeixement legal ni suport institucional o social.<\/p>\n\n\n\n<p>A totes elles se les coneix com a \u201cdones soles\u201d.<\/p>\n\n\n\n<p>Per\u00f2 totes comparteixen una mateixa realitat: la manca d\u2019oportunitats per construir un futur amb autonomia.<\/p>\n\n\n\n<p>El Happy Women Training Center neix precisament aqu\u00ed. No com un espai formatiu m\u00e9s, sin\u00f3 com un lloc on comen\u00e7ar de nou.<\/p>\n<\/blockquote>\n\n\n\n<hr class=\"wp-block-separator has-alpha-channel-opacity\"\/>\n\n\n\n<h3 class=\"wp-block-heading\">Quan una dona no t\u00e9 ingressos, no pot decidir.<br>Quan no pot decidir, no pot sortir de situacions de viol\u00e8ncia, depend\u00e8ncia o exclusi\u00f3.<\/h3>\n\n\n\n<blockquote class=\"wp-block-quote is-layout-flow wp-block-quote-is-layout-flow\">\n<p>Durant anys, hem treballat en salut menstrual i educaci\u00f3. Per\u00f2 hi havia una pregunta que no pod\u00edem ignorar:<\/p>\n\n\n\n<p><strong>qu\u00e8 passa despr\u00e9s?<\/strong><\/p>\n\n\n\n<p>El canvi real no arriba nom\u00e9s amb informaci\u00f3.<br>Arriba quan una dona pot generar els seus propis ingressos, sostenir-se i ser reconeguda dins la seva comunitat.<\/p>\n\n\n\n<p>Per aix\u00f2 vam crear el Happy Women Training Center:<br>per passar de la sensibilitzaci\u00f3 a l\u2019autonomia.<\/p>\n<\/blockquote>\n\n\n\n<hr class=\"wp-block-separator has-alpha-channel-opacity\"\/>\n\n\n\n<h3 class=\"wp-block-heading\">Avui, el projecte forma part de l\u2019estrat\u00e8gia global de be artsy per generar canvis sostenibles a llarg termini.<\/h3>\n\n\n\n<blockquote class=\"wp-block-quote is-layout-flow wp-block-quote-is-layout-flow\">\n<p><strong><strong>Impacte global fins al 2026 del projecte Rato Baltin:<\/strong><\/strong><\/p>\n\n\n\n<ul class=\"wp-block-list\">\n<li>105.931 persones han participat en els nostres projectes<\/li>\n\n\n\n<li>5.835 noies utilitzen actualment la copa menstrual a Achham<\/li>\n<\/ul>\n\n\n\n<p><strong>Des del Happy Women Training Center:<\/strong><\/p>\n\n\n\n<ul class=\"wp-block-list\">\n<li>Formaci\u00f3 en costura i producci\u00f3 de compreses reutilitzables<\/li>\n\n\n\n<li>Tallers d\u2019encens amb materials locals<\/li>\n\n\n\n<li>Tallers de conserves<\/li>\n\n\n\n<li>Tallers de sabons naturals<\/li>\n\n\n\n<li>Espais segurs per a dones en situaci\u00f3 de vulnerabilitat<\/li>\n<\/ul>\n\n\n\n<p>Aquest centre no nom\u00e9s ofereix formaci\u00f3.<br>Ofereix una alternativa real a la depend\u00e8ncia econ\u00f2mica.<\/p>\n\n\n\n<hr class=\"wp-block-separator has-alpha-channel-opacity\"\/>\n\n\n\n<p><strong>Tu tamb\u00e9 pots formar part d\u2019aquest canvi.<\/strong><\/p>\n\n\n\n<p>Amb el teu suport:<\/p>\n\n\n\n<ul class=\"wp-block-list\">\n<li>una dona pot accedir a formaci\u00f3<\/li>\n\n\n\n<li>pot generar ingressos<\/li>\n\n\n\n<li>pot decidir sobre la seva vida<\/li>\n<\/ul>\n<\/blockquote>\n<\/div>\n\n\n\n<div class=\"wp-block-column is-layout-flow wp-block-column-is-layout-flow\" style=\"flex-basis:40%\">\n<p><script src=\"https:\/\/donorbox.org\/widget.js\" paypalexpress=\"true\"><\/script><iframe loading=\"lazy\" style=\"max-width: 500px; min-width: 250px; max-height: none!important;\" src=\"https:\/\/donorbox.org\/embed\/happy-women-project\" name=\"donorbox\" width=\"100%\" height=\"900px\" frameborder=\"0\" scrolling=\"no\" seamless=\"seamless\"><\/iframe><\/p>\n<\/div>\n<\/div>\n<\/div><\/div>\n<\/div>\n<\/div>\n\n\n\n<figure class=\"wp-block-gallery has-nested-images columns-default is-cropped wp-block-gallery-1 is-layout-flex wp-block-gallery-is-layout-flex\">\n<figure class=\"wp-block-image size-large\"><img decoding=\"async\" data-id=\"38703\" src=\"https:\/\/beartsy.org\/wp-content\/uploads\/2026\/03\/IMG-20231012-WA0148-1.jpg\" alt=\"\" class=\"wp-image-38703\"\/><\/figure>\n\n\n\n<figure class=\"wp-block-image size-large\"><img loading=\"lazy\" decoding=\"async\" width=\"1536\" height=\"1024\" data-id=\"38707\" src=\"https:\/\/beartsy.org\/wp-content\/uploads\/2026\/03\/IMG_8853-1-1536x1024.jpg\" alt=\"\" class=\"wp-image-38707\" srcset=\"https:\/\/beartsy.org\/wp-content\/uploads\/2026\/03\/IMG_8853-1-1536x1024.jpg 1536w, https:\/\/beartsy.org\/wp-content\/uploads\/2026\/03\/IMG_8853-1-300x200.jpg 300w, https:\/\/beartsy.org\/wp-content\/uploads\/2026\/03\/IMG_8853-1-768x512.jpg 768w, https:\/\/beartsy.org\/wp-content\/uploads\/2026\/03\/IMG_8853-1-2048x1365.jpg 2048w, https:\/\/beartsy.org\/wp-content\/uploads\/2026\/03\/IMG_8853-1-272x182.jpg 272w\" sizes=\"auto, (max-width: 1536px) 100vw, 1536px\" \/><\/figure>\n\n\n\n<figure class=\"wp-block-image size-large\"><img loading=\"lazy\" decoding=\"async\" width=\"1365\" height=\"1024\" data-id=\"38704\" src=\"https:\/\/beartsy.org\/wp-content\/uploads\/2026\/03\/IMG_5230-1-1365x1024.jpg\" alt=\"\" class=\"wp-image-38704\" srcset=\"https:\/\/beartsy.org\/wp-content\/uploads\/2026\/03\/IMG_5230-1-1365x1024.jpg 1365w, https:\/\/beartsy.org\/wp-content\/uploads\/2026\/03\/IMG_5230-1-300x225.jpg 300w, https:\/\/beartsy.org\/wp-content\/uploads\/2026\/03\/IMG_5230-1-768x576.jpg 768w, https:\/\/beartsy.org\/wp-content\/uploads\/2026\/03\/IMG_5230-1-1536x1152.jpg 1536w, https:\/\/beartsy.org\/wp-content\/uploads\/2026\/03\/IMG_5230-1-2048x1536.jpg 2048w\" sizes=\"auto, (max-width: 1365px) 100vw, 1365px\" \/><\/figure>\n\n\n\n<figure class=\"wp-block-image size-large\"><img loading=\"lazy\" decoding=\"async\" width=\"1536\" height=\"1024\" data-id=\"38706\" src=\"https:\/\/beartsy.org\/wp-content\/uploads\/2026\/03\/IMG_0229-min-1-1536x1024.jpg\" alt=\"\" class=\"wp-image-38706\" srcset=\"https:\/\/beartsy.org\/wp-content\/uploads\/2026\/03\/IMG_0229-min-1-1536x1024.jpg 1536w, https:\/\/beartsy.org\/wp-content\/uploads\/2026\/03\/IMG_0229-min-1-300x200.jpg 300w, https:\/\/beartsy.org\/wp-content\/uploads\/2026\/03\/IMG_0229-min-1-768x512.jpg 768w, https:\/\/beartsy.org\/wp-content\/uploads\/2026\/03\/IMG_0229-min-1-2048x1365.jpg 2048w, https:\/\/beartsy.org\/wp-content\/uploads\/2026\/03\/IMG_0229-min-1-272x182.jpg 272w\" sizes=\"auto, (max-width: 1536px) 100vw, 1536px\" \/><\/figure>\n<\/figure>\n","protected":false},"excerpt":{"rendered":"<p>A Achham, a l\u2019oest del Nepal, moltes dones no han tingut mai l\u2019oportunitat de decidir sobre la seva pr\u00f2pia vida. Algunes han quedat v\u00eddues molt joves i, quan mor el marit, s\u00f3n expulsades de casa i perden l\u2019acc\u00e9s a la terra. Altres han estat casades abans dels 18 anys. Matrimonis infantils que sovint no estan [&hellip;]<\/p>\n","protected":false},"author":1,"featured_media":38689,"parent":0,"menu_order":0,"comment_status":"closed","ping_status":"closed","template":"template-fullwidth.php","meta":{"footnotes":""},"class_list":["post-12587","page","type-page","status-publish","has-post-thumbnail","hentry"],"_links":{"self":[{"href":"https:\/\/beartsy.org\/ca\/wp-json\/wp\/v2\/pages\/12587","targetHints":{"allow":["GET"]}}],"collection":[{"href":"https:\/\/beartsy.org\/ca\/wp-json\/wp\/v2\/pages"}],"about":[{"href":"https:\/\/beartsy.org\/ca\/wp-json\/wp\/v2\/types\/page"}],"author":[{"embeddable":true,"href":"https:\/\/beartsy.org\/ca\/wp-json\/wp\/v2\/users\/1"}],"replies":[{"embeddable":true,"href":"https:\/\/beartsy.org\/ca\/wp-json\/wp\/v2\/comments?post=12587"}],"version-history":[{"count":7,"href":"https:\/\/beartsy.org\/ca\/wp-json\/wp\/v2\/pages\/12587\/revisions"}],"predecessor-version":[{"id":38719,"href":"https:\/\/beartsy.org\/ca\/wp-json\/wp\/v2\/pages\/12587\/revisions\/38719"}],"wp:featuredmedia":[{"embeddable":true,"href":"https:\/\/beartsy.org\/ca\/wp-json\/wp\/v2\/media\/38689"}],"wp:attachment":[{"href":"https:\/\/beartsy.org\/ca\/wp-json\/wp\/v2\/media?parent=12587"}],"curies":[{"name":"wp","href":"https:\/\/api.w.org\/{rel}","templated":true}]}}